{"id":3577,"date":"2025-12-17T19:53:13","date_gmt":"2025-12-17T18:53:13","guid":{"rendered":"https:\/\/velvetgym.pl\/?post_type=product&#038;p=3577"},"modified":"2026-03-07T20:08:54","modified_gmt":"2026-03-07T19:08:54","slug":"voucher-karnet-roczny-open-strefa-nano-gym-kopia","status":"publish","type":"product","link":"https:\/\/velvetgym.pl\/en\/product\/voucher-karnet-roczny-open-strefa-nano-gym-kopia\/","title":{"rendered":"Voucher \u2013 OPEN Annual Pass | Nano Gym Zone"},"content":{"rendered":"<div class=\"velvet-text-vanilla\">\n<h2>Voucher na si\u0142owni\u0119 w J\u00f3zefowie \u2013 roczny OPEN w Velvet Gym<\/h2>\n<p>\ud83c\udf81 <strong>Voucher na si\u0142owni\u0119 w J\u00f3zefowie \u2013 roczny karnet OPEN do strefy Nano Gym<\/strong> to wyj\u0105tkowy prezent dla osoby, kt\u00f3ra chce regularnie trenowa\u0107 i rozwija\u0107 swoj\u0105 si\u0142\u0119, kondycj\u0119 oraz sprawno\u015b\u0107 przez ca\u0142y rok.<\/p>\n<p>\ud83d\udcaa Trening w <strong>si\u0142owni Nano Gym<\/strong> w Velvet Gym \u0142\u0105czy <strong>trening si\u0142owy oraz trening funkcjonalny<\/strong>, dzi\u0119ki czemu pomaga budowa\u0107 si\u0142\u0119, poprawia\u0107 kondycj\u0119 i rozwija\u0107 og\u00f3ln\u0105 sprawno\u015b\u0107 fizyczn\u0105.<\/p>\n<h3>Co obejmuje voucher<\/h3>\n<ul>\n<li>\ud83c\udfcb\ufe0f Dost\u0119p do trening\u00f3w indywidualnych oraz <strong>trening\u00f3w grupowych<\/strong><\/li>\n<li>\ud83d\udcc8 Treningi dostosowane do poziomu zaawansowania \u0107wicz\u0105cego<\/li>\n<li>\ud83d\udd52 Dost\u0119p OPEN do strefy treningowej \u2013 wej\u015bcie do klubu w tygodniu 6:00\u201322:00 oraz w weekendy 8:00\u201320:00<\/li>\n<li>\ud83d\udc68\u200d\ud83c\udfeb Wsparcie trenera podczas trening\u00f3w grupowych<\/li>\n<li>\ud83d\udda5\ufe0f Wirtualny trener obecny na sali przez ca\u0142y czas \u2013 technologia Nano Gym<\/li>\n<li>\ud83d\udcf1 Aplikacja do \u015bledzenia post\u0119p\u00f3w oraz planu treningowego<\/li>\n<\/ul>\n<h3>Wyposa\u017cenie si\u0142owni Nano Gym<\/h3>\n<p>\ud83c\udfcb\ufe0f Na sali znajdziesz m.in.: sztangi, \u0142awki, hantle od 1 kg do 40 kg, balance bags, pi\u0142ki lekarskie, ergometr wio\u015blarski, airbike oraz sanki treningowe.<\/p>\n<h3>Dlaczego warto wybra\u0107 Velvet Gym<\/h3>\n<p>\u2728 Velvet Gym to kameralne, butikowe miejsce treningowe w J\u00f3zefowie. \u0141\u0105czymy korzy\u015bci z intensywnego treningu z komfortow\u0105 atmosfer\u0105. Mo\u017cesz skupi\u0107 si\u0119 na w\u0142asnym treningu lub \u0107wiczy\u0107 w \u015bwietnym towarzystwie naszych Klubowicz\u00f3w podczas trening\u00f3w grupowych i warsztat\u00f3w techniki \u0107wicze\u0144.<\/p>\n<h3>Czym jest si\u0142ownia Nano Gym<\/h3>\n<p>\ud83d\udd17 Zobacz jak wygl\u0105da trening w naszej strefie: <a href=\"https:\/\/velvetgym.pl\/en\/nanogym\/\" target=\"_blank\" rel=\"noopener noreferrer\">si\u0142ownia Nano Gym w Velvet Gym<\/a><\/p>\n<p>\ud83d\udca1 <strong>Voucher na si\u0142owni\u0119 w J\u00f3zefowie to idealny prezent dla osoby, kt\u00f3ra chce regularnie trenowa\u0107 i rozwija\u0107 swoj\u0105 form\u0119 przez ca\u0142y rok.<\/strong><\/p>\n<hr \/>\n<p>\ud83d\udce9 <strong>Po zakupie skontaktujemy si\u0119 z Tob\u0105, aby ustali\u0107 szczeg\u00f3\u0142y realizacji Twojego zam\u00f3wienia.<\/strong><\/p>\n<\/div>","protected":false},"excerpt":{"rendered":"<p>&lt;div class=&quot;&rdquo;velvet-text-vanilla&rdquo;&quot;&gt;<\/p>\n<p>\ud83c\udf81 &lt;strong&gt;Voucher na si\u0142owni\u0119 w J&oacute;zefowie &ndash; roczny karnet OPEN do strefy Nano Gym&lt;\/strong&gt; w Velvet Gym.<\/p>\n<p>\ud83d\udcaa Trening si\u0142owy i funkcjonalny w nowoczesnej przestrzeni treningowej, dost\u0119p OPEN do klubu oraz wsparcie trener\u00f3w i technologii Nano Gym.<\/p>\n<p>\u2728 Idealny prezent dla osoby, kt\u00f3ra chce regularnie trenowa\u0107 i rozwija\u0107 swoj\u0105 form\u0119 przez ca\u0142y rok.<\/p>\n<p>&lt;\/div&gt;<\/p>","protected":false},"featured_media":3495,"template":"","meta":[],"product_brand":[],"product_cat":[45],"product_tag":[],"class_list":{"0":"post-3577","1":"product","2":"type-product","3":"status-publish","4":"has-post-thumbnail","6":"product_cat-voucher","8":"first","9":"instock","10":"taxable","11":"shipping-taxable","12":"purchasable","13":"product-type-simple"},"yoast_head":"<!-- This site is optimized with the Yoast SEO Premium plugin v27.2 (Yoast SEO v27.4) - https:\/\/yoast.com\/product\/yoast-seo-premium-wordpress\/ -->\n<title>Voucher si\u0142ownia J\u00f3zef\u00f3w \u2013 roczny OPEN | Velvet Gym<\/title>\n<meta name=\"description\" content=\"Voucher na si\u0142owni\u0119 w Velvet Gym w J\u00f3zefowie. Roczny karnet OPEN do strefy Nano Gym \u2013 trening si\u0142owy i funkcjonalny przez ca\u0142y rok.\" \/>\n<meta name=\"robots\" content=\"index, follow, max-snippet:-1, max-image-preview:large, max-video-preview:-1\" \/>\n<link rel=\"canonical\" href=\"https:\/\/velvetgym.pl\/en\/produkt\/voucher-karnet-roczny-open-strefa-nano-gym-kopia\/\" \/>\n<meta property=\"og:locale\" content=\"en_GB\" \/>\n<meta property=\"og:type\" content=\"article\" \/>\n<meta property=\"og:title\" content=\"Voucher \u2013 Karnet roczny OPEN | Strefa Nano Gym\" \/>\n<meta property=\"og:description\" content=\"Voucher na si\u0142owni\u0119 w Velvet Gym w J\u00f3zefowie. Roczny karnet OPEN do strefy Nano Gym \u2013 trening si\u0142owy i funkcjonalny przez ca\u0142y rok.\" \/>\n<meta property=\"og:url\" content=\"https:\/\/velvetgym.pl\/en\/produkt\/voucher-karnet-roczny-open-strefa-nano-gym-kopia\/\" \/>\n<meta property=\"og:site_name\" content=\"Velvet Gym\" \/>\n<meta property=\"article:publisher\" content=\"https:\/\/www.facebook.com\/profile.php?id=61576771920334\" \/>\n<meta property=\"article:modified_time\" content=\"2026-03-07T19:08:54+00:00\" \/>\n<meta property=\"og:image\" content=\"https:\/\/velvetgym.pl\/wp-content\/uploads\/2025\/12\/NanoGym_VelvetGym-53.webp\" \/>\n\t<meta property=\"og:image:width\" content=\"2048\" \/>\n\t<meta property=\"og:image:height\" content=\"1536\" \/>\n\t<meta property=\"og:image:type\" content=\"image\/webp\" \/>\n<meta name=\"twitter:card\" content=\"summary_large_image\" \/>\n<meta name=\"twitter:label1\" content=\"Estimated reading time\" \/>\n\t<meta name=\"twitter:data1\" content=\"2 minutes\" \/>\n<script type=\"application\/ld+json\" class=\"yoast-schema-graph\">{\"@context\":\"https:\\\/\\\/schema.org\",\"@graph\":[{\"@type\":\"WebPage\",\"@id\":\"https:\\\/\\\/velvetgym.pl\\\/produkt\\\/voucher-karnet-roczny-open-strefa-nano-gym-kopia\\\/\",\"url\":\"https:\\\/\\\/velvetgym.pl\\\/produkt\\\/voucher-karnet-roczny-open-strefa-nano-gym-kopia\\\/\",\"name\":\"Voucher si\u0142ownia J\u00f3zef\u00f3w \u2013 roczny OPEN | Velvet Gym\",\"isPartOf\":{\"@id\":\"https:\\\/\\\/velvetgym.pl\\\/#website\"},\"primaryImageOfPage\":{\"@id\":\"https:\\\/\\\/velvetgym.pl\\\/produkt\\\/voucher-karnet-roczny-open-strefa-nano-gym-kopia\\\/#primaryimage\"},\"image\":{\"@id\":\"https:\\\/\\\/velvetgym.pl\\\/produkt\\\/voucher-karnet-roczny-open-strefa-nano-gym-kopia\\\/#primaryimage\"},\"thumbnailUrl\":\"https:\\\/\\\/velvetgym.pl\\\/wp-content\\\/uploads\\\/2025\\\/12\\\/NanoGym_VelvetGym-53.webp\",\"datePublished\":\"2025-12-17T18:53:13+00:00\",\"dateModified\":\"2026-03-07T19:08:54+00:00\",\"description\":\"Voucher na si\u0142owni\u0119 w Velvet Gym w J\u00f3zefowie. Roczny karnet OPEN do strefy Nano Gym \u2013 trening si\u0142owy i funkcjonalny przez ca\u0142y rok.\",\"breadcrumb\":{\"@id\":\"https:\\\/\\\/velvetgym.pl\\\/produkt\\\/voucher-karnet-roczny-open-strefa-nano-gym-kopia\\\/#breadcrumb\"},\"inLanguage\":\"en-GB\",\"potentialAction\":[{\"@type\":\"ReadAction\",\"target\":[\"https:\\\/\\\/velvetgym.pl\\\/produkt\\\/voucher-karnet-roczny-open-strefa-nano-gym-kopia\\\/\"]}]},{\"@type\":\"ImageObject\",\"inLanguage\":\"en-GB\",\"@id\":\"https:\\\/\\\/velvetgym.pl\\\/produkt\\\/voucher-karnet-roczny-open-strefa-nano-gym-kopia\\\/#primaryimage\",\"url\":\"https:\\\/\\\/velvetgym.pl\\\/wp-content\\\/uploads\\\/2025\\\/12\\\/NanoGym_VelvetGym-53.webp\",\"contentUrl\":\"https:\\\/\\\/velvetgym.pl\\\/wp-content\\\/uploads\\\/2025\\\/12\\\/NanoGym_VelvetGym-53.webp\",\"width\":2048,\"height\":1536,\"caption\":\"sala do \u0107wicze\u0144 HIIT, treningu si\u0142owego, funkcjonalnego i cardio w Velvet Gym\"},{\"@type\":\"BreadcrumbList\",\"@id\":\"https:\\\/\\\/velvetgym.pl\\\/produkt\\\/voucher-karnet-roczny-open-strefa-nano-gym-kopia\\\/#breadcrumb\",\"itemListElement\":[{\"@type\":\"ListItem\",\"position\":1,\"name\":\"Strona g\u0142\u00f3wna\",\"item\":\"https:\\\/\\\/velvetgym.pl\\\/\"},{\"@type\":\"ListItem\",\"position\":2,\"name\":\"Sklep\",\"item\":\"https:\\\/\\\/velvetgym.pl\\\/sklep\\\/\"},{\"@type\":\"ListItem\",\"position\":3,\"name\":\"Voucher \u2013 Karnet roczny OPEN | Strefa Nano Gym\"}]},{\"@type\":\"WebSite\",\"@id\":\"https:\\\/\\\/velvetgym.pl\\\/#website\",\"url\":\"https:\\\/\\\/velvetgym.pl\\\/\",\"name\":\"Velvet Gym - J\u00f3zef\u00f3w\",\"description\":\"Velvet Gym \u2013 Trenuj inaczej. Nano Gym, Pilates Reformer w jednym miejscu.\",\"publisher\":{\"@id\":\"https:\\\/\\\/velvetgym.pl\\\/#organization\"},\"alternateName\":\"Velvet Gym, Nano Gym, Pilates Reformer J\u00f3zef\u00f3w\",\"potentialAction\":[{\"@type\":\"SearchAction\",\"target\":{\"@type\":\"EntryPoint\",\"urlTemplate\":\"https:\\\/\\\/velvetgym.pl\\\/?s={search_term_string}\"},\"query-input\":{\"@type\":\"PropertyValueSpecification\",\"valueRequired\":true,\"valueName\":\"search_term_string\"}}],\"inLanguage\":\"en-GB\"},{\"@type\":[\"Organization\",\"Place\",\"ExerciseGym\"],\"@id\":\"https:\\\/\\\/velvetgym.pl\\\/#organization\",\"name\":\"Velvet Gym\",\"url\":\"https:\\\/\\\/velvetgym.pl\\\/\",\"logo\":{\"@id\":\"https:\\\/\\\/velvetgym.pl\\\/produkt\\\/voucher-karnet-roczny-open-strefa-nano-gym-kopia\\\/#local-main-organization-logo\"},\"image\":{\"@id\":\"https:\\\/\\\/velvetgym.pl\\\/produkt\\\/voucher-karnet-roczny-open-strefa-nano-gym-kopia\\\/#local-main-organization-logo\"},\"sameAs\":[\"https:\\\/\\\/www.facebook.com\\\/profile.php?id=61576771920334\",\"https:\\\/\\\/www.instagram.com\\\/velvetgym_jozefow\\\/\"],\"address\":{\"@id\":\"https:\\\/\\\/velvetgym.pl\\\/produkt\\\/voucher-karnet-roczny-open-strefa-nano-gym-kopia\\\/#local-main-place-address\"},\"telephone\":[],\"contactPoint\":{\"@type\":\"ContactPoint\",\"email\":\"kontakt@velvetgym.pl\"},\"openingHoursSpecification\":[],\"email\":\"biuro@velvetgym.pl\",\"taxID\":\"5322118945\"},{\"@type\":\"PostalAddress\",\"@id\":\"https:\\\/\\\/velvetgym.pl\\\/produkt\\\/voucher-karnet-roczny-open-strefa-nano-gym-kopia\\\/#local-main-place-address\",\"streetAddress\":\"ul. Marsza\u0142ka Pi\u0142sudskiego 126a\",\"addressLocality\":\"J\u00f3zef\u00f3w\",\"postalCode\":\"05-420\",\"addressRegion\":\"Mazowieckie\",\"addressCountry\":\"PL\"},{\"@type\":\"ImageObject\",\"inLanguage\":\"en-GB\",\"@id\":\"https:\\\/\\\/velvetgym.pl\\\/produkt\\\/voucher-karnet-roczny-open-strefa-nano-gym-kopia\\\/#local-main-organization-logo\",\"url\":\"https:\\\/\\\/velvetgym.pl\\\/wp-content\\\/uploads\\\/2025\\\/06\\\/cropped-Zrzut-ekranu-2025-06-16-o-13.06.41.png\",\"contentUrl\":\"https:\\\/\\\/velvetgym.pl\\\/wp-content\\\/uploads\\\/2025\\\/06\\\/cropped-Zrzut-ekranu-2025-06-16-o-13.06.41.png\",\"width\":512,\"height\":512,\"caption\":\"Velvet Gym\"}]}<\/script>\n<meta name=\"geo.placename\" content=\"J\u00f3zef\u00f3w\" \/>\n<meta name=\"geo.region\" content=\"Poland\" \/>\n<!-- \/ Yoast SEO Premium plugin. -->","yoast_head_json":{"title":"Voucher si\u0142ownia J\u00f3zef\u00f3w \u2013 roczny OPEN | Velvet Gym","description":"Voucher na si\u0142owni\u0119 w Velvet Gym w J\u00f3zefowie. Roczny karnet OPEN do strefy Nano Gym \u2013 trening si\u0142owy i funkcjonalny przez ca\u0142y rok.","robots":{"index":"index","follow":"follow","max-snippet":"max-snippet:-1","max-image-preview":"max-image-preview:large","max-video-preview":"max-video-preview:-1"},"canonical":"https:\/\/velvetgym.pl\/en\/produkt\/voucher-karnet-roczny-open-strefa-nano-gym-kopia\/","og_locale":"en_GB","og_type":"article","og_title":"Voucher \u2013 Karnet roczny OPEN | Strefa Nano Gym","og_description":"Voucher na si\u0142owni\u0119 w Velvet Gym w J\u00f3zefowie. Roczny karnet OPEN do strefy Nano Gym \u2013 trening si\u0142owy i funkcjonalny przez ca\u0142y rok.","og_url":"https:\/\/velvetgym.pl\/en\/produkt\/voucher-karnet-roczny-open-strefa-nano-gym-kopia\/","og_site_name":"Velvet Gym","article_publisher":"https:\/\/www.facebook.com\/profile.php?id=61576771920334","article_modified_time":"2026-03-07T19:08:54+00:00","og_image":[{"width":2048,"height":1536,"url":"https:\/\/velvetgym.pl\/wp-content\/uploads\/2025\/12\/NanoGym_VelvetGym-53.webp","type":"image\/webp"}],"twitter_card":"summary_large_image","twitter_misc":{"Estimated reading time":"2 minutes"},"schema":{"@context":"https:\/\/schema.org","@graph":[{"@type":"WebPage","@id":"https:\/\/velvetgym.pl\/produkt\/voucher-karnet-roczny-open-strefa-nano-gym-kopia\/","url":"https:\/\/velvetgym.pl\/produkt\/voucher-karnet-roczny-open-strefa-nano-gym-kopia\/","name":"Voucher si\u0142ownia J\u00f3zef\u00f3w \u2013 roczny OPEN | Velvet Gym","isPartOf":{"@id":"https:\/\/velvetgym.pl\/#website"},"primaryImageOfPage":{"@id":"https:\/\/velvetgym.pl\/produkt\/voucher-karnet-roczny-open-strefa-nano-gym-kopia\/#primaryimage"},"image":{"@id":"https:\/\/velvetgym.pl\/produkt\/voucher-karnet-roczny-open-strefa-nano-gym-kopia\/#primaryimage"},"thumbnailUrl":"https:\/\/velvetgym.pl\/wp-content\/uploads\/2025\/12\/NanoGym_VelvetGym-53.webp","datePublished":"2025-12-17T18:53:13+00:00","dateModified":"2026-03-07T19:08:54+00:00","description":"Voucher na si\u0142owni\u0119 w Velvet Gym w J\u00f3zefowie. Roczny karnet OPEN do strefy Nano Gym \u2013 trening si\u0142owy i funkcjonalny przez ca\u0142y rok.","breadcrumb":{"@id":"https:\/\/velvetgym.pl\/produkt\/voucher-karnet-roczny-open-strefa-nano-gym-kopia\/#breadcrumb"},"inLanguage":"en-GB","potentialAction":[{"@type":"ReadAction","target":["https:\/\/velvetgym.pl\/produkt\/voucher-karnet-roczny-open-strefa-nano-gym-kopia\/"]}]},{"@type":"ImageObject","inLanguage":"en-GB","@id":"https:\/\/velvetgym.pl\/produkt\/voucher-karnet-roczny-open-strefa-nano-gym-kopia\/#primaryimage","url":"https:\/\/velvetgym.pl\/wp-content\/uploads\/2025\/12\/NanoGym_VelvetGym-53.webp","contentUrl":"https:\/\/velvetgym.pl\/wp-content\/uploads\/2025\/12\/NanoGym_VelvetGym-53.webp","width":2048,"height":1536,"caption":"sala do \u0107wicze\u0144 HIIT, treningu si\u0142owego, funkcjonalnego i cardio w Velvet Gym"},{"@type":"BreadcrumbList","@id":"https:\/\/velvetgym.pl\/produkt\/voucher-karnet-roczny-open-strefa-nano-gym-kopia\/#breadcrumb","itemListElement":[{"@type":"ListItem","position":1,"name":"Strona g\u0142\u00f3wna","item":"https:\/\/velvetgym.pl\/"},{"@type":"ListItem","position":2,"name":"Sklep","item":"https:\/\/velvetgym.pl\/sklep\/"},{"@type":"ListItem","position":3,"name":"Voucher \u2013 Karnet roczny OPEN | Strefa Nano Gym"}]},{"@type":"WebSite","@id":"https:\/\/velvetgym.pl\/#website","url":"https:\/\/velvetgym.pl\/","name":"Velvet Gym - J\u00f3zef\u00f3w","description":"Velvet Gym \u2013 Trenuj inaczej. Nano Gym, Pilates Reformer w jednym miejscu.","publisher":{"@id":"https:\/\/velvetgym.pl\/#organization"},"alternateName":"Velvet Gym, Nano Gym, Pilates Reformer J\u00f3zef\u00f3w","potentialAction":[{"@type":"SearchAction","target":{"@type":"EntryPoint","urlTemplate":"https:\/\/velvetgym.pl\/?s={search_term_string}"},"query-input":{"@type":"PropertyValueSpecification","valueRequired":true,"valueName":"search_term_string"}}],"inLanguage":"en-GB"},{"@type":["Organization","Place","ExerciseGym"],"@id":"https:\/\/velvetgym.pl\/#organization","name":"Velvet Gym","url":"https:\/\/velvetgym.pl\/","logo":{"@id":"https:\/\/velvetgym.pl\/produkt\/voucher-karnet-roczny-open-strefa-nano-gym-kopia\/#local-main-organization-logo"},"image":{"@id":"https:\/\/velvetgym.pl\/produkt\/voucher-karnet-roczny-open-strefa-nano-gym-kopia\/#local-main-organization-logo"},"sameAs":["https:\/\/www.facebook.com\/profile.php?id=61576771920334","https:\/\/www.instagram.com\/velvetgym_jozefow\/"],"address":{"@id":"https:\/\/velvetgym.pl\/produkt\/voucher-karnet-roczny-open-strefa-nano-gym-kopia\/#local-main-place-address"},"telephone":[],"contactPoint":{"@type":"ContactPoint","email":"kontakt@velvetgym.pl"},"openingHoursSpecification":[],"email":"biuro@velvetgym.pl","taxID":"5322118945"},{"@type":"PostalAddress","@id":"https:\/\/velvetgym.pl\/produkt\/voucher-karnet-roczny-open-strefa-nano-gym-kopia\/#local-main-place-address","streetAddress":"ul. Marsza\u0142ka Pi\u0142sudskiego 126a","addressLocality":"J\u00f3zef\u00f3w","postalCode":"05-420","addressRegion":"Mazowieckie","addressCountry":"PL"},{"@type":"ImageObject","inLanguage":"en-GB","@id":"https:\/\/velvetgym.pl\/produkt\/voucher-karnet-roczny-open-strefa-nano-gym-kopia\/#local-main-organization-logo","url":"https:\/\/velvetgym.pl\/wp-content\/uploads\/2025\/06\/cropped-Zrzut-ekranu-2025-06-16-o-13.06.41.png","contentUrl":"https:\/\/velvetgym.pl\/wp-content\/uploads\/2025\/06\/cropped-Zrzut-ekranu-2025-06-16-o-13.06.41.png","width":512,"height":512,"caption":"Velvet Gym"}]},"geo.placename":"J\u00f3zef\u00f3w","geo.region":"Poland"},"_links":{"self":[{"href":"https:\/\/velvetgym.pl\/en\/wp-json\/wp\/v2\/product\/3577","targetHints":{"allow":["GET"]}}],"collection":[{"href":"https:\/\/velvetgym.pl\/en\/wp-json\/wp\/v2\/product"}],"about":[{"href":"https:\/\/velvetgym.pl\/en\/wp-json\/wp\/v2\/types\/product"}],"wp:featuredmedia":[{"embeddable":true,"href":"https:\/\/velvetgym.pl\/en\/wp-json\/wp\/v2\/media\/3495"}],"wp:attachment":[{"href":"https:\/\/velvetgym.pl\/en\/wp-json\/wp\/v2\/media?parent=3577"}],"wp:term":[{"taxonomy":"product_brand","embeddable":true,"href":"https:\/\/velvetgym.pl\/en\/wp-json\/wp\/v2\/product_brand?post=3577"},{"taxonomy":"product_cat","embeddable":true,"href":"https:\/\/velvetgym.pl\/en\/wp-json\/wp\/v2\/product_cat?post=3577"},{"taxonomy":"product_tag","embeddable":true,"href":"https:\/\/velvetgym.pl\/en\/wp-json\/wp\/v2\/product_tag?post=3577"}],"curies":[{"name":"wp","href":"https:\/\/api.w.org\/{rel}","templated":true}]}}