{"id":3042,"date":"2025-12-11T10:45:40","date_gmt":"2025-12-11T09:45:40","guid":{"rendered":"https:\/\/velvetgym.pl\/?post_type=product&#038;p=3042"},"modified":"2026-03-07T19:16:03","modified_gmt":"2026-03-07T18:16:03","slug":"voucher-pilates4","status":"publish","type":"product","link":"https:\/\/velvetgym.pl\/en\/product\/voucher-pilates4\/","title":{"rendered":"Pilates Reformer Voucher \u2013 4-entry pass"},"content":{"rendered":"<div class=\"velvet-text-vanilla\">\n<h2>Voucher podarunkowy \u2013 Pilates Reformer 4 wej\u015bcia | Velvet Gym J\u00f3zef\u00f3w<\/h2>\n<p>\ud83c\udf81 <strong>Voucher podarunkowy na karnet Pilates Reformer (4 wej\u015bcia)<\/strong> to \u015bwietny pomys\u0142 na prezent dla osoby, kt\u00f3ra chce wr\u00f3ci\u0107 do aktywno\u015bci fizycznej, wzmocni\u0107 mi\u0119\u015bnie g\u0142\u0119bokie albo po raz pierwszy spr\u00f3bowa\u0107 Pilatesu i pracy na reformerze.<\/p>\n<p>\ud83d\udcc5 Voucher obejmuje <strong>4 wej\u015bcia<\/strong> na zaj\u0119cia Pilates w Velvet Gym do wykorzystania w ci\u0105gu <strong>30 dni od aktywacji<\/strong> przez osob\u0119 obdarowan\u0105.<\/p>\n<h3>Co obejmuje voucher<\/h3>\n<ul>\n<li>\ud83e\uddd8 Mo\u017cliwo\u015b\u0107 korzystania z <strong>regularnych zaj\u0119\u0107 Pilates zgodnie z aktualnym grafikiem Klubu<\/strong> \u2013 sprawd\u017a <a href=\"https:\/\/velvetgym-jozefow.cms.efitness.com.pl\/kalendarz-zajec\" target=\"_blank\" rel=\"noopener noreferrer\">aktualny grafik zaj\u0119\u0107<\/a><\/li>\n<li>\ud83d\udc69\u200d\ud83c\udfeb Prac\u0119 z do\u015bwiadczon\u0105 instruktork\u0105 Pilates<\/li>\n<li>\ud83d\udda5\ufe0f Wsparcie wirtualnego trenera Nano Pilates obecnego na ka\u017cdym treningu obok trenerki<\/li>\n<li>\ud83d\udcaa \u0106wiczenia na reformerze oraz dodatkowo do wyboru Pilates na macie lub elementy treningu funkcjonalnego<\/li>\n<li>\u26a1 Mo\u017cliwo\u015b\u0107 udzia\u0142u w zaj\u0119ciach typu Power Pilates z wykorzystaniem jumpboard<\/li>\n<\/ul>\n<h3>Dlaczego warto wybra\u0107 Velvet Gym<\/h3>\n<p>\u2728 Velvet Gym to kameralne, butikowe miejsce, w kt\u00f3rym \u0142\u0105czymy korzy\u015bci z intensywnego treningu z komfortow\u0105 atmosfer\u0105. To przestrze\u0144, gdzie mo\u017cesz zadba\u0107 o cia\u0142o i jednocze\u015bnie sp\u0119dzi\u0107 czas w przyjemnym otoczeniu \u2013 tak\u017ce przy kawie lub herbacie.<\/p>\n<h3>Czym jest Pilates Reformer<\/h3>\n<p>\ud83d\udd17 Dowiedz si\u0119 wi\u0119cej o treningu na reformerze na naszej stronie: <a href=\"https:\/\/velvetgym.pl\/en\/pilates-reformer\/\" target=\"_blank\" rel=\"noopener noreferrer\">Pilates Reformer w Velvet Gym<\/a><\/p>\n<p>\ud83d\udca1 <strong>Voucher to idealny prezent na urodziny, \u015bwi\u0119ta lub dla bliskiej osoby, kt\u00f3ra chce zadba\u0107 o zdrowie i sprawno\u015b\u0107.<\/strong><\/p>\n<\/div>","protected":false},"excerpt":{"rendered":"<p data-start=\"119\" data-end=\"598\"><span style=\"font-weight: 400;\">Kup w prezencie karnet na 4 wej\u015bcia na PILATES REFORMER w butikowym, kameralnym i eleganckim Klubie VELVET GYM.<\/span><\/p>","protected":false},"featured_media":1181,"template":"","meta":[],"product_brand":[],"product_cat":[45],"product_tag":[],"class_list":{"0":"post-3042","1":"product","2":"type-product","3":"status-publish","4":"has-post-thumbnail","6":"product_cat-voucher","8":"first","9":"instock","10":"taxable","11":"shipping-taxable","12":"purchasable","13":"product-type-simple"},"yoast_head":"<!-- This site is optimized with the Yoast SEO Premium plugin v27.2 (Yoast SEO v27.4) - https:\/\/yoast.com\/product\/yoast-seo-premium-wordpress\/ -->\n<title>Pilates reformer na prezent \u2013 Idealny dla Aktywnych<\/title>\n<meta name=\"description\" content=\"Kup voucher podarunkowy na 4 wej\u015bcia na Pilates Reformer w butikowym klubie Velvet Gym. Idealny prezent, by spr\u00f3bowa\u0107 pracy na Reformerze z Trenerk\u0105.\" \/>\n<meta name=\"robots\" content=\"index, follow, max-snippet:-1, max-image-preview:large, max-video-preview:-1\" \/>\n<link rel=\"canonical\" href=\"https:\/\/velvetgym.pl\/en\/produkt\/voucher-pilates4\/\" \/>\n<meta property=\"og:locale\" content=\"en_GB\" \/>\n<meta property=\"og:type\" content=\"article\" \/>\n<meta property=\"og:title\" content=\"Voucher Pilates Reformer \u2013 Karnet 4 wej\u015bcia\" \/>\n<meta property=\"og:description\" content=\"Kup voucher podarunkowy na 4 wej\u015bcia na Pilates Reformer w butikowym klubie Velvet Gym. Idealny prezent, by spr\u00f3bowa\u0107 pracy na Reformerze z Trenerk\u0105.\" \/>\n<meta property=\"og:url\" content=\"https:\/\/velvetgym.pl\/en\/produkt\/voucher-pilates4\/\" \/>\n<meta property=\"og:site_name\" content=\"Velvet Gym\" \/>\n<meta property=\"article:publisher\" content=\"https:\/\/www.facebook.com\/profile.php?id=61576771920334\" \/>\n<meta property=\"article:modified_time\" content=\"2026-03-07T18:16:03+00:00\" \/>\n<meta property=\"og:image\" content=\"https:\/\/velvetgym.pl\/wp-content\/uploads\/2025\/07\/reformer_NanoPilates1.webp\" \/>\n\t<meta property=\"og:image:width\" content=\"1920\" \/>\n\t<meta property=\"og:image:height\" content=\"1280\" \/>\n\t<meta property=\"og:image:type\" content=\"image\/webp\" \/>\n<meta name=\"twitter:card\" content=\"summary_large_image\" \/>\n<meta name=\"twitter:label1\" content=\"Estimated reading time\" \/>\n\t<meta name=\"twitter:data1\" content=\"2 minutes\" \/>\n<script type=\"application\/ld+json\" class=\"yoast-schema-graph\">{\"@context\":\"https:\\\/\\\/schema.org\",\"@graph\":[{\"@type\":\"WebPage\",\"@id\":\"https:\\\/\\\/velvetgym.pl\\\/produkt\\\/voucher-pilates4\\\/\",\"url\":\"https:\\\/\\\/velvetgym.pl\\\/produkt\\\/voucher-pilates4\\\/\",\"name\":\"Pilates reformer na prezent \u2013 Idealny dla Aktywnych\",\"isPartOf\":{\"@id\":\"https:\\\/\\\/velvetgym.pl\\\/#website\"},\"primaryImageOfPage\":{\"@id\":\"https:\\\/\\\/velvetgym.pl\\\/produkt\\\/voucher-pilates4\\\/#primaryimage\"},\"image\":{\"@id\":\"https:\\\/\\\/velvetgym.pl\\\/produkt\\\/voucher-pilates4\\\/#primaryimage\"},\"thumbnailUrl\":\"https:\\\/\\\/velvetgym.pl\\\/wp-content\\\/uploads\\\/2025\\\/07\\\/reformer_NanoPilates1.webp\",\"datePublished\":\"2025-12-11T09:45:40+00:00\",\"dateModified\":\"2026-03-07T18:16:03+00:00\",\"description\":\"Kup voucher podarunkowy na 4 wej\u015bcia na Pilates Reformer w butikowym klubie Velvet Gym. Idealny prezent, by spr\u00f3bowa\u0107 pracy na Reformerze z Trenerk\u0105.\",\"breadcrumb\":{\"@id\":\"https:\\\/\\\/velvetgym.pl\\\/produkt\\\/voucher-pilates4\\\/#breadcrumb\"},\"inLanguage\":\"en-GB\",\"potentialAction\":[{\"@type\":\"ReadAction\",\"target\":[\"https:\\\/\\\/velvetgym.pl\\\/produkt\\\/voucher-pilates4\\\/\"]}]},{\"@type\":\"ImageObject\",\"inLanguage\":\"en-GB\",\"@id\":\"https:\\\/\\\/velvetgym.pl\\\/produkt\\\/voucher-pilates4\\\/#primaryimage\",\"url\":\"https:\\\/\\\/velvetgym.pl\\\/wp-content\\\/uploads\\\/2025\\\/07\\\/reformer_NanoPilates1.webp\",\"contentUrl\":\"https:\\\/\\\/velvetgym.pl\\\/wp-content\\\/uploads\\\/2025\\\/07\\\/reformer_NanoPilates1.webp\",\"width\":1920,\"height\":1280,\"caption\":\"\u0107wiczenia na reformer, zaj\u0119cia Nano Pilates\"},{\"@type\":\"BreadcrumbList\",\"@id\":\"https:\\\/\\\/velvetgym.pl\\\/produkt\\\/voucher-pilates4\\\/#breadcrumb\",\"itemListElement\":[{\"@type\":\"ListItem\",\"position\":1,\"name\":\"Strona g\u0142\u00f3wna\",\"item\":\"https:\\\/\\\/velvetgym.pl\\\/\"},{\"@type\":\"ListItem\",\"position\":2,\"name\":\"Sklep\",\"item\":\"https:\\\/\\\/velvetgym.pl\\\/sklep\\\/\"},{\"@type\":\"ListItem\",\"position\":3,\"name\":\"Voucher Pilates Reformer \u2013 Karnet 4 wej\u015bcia\"}]},{\"@type\":\"WebSite\",\"@id\":\"https:\\\/\\\/velvetgym.pl\\\/#website\",\"url\":\"https:\\\/\\\/velvetgym.pl\\\/\",\"name\":\"Velvet Gym - J\u00f3zef\u00f3w\",\"description\":\"Velvet Gym \u2013 Trenuj inaczej. Nano Gym, Pilates Reformer w jednym miejscu.\",\"publisher\":{\"@id\":\"https:\\\/\\\/velvetgym.pl\\\/#organization\"},\"alternateName\":\"Velvet Gym, Nano Gym, Pilates Reformer J\u00f3zef\u00f3w\",\"potentialAction\":[{\"@type\":\"SearchAction\",\"target\":{\"@type\":\"EntryPoint\",\"urlTemplate\":\"https:\\\/\\\/velvetgym.pl\\\/?s={search_term_string}\"},\"query-input\":{\"@type\":\"PropertyValueSpecification\",\"valueRequired\":true,\"valueName\":\"search_term_string\"}}],\"inLanguage\":\"en-GB\"},{\"@type\":[\"Organization\",\"Place\",\"ExerciseGym\"],\"@id\":\"https:\\\/\\\/velvetgym.pl\\\/#organization\",\"name\":\"Velvet Gym\",\"url\":\"https:\\\/\\\/velvetgym.pl\\\/\",\"logo\":{\"@id\":\"https:\\\/\\\/velvetgym.pl\\\/produkt\\\/voucher-pilates4\\\/#local-main-organization-logo\"},\"image\":{\"@id\":\"https:\\\/\\\/velvetgym.pl\\\/produkt\\\/voucher-pilates4\\\/#local-main-organization-logo\"},\"sameAs\":[\"https:\\\/\\\/www.facebook.com\\\/profile.php?id=61576771920334\",\"https:\\\/\\\/www.instagram.com\\\/velvetgym_jozefow\\\/\"],\"address\":{\"@id\":\"https:\\\/\\\/velvetgym.pl\\\/produkt\\\/voucher-pilates4\\\/#local-main-place-address\"},\"telephone\":[],\"contactPoint\":{\"@type\":\"ContactPoint\",\"email\":\"kontakt@velvetgym.pl\"},\"openingHoursSpecification\":[],\"email\":\"biuro@velvetgym.pl\",\"taxID\":\"5322118945\"},{\"@type\":\"PostalAddress\",\"@id\":\"https:\\\/\\\/velvetgym.pl\\\/produkt\\\/voucher-pilates4\\\/#local-main-place-address\",\"streetAddress\":\"ul. Marsza\u0142ka Pi\u0142sudskiego 126a\",\"addressLocality\":\"J\u00f3zef\u00f3w\",\"postalCode\":\"05-420\",\"addressRegion\":\"Mazowieckie\",\"addressCountry\":\"PL\"},{\"@type\":\"ImageObject\",\"inLanguage\":\"en-GB\",\"@id\":\"https:\\\/\\\/velvetgym.pl\\\/produkt\\\/voucher-pilates4\\\/#local-main-organization-logo\",\"url\":\"https:\\\/\\\/velvetgym.pl\\\/wp-content\\\/uploads\\\/2025\\\/06\\\/cropped-Zrzut-ekranu-2025-06-16-o-13.06.41.png\",\"contentUrl\":\"https:\\\/\\\/velvetgym.pl\\\/wp-content\\\/uploads\\\/2025\\\/06\\\/cropped-Zrzut-ekranu-2025-06-16-o-13.06.41.png\",\"width\":512,\"height\":512,\"caption\":\"Velvet Gym\"}]}<\/script>\n<meta name=\"geo.placename\" content=\"J\u00f3zef\u00f3w\" \/>\n<meta name=\"geo.region\" content=\"Poland\" \/>\n<!-- \/ Yoast SEO Premium plugin. -->","yoast_head_json":{"title":"Pilates reformer na prezent \u2013 Idealny dla Aktywnych","description":"Kup voucher podarunkowy na 4 wej\u015bcia na Pilates Reformer w butikowym klubie Velvet Gym. Idealny prezent, by spr\u00f3bowa\u0107 pracy na Reformerze z Trenerk\u0105.","robots":{"index":"index","follow":"follow","max-snippet":"max-snippet:-1","max-image-preview":"max-image-preview:large","max-video-preview":"max-video-preview:-1"},"canonical":"https:\/\/velvetgym.pl\/en\/produkt\/voucher-pilates4\/","og_locale":"en_GB","og_type":"article","og_title":"Voucher Pilates Reformer \u2013 Karnet 4 wej\u015bcia","og_description":"Kup voucher podarunkowy na 4 wej\u015bcia na Pilates Reformer w butikowym klubie Velvet Gym. Idealny prezent, by spr\u00f3bowa\u0107 pracy na Reformerze z Trenerk\u0105.","og_url":"https:\/\/velvetgym.pl\/en\/produkt\/voucher-pilates4\/","og_site_name":"Velvet Gym","article_publisher":"https:\/\/www.facebook.com\/profile.php?id=61576771920334","article_modified_time":"2026-03-07T18:16:03+00:00","og_image":[{"width":1920,"height":1280,"url":"https:\/\/velvetgym.pl\/wp-content\/uploads\/2025\/07\/reformer_NanoPilates1.webp","type":"image\/webp"}],"twitter_card":"summary_large_image","twitter_misc":{"Estimated reading time":"2 minutes"},"schema":{"@context":"https:\/\/schema.org","@graph":[{"@type":"WebPage","@id":"https:\/\/velvetgym.pl\/produkt\/voucher-pilates4\/","url":"https:\/\/velvetgym.pl\/produkt\/voucher-pilates4\/","name":"Pilates reformer na prezent \u2013 Idealny dla Aktywnych","isPartOf":{"@id":"https:\/\/velvetgym.pl\/#website"},"primaryImageOfPage":{"@id":"https:\/\/velvetgym.pl\/produkt\/voucher-pilates4\/#primaryimage"},"image":{"@id":"https:\/\/velvetgym.pl\/produkt\/voucher-pilates4\/#primaryimage"},"thumbnailUrl":"https:\/\/velvetgym.pl\/wp-content\/uploads\/2025\/07\/reformer_NanoPilates1.webp","datePublished":"2025-12-11T09:45:40+00:00","dateModified":"2026-03-07T18:16:03+00:00","description":"Kup voucher podarunkowy na 4 wej\u015bcia na Pilates Reformer w butikowym klubie Velvet Gym. Idealny prezent, by spr\u00f3bowa\u0107 pracy na Reformerze z Trenerk\u0105.","breadcrumb":{"@id":"https:\/\/velvetgym.pl\/produkt\/voucher-pilates4\/#breadcrumb"},"inLanguage":"en-GB","potentialAction":[{"@type":"ReadAction","target":["https:\/\/velvetgym.pl\/produkt\/voucher-pilates4\/"]}]},{"@type":"ImageObject","inLanguage":"en-GB","@id":"https:\/\/velvetgym.pl\/produkt\/voucher-pilates4\/#primaryimage","url":"https:\/\/velvetgym.pl\/wp-content\/uploads\/2025\/07\/reformer_NanoPilates1.webp","contentUrl":"https:\/\/velvetgym.pl\/wp-content\/uploads\/2025\/07\/reformer_NanoPilates1.webp","width":1920,"height":1280,"caption":"\u0107wiczenia na reformer, zaj\u0119cia Nano Pilates"},{"@type":"BreadcrumbList","@id":"https:\/\/velvetgym.pl\/produkt\/voucher-pilates4\/#breadcrumb","itemListElement":[{"@type":"ListItem","position":1,"name":"Strona g\u0142\u00f3wna","item":"https:\/\/velvetgym.pl\/"},{"@type":"ListItem","position":2,"name":"Sklep","item":"https:\/\/velvetgym.pl\/sklep\/"},{"@type":"ListItem","position":3,"name":"Voucher Pilates Reformer \u2013 Karnet 4 wej\u015bcia"}]},{"@type":"WebSite","@id":"https:\/\/velvetgym.pl\/#website","url":"https:\/\/velvetgym.pl\/","name":"Velvet Gym - J\u00f3zef\u00f3w","description":"Velvet Gym \u2013 Trenuj inaczej. Nano Gym, Pilates Reformer w jednym miejscu.","publisher":{"@id":"https:\/\/velvetgym.pl\/#organization"},"alternateName":"Velvet Gym, Nano Gym, Pilates Reformer J\u00f3zef\u00f3w","potentialAction":[{"@type":"SearchAction","target":{"@type":"EntryPoint","urlTemplate":"https:\/\/velvetgym.pl\/?s={search_term_string}"},"query-input":{"@type":"PropertyValueSpecification","valueRequired":true,"valueName":"search_term_string"}}],"inLanguage":"en-GB"},{"@type":["Organization","Place","ExerciseGym"],"@id":"https:\/\/velvetgym.pl\/#organization","name":"Velvet Gym","url":"https:\/\/velvetgym.pl\/","logo":{"@id":"https:\/\/velvetgym.pl\/produkt\/voucher-pilates4\/#local-main-organization-logo"},"image":{"@id":"https:\/\/velvetgym.pl\/produkt\/voucher-pilates4\/#local-main-organization-logo"},"sameAs":["https:\/\/www.facebook.com\/profile.php?id=61576771920334","https:\/\/www.instagram.com\/velvetgym_jozefow\/"],"address":{"@id":"https:\/\/velvetgym.pl\/produkt\/voucher-pilates4\/#local-main-place-address"},"telephone":[],"contactPoint":{"@type":"ContactPoint","email":"kontakt@velvetgym.pl"},"openingHoursSpecification":[],"email":"biuro@velvetgym.pl","taxID":"5322118945"},{"@type":"PostalAddress","@id":"https:\/\/velvetgym.pl\/produkt\/voucher-pilates4\/#local-main-place-address","streetAddress":"ul. Marsza\u0142ka Pi\u0142sudskiego 126a","addressLocality":"J\u00f3zef\u00f3w","postalCode":"05-420","addressRegion":"Mazowieckie","addressCountry":"PL"},{"@type":"ImageObject","inLanguage":"en-GB","@id":"https:\/\/velvetgym.pl\/produkt\/voucher-pilates4\/#local-main-organization-logo","url":"https:\/\/velvetgym.pl\/wp-content\/uploads\/2025\/06\/cropped-Zrzut-ekranu-2025-06-16-o-13.06.41.png","contentUrl":"https:\/\/velvetgym.pl\/wp-content\/uploads\/2025\/06\/cropped-Zrzut-ekranu-2025-06-16-o-13.06.41.png","width":512,"height":512,"caption":"Velvet Gym"}]},"geo.placename":"J\u00f3zef\u00f3w","geo.region":"Poland"},"_links":{"self":[{"href":"https:\/\/velvetgym.pl\/en\/wp-json\/wp\/v2\/product\/3042","targetHints":{"allow":["GET"]}}],"collection":[{"href":"https:\/\/velvetgym.pl\/en\/wp-json\/wp\/v2\/product"}],"about":[{"href":"https:\/\/velvetgym.pl\/en\/wp-json\/wp\/v2\/types\/product"}],"wp:featuredmedia":[{"embeddable":true,"href":"https:\/\/velvetgym.pl\/en\/wp-json\/wp\/v2\/media\/1181"}],"wp:attachment":[{"href":"https:\/\/velvetgym.pl\/en\/wp-json\/wp\/v2\/media?parent=3042"}],"wp:term":[{"taxonomy":"product_brand","embeddable":true,"href":"https:\/\/velvetgym.pl\/en\/wp-json\/wp\/v2\/product_brand?post=3042"},{"taxonomy":"product_cat","embeddable":true,"href":"https:\/\/velvetgym.pl\/en\/wp-json\/wp\/v2\/product_cat?post=3042"},{"taxonomy":"product_tag","embeddable":true,"href":"https:\/\/velvetgym.pl\/en\/wp-json\/wp\/v2\/product_tag?post=3042"}],"curies":[{"name":"wp","href":"https:\/\/api.w.org\/{rel}","templated":true}]}}