{"id":3208,"date":"2025-12-11T15:05:27","date_gmt":"2025-12-11T14:05:27","guid":{"rendered":"https:\/\/velvetgym.pl\/?page_id=3208"},"modified":"2025-12-11T15:05:55","modified_gmt":"2025-12-11T14:05:55","slug":"dostawa-i-platnosc","status":"publish","type":"page","link":"https:\/\/velvetgym.pl\/en\/dostawa-i-platnosc\/","title":{"rendered":"Dostawa i p\u0142atno\u015b\u0107"},"content":{"rendered":"<style>.elementor-3208 .elementor-element.elementor-element-c2265bb{--display:flex;--flex-direction:column;--container-widget-width:100%;--container-widget-height:initial;--container-widget-flex-grow:0;--container-widget-align-self:initial;--flex-wrap-mobile:wrap;--margin-top:0px;--margin-bottom:0px;--margin-left:0px;--margin-right:0px;--padding-top:100px;--padding-bottom:100px;--padding-left:0px;--padding-right:0px;}.elementor-3208 .elementor-element.elementor-element-c2265bb:not(.elementor-motion-effects-element-type-background), .elementor-3208 .elementor-element.elementor-element-c2265bb > .elementor-motion-effects-container > .elementor-motion-effects-layer{background-color:transparent;background-image:linear-gradient(90deg, var( --e-global-color-primary ) 0%, var( --e-global-color-text ) 100%);}.elementor-3208 .elementor-element.elementor-element-6121392{text-align:center;}<\/style>\t\t<div data-elementor-type=\"wp-page\" data-elementor-id=\"3208\" class=\"elementor elementor-3208\" data-elementor-post-type=\"page\">\n\t\t\t\t<div class=\"elementor-element elementor-element-c2265bb e-flex e-con-boxed e-con e-parent\" data-id=\"c2265bb\" data-element_type=\"container\" data-e-type=\"container\" data-settings=\"{&quot;background_background&quot;:&quot;gradient&quot;}\">\n\t\t\t\t\t<div class=\"e-con-inner\">\n\t\t\t\t<div class=\"elementor-element elementor-element-6121392 elementor-widget elementor-widget-text-editor\" data-id=\"6121392\" data-element_type=\"widget\" data-e-type=\"widget\" data-widget_type=\"text-editor.default\">\n\t\t\t\t<div class=\"elementor-widget-container\">\n\t\t\t\t\t\t\t\t\t<h1 class=\"elementor-heading-title elementor-size-default\">Dostawa i p\u0142atno\u015b\u0107<\/h1>\t\t\t\t\t\t\t\t<\/div>\n\t\t\t\t<\/div>\n\t\t\t\t<div class=\"elementor-element elementor-element-36ec3d6 elementor-widget elementor-widget-text-editor\" data-id=\"36ec3d6\" data-element_type=\"widget\" data-e-type=\"widget\" data-widget_type=\"text-editor.default\">\n\t\t\t\t<div class=\"elementor-widget-container\">\n\t\t\t\t\t\t\t\t\t<main id=\"content\" class=\"site-main post-1113 page type-page status-publish hentry\"><div class=\"page-content\"><div class=\"elementor elementor-1113\" data-elementor-type=\"wp-page\" data-elementor-id=\"1113\" data-elementor-post-type=\"page\"><div class=\"elementor-element elementor-element-22cfbac e-flex e-con-boxed e-con e-parent e-lazyloaded\" data-id=\"22cfbac\" data-element_type=\"container\"><div class=\"e-con-inner\"><div class=\"elementor-element elementor-element-9af2eea elementor-widget elementor-widget-text-editor\" data-id=\"9af2eea\" data-element_type=\"widget\" data-widget_type=\"text-editor.default\"><div class=\"elementor-widget-container\"><p>Rozumiemy, \u017ce dostawa i p\u0142atno\u015b\u0107 to kluczowe elementy procesu zakupowego. Dlatego staramy si\u0119, aby te procesy by\u0142y jak najbardziej wygodne i transparentne.<\/p><p><strong>Dostawa:<\/strong><br \/>Nasze zam\u00f3wienia s\u0105 dostarczane za po\u015brednictwem renomowanych firm kurierskich, takich jak DPD, GLS i InPost. Wyb\u00f3r dostawcy zale\u017cy od Twoich preferencji i dost\u0119pno\u015bci na Twoim obszarze. Podczas sk\u0142adania zam\u00f3wienia b\u0119dziesz mia\u0142 mo\u017cliwo\u015b\u0107 wyboru dostawcy, kt\u00f3ry najlepiej odpowiada Twoim potrzebom. Ceny dostawy za poszczeg\u00f3lnych kurier\u00f3w s\u0105 zawsze widoczne podczas wyboru, dzi\u0119ki czemu wiesz, ile wyniesie koszt dostawy.<\/p><p><strong>P\u0142atno\u015b\u0107:<\/strong><br \/>Oferujemy r\u00f3\u017cne metody p\u0142atno\u015bci, aby dostosowa\u0107 si\u0119 do Twoich preferencji. Mo\u017cesz dokona\u0107 p\u0142atno\u015bci kart\u0105 kredytow\u0105, przelewem bankowym, p\u0142atno\u015bci\u0105 online lub korzystaj\u0105c z innych dost\u0119pnych opcji p\u0142atno\u015bci. Wyb\u00f3r metody p\u0142atno\u015bci dokonasz podczas sk\u0142adania zam\u00f3wienia.<\/p><p>Cenimy sobie Twoje zaufanie i jeste\u015bmy dumni, \u017ce mo\u017cemy dostarczy\u0107 Ci nasze produkty w wygodny spos\u00f3b. Je\u015bli masz jakiekolwiek pytania dotycz\u0105ce dostawy lub p\u0142atno\u015bci, nasz dzia\u0142 obs\u0142ugi klienta jest gotowy, aby Ci pom\u00f3c. Dzi\u0119kujemy za wyb\u00f3r naszego sklepu internetowego i zaufanie, kt\u00f3re nam udzieli\u0142e\u015b.<\/p><\/div><\/div><\/div><\/div><\/div><\/div><\/main><footer class=\"elementor elementor-1523 elementor-location-footer\" data-elementor-type=\"footer\" data-elementor-id=\"1523\" data-elementor-post-type=\"elementor_library\"><div class=\"elementor-element elementor-element-6c69033 e-flex e-con-boxed e-con e-parent e-lazyloaded\" data-id=\"6c69033\" data-element_type=\"container\" data-settings=\"{&quot;background_background&quot;:&quot;classic&quot;}\"><div class=\"e-con-inner\"><div class=\"elementor-element elementor-element-8b7f317 e-con-full e-flex e-con e-child\" data-id=\"8b7f317\" data-element_type=\"container\"><div class=\"elementor-element elementor-element-30fe23a e-con-full e-flex e-con e-child\" data-id=\"30fe23a\" data-element_type=\"container\"><div class=\"elementor-element elementor-element-0009c97 e-con-full e-flex e-con e-child\" data-id=\"0009c97\" data-element_type=\"container\"><div class=\"elementor-element elementor-element-86b7c76 elementor-widget elementor-widget-heading\" data-id=\"86b7c76\" data-element_type=\"widget\" data-widget_type=\"heading.default\"><div class=\"elementor-widget-container\">\u00a0<\/div><\/div><\/div><\/div><\/div><\/div><\/div><\/footer>\t\t\t\t\t\t\t\t<\/div>\n\t\t\t\t<\/div>\n\t\t\t\t\t<\/div>\n\t\t\t\t<\/div>\n\t\t\t\t<\/div>","protected":false},"excerpt":{"rendered":"<p>Dostawa i p\u0142atno\u015b\u0107 Rozumiemy, \u017ce dostawa i p\u0142atno\u015b\u0107 to kluczowe elementy procesu zakupowego. Dlatego staramy si\u0119, aby te procesy by\u0142y jak najbardziej wygodne i transparentne. Dostawa:Nasze zam\u00f3wienia s\u0105 dostarczane za po\u015brednictwem renomowanych firm kurierskich, takich jak DPD, GLS i InPost. Wyb\u00f3r dostawcy zale\u017cy od Twoich preferencji i dost\u0119pno\u015bci na Twoim obszarze. Podczas sk\u0142adania zam\u00f3wienia b\u0119dziesz [&hellip;]<\/p>\n","protected":false},"author":8,"featured_media":0,"parent":0,"menu_order":0,"comment_status":"closed","ping_status":"closed","template":"","meta":{"footnotes":""},"class_list":["post-3208","page","type-page","status-publish","hentry"],"yoast_head":"<!-- This site is optimized with the Yoast SEO Premium plugin v27.2 (Yoast SEO v27.4) - https:\/\/yoast.com\/product\/yoast-seo-premium-wordpress\/ -->\n<title>Dostawa i p\u0142atno\u015b\u0107 - Velvet Gym<\/title>\n<meta name=\"robots\" content=\"index, follow, max-snippet:-1, max-image-preview:large, max-video-preview:-1\" \/>\n<link rel=\"canonical\" href=\"https:\/\/velvetgym.pl\/en\/dostawa-i-platnosc\/\" \/>\n<meta property=\"og:locale\" content=\"en_GB\" \/>\n<meta property=\"og:type\" content=\"article\" \/>\n<meta property=\"og:title\" content=\"Dostawa i p\u0142atno\u015b\u0107\" \/>\n<meta property=\"og:description\" content=\"Dostawa i p\u0142atno\u015b\u0107 Rozumiemy, \u017ce dostawa i p\u0142atno\u015b\u0107 to kluczowe elementy procesu zakupowego. Dlatego staramy si\u0119, aby te procesy by\u0142y jak najbardziej wygodne i transparentne. Dostawa:Nasze zam\u00f3wienia s\u0105 dostarczane za po\u015brednictwem renomowanych firm kurierskich, takich jak DPD, GLS i InPost. Wyb\u00f3r dostawcy zale\u017cy od Twoich preferencji i dost\u0119pno\u015bci na Twoim obszarze. Podczas sk\u0142adania zam\u00f3wienia b\u0119dziesz [&hellip;]\" \/>\n<meta property=\"og:url\" content=\"https:\/\/velvetgym.pl\/en\/dostawa-i-platnosc\/\" \/>\n<meta property=\"og:site_name\" content=\"Velvet Gym\" \/>\n<meta property=\"article:publisher\" content=\"https:\/\/www.facebook.com\/profile.php?id=61576771920334\" \/>\n<meta property=\"article:modified_time\" content=\"2025-12-11T14:05:55+00:00\" \/>\n<meta name=\"twitter:card\" content=\"summary_large_image\" \/>\n<meta name=\"twitter:label1\" content=\"Estimated reading time\" \/>\n\t<meta name=\"twitter:data1\" content=\"2 minutes\" \/>\n<script type=\"application\/ld+json\" class=\"yoast-schema-graph\">{\"@context\":\"https:\\\/\\\/schema.org\",\"@graph\":[{\"@type\":\"WebPage\",\"@id\":\"https:\\\/\\\/velvetgym.pl\\\/dostawa-i-platnosc\\\/\",\"url\":\"https:\\\/\\\/velvetgym.pl\\\/dostawa-i-platnosc\\\/\",\"name\":\"Dostawa i p\u0142atno\u015b\u0107 - Velvet Gym\",\"isPartOf\":{\"@id\":\"https:\\\/\\\/velvetgym.pl\\\/#website\"},\"datePublished\":\"2025-12-11T14:05:27+00:00\",\"dateModified\":\"2025-12-11T14:05:55+00:00\",\"breadcrumb\":{\"@id\":\"https:\\\/\\\/velvetgym.pl\\\/dostawa-i-platnosc\\\/#breadcrumb\"},\"inLanguage\":\"en-GB\",\"potentialAction\":[{\"@type\":\"ReadAction\",\"target\":[\"https:\\\/\\\/velvetgym.pl\\\/dostawa-i-platnosc\\\/\"]}]},{\"@type\":\"BreadcrumbList\",\"@id\":\"https:\\\/\\\/velvetgym.pl\\\/dostawa-i-platnosc\\\/#breadcrumb\",\"itemListElement\":[{\"@type\":\"ListItem\",\"position\":1,\"name\":\"Strona g\u0142\u00f3wna\",\"item\":\"https:\\\/\\\/velvetgym.pl\\\/\"},{\"@type\":\"ListItem\",\"position\":2,\"name\":\"Dostawa i p\u0142atno\u015b\u0107\"}]},{\"@type\":\"WebSite\",\"@id\":\"https:\\\/\\\/velvetgym.pl\\\/#website\",\"url\":\"https:\\\/\\\/velvetgym.pl\\\/\",\"name\":\"Velvet Gym - J\u00f3zef\u00f3w\",\"description\":\"Velvet Gym \u2013 Trenuj inaczej. Nano Gym, Pilates Reformer w jednym miejscu.\",\"publisher\":{\"@id\":\"https:\\\/\\\/velvetgym.pl\\\/#organization\"},\"alternateName\":\"Velvet Gym, Nano Gym, Pilates Reformer J\u00f3zef\u00f3w\",\"potentialAction\":[{\"@type\":\"SearchAction\",\"target\":{\"@type\":\"EntryPoint\",\"urlTemplate\":\"https:\\\/\\\/velvetgym.pl\\\/?s={search_term_string}\"},\"query-input\":{\"@type\":\"PropertyValueSpecification\",\"valueRequired\":true,\"valueName\":\"search_term_string\"}}],\"inLanguage\":\"en-GB\"},{\"@type\":[\"Organization\",\"Place\",\"ExerciseGym\"],\"@id\":\"https:\\\/\\\/velvetgym.pl\\\/#organization\",\"name\":\"Velvet Gym\",\"url\":\"https:\\\/\\\/velvetgym.pl\\\/\",\"logo\":{\"@id\":\"https:\\\/\\\/velvetgym.pl\\\/dostawa-i-platnosc\\\/#local-main-organization-logo\"},\"image\":{\"@id\":\"https:\\\/\\\/velvetgym.pl\\\/dostawa-i-platnosc\\\/#local-main-organization-logo\"},\"sameAs\":[\"https:\\\/\\\/www.facebook.com\\\/profile.php?id=61576771920334\",\"https:\\\/\\\/www.instagram.com\\\/velvetgym_jozefow\\\/\"],\"address\":{\"@id\":\"https:\\\/\\\/velvetgym.pl\\\/dostawa-i-platnosc\\\/#local-main-place-address\"},\"telephone\":[],\"contactPoint\":{\"@type\":\"ContactPoint\",\"email\":\"kontakt@velvetgym.pl\"},\"openingHoursSpecification\":[],\"email\":\"biuro@velvetgym.pl\",\"taxID\":\"5322118945\"},{\"@type\":\"PostalAddress\",\"@id\":\"https:\\\/\\\/velvetgym.pl\\\/dostawa-i-platnosc\\\/#local-main-place-address\",\"streetAddress\":\"ul. Marsza\u0142ka Pi\u0142sudskiego 126a\",\"addressLocality\":\"J\u00f3zef\u00f3w\",\"postalCode\":\"05-420\",\"addressRegion\":\"Mazowieckie\",\"addressCountry\":\"PL\"},{\"@type\":\"ImageObject\",\"inLanguage\":\"en-GB\",\"@id\":\"https:\\\/\\\/velvetgym.pl\\\/dostawa-i-platnosc\\\/#local-main-organization-logo\",\"url\":\"https:\\\/\\\/velvetgym.pl\\\/wp-content\\\/uploads\\\/2025\\\/06\\\/cropped-Zrzut-ekranu-2025-06-16-o-13.06.41.png\",\"contentUrl\":\"https:\\\/\\\/velvetgym.pl\\\/wp-content\\\/uploads\\\/2025\\\/06\\\/cropped-Zrzut-ekranu-2025-06-16-o-13.06.41.png\",\"width\":512,\"height\":512,\"caption\":\"Velvet Gym\"}]}<\/script>\n<meta name=\"geo.placename\" content=\"J\u00f3zef\u00f3w\" \/>\n<meta name=\"geo.region\" content=\"Poland\" \/>\n<!-- \/ Yoast SEO Premium plugin. -->","yoast_head_json":{"title":"Dostawa i p\u0142atno\u015b\u0107 - Velvet Gym","robots":{"index":"index","follow":"follow","max-snippet":"max-snippet:-1","max-image-preview":"max-image-preview:large","max-video-preview":"max-video-preview:-1"},"canonical":"https:\/\/velvetgym.pl\/en\/dostawa-i-platnosc\/","og_locale":"en_GB","og_type":"article","og_title":"Dostawa i p\u0142atno\u015b\u0107","og_description":"Dostawa i p\u0142atno\u015b\u0107 Rozumiemy, \u017ce dostawa i p\u0142atno\u015b\u0107 to kluczowe elementy procesu zakupowego. Dlatego staramy si\u0119, aby te procesy by\u0142y jak najbardziej wygodne i transparentne. Dostawa:Nasze zam\u00f3wienia s\u0105 dostarczane za po\u015brednictwem renomowanych firm kurierskich, takich jak DPD, GLS i InPost. Wyb\u00f3r dostawcy zale\u017cy od Twoich preferencji i dost\u0119pno\u015bci na Twoim obszarze. Podczas sk\u0142adania zam\u00f3wienia b\u0119dziesz [&hellip;]","og_url":"https:\/\/velvetgym.pl\/en\/dostawa-i-platnosc\/","og_site_name":"Velvet Gym","article_publisher":"https:\/\/www.facebook.com\/profile.php?id=61576771920334","article_modified_time":"2025-12-11T14:05:55+00:00","twitter_card":"summary_large_image","twitter_misc":{"Estimated reading time":"2 minutes"},"schema":{"@context":"https:\/\/schema.org","@graph":[{"@type":"WebPage","@id":"https:\/\/velvetgym.pl\/dostawa-i-platnosc\/","url":"https:\/\/velvetgym.pl\/dostawa-i-platnosc\/","name":"Dostawa i p\u0142atno\u015b\u0107 - Velvet Gym","isPartOf":{"@id":"https:\/\/velvetgym.pl\/#website"},"datePublished":"2025-12-11T14:05:27+00:00","dateModified":"2025-12-11T14:05:55+00:00","breadcrumb":{"@id":"https:\/\/velvetgym.pl\/dostawa-i-platnosc\/#breadcrumb"},"inLanguage":"en-GB","potentialAction":[{"@type":"ReadAction","target":["https:\/\/velvetgym.pl\/dostawa-i-platnosc\/"]}]},{"@type":"BreadcrumbList","@id":"https:\/\/velvetgym.pl\/dostawa-i-platnosc\/#breadcrumb","itemListElement":[{"@type":"ListItem","position":1,"name":"Strona g\u0142\u00f3wna","item":"https:\/\/velvetgym.pl\/"},{"@type":"ListItem","position":2,"name":"Dostawa i p\u0142atno\u015b\u0107"}]},{"@type":"WebSite","@id":"https:\/\/velvetgym.pl\/#website","url":"https:\/\/velvetgym.pl\/","name":"Velvet Gym - J\u00f3zef\u00f3w","description":"Velvet Gym \u2013 Trenuj inaczej. Nano Gym, Pilates Reformer w jednym miejscu.","publisher":{"@id":"https:\/\/velvetgym.pl\/#organization"},"alternateName":"Velvet Gym, Nano Gym, Pilates Reformer J\u00f3zef\u00f3w","potentialAction":[{"@type":"SearchAction","target":{"@type":"EntryPoint","urlTemplate":"https:\/\/velvetgym.pl\/?s={search_term_string}"},"query-input":{"@type":"PropertyValueSpecification","valueRequired":true,"valueName":"search_term_string"}}],"inLanguage":"en-GB"},{"@type":["Organization","Place","ExerciseGym"],"@id":"https:\/\/velvetgym.pl\/#organization","name":"Velvet Gym","url":"https:\/\/velvetgym.pl\/","logo":{"@id":"https:\/\/velvetgym.pl\/dostawa-i-platnosc\/#local-main-organization-logo"},"image":{"@id":"https:\/\/velvetgym.pl\/dostawa-i-platnosc\/#local-main-organization-logo"},"sameAs":["https:\/\/www.facebook.com\/profile.php?id=61576771920334","https:\/\/www.instagram.com\/velvetgym_jozefow\/"],"address":{"@id":"https:\/\/velvetgym.pl\/dostawa-i-platnosc\/#local-main-place-address"},"telephone":[],"contactPoint":{"@type":"ContactPoint","email":"kontakt@velvetgym.pl"},"openingHoursSpecification":[],"email":"biuro@velvetgym.pl","taxID":"5322118945"},{"@type":"PostalAddress","@id":"https:\/\/velvetgym.pl\/dostawa-i-platnosc\/#local-main-place-address","streetAddress":"ul. Marsza\u0142ka Pi\u0142sudskiego 126a","addressLocality":"J\u00f3zef\u00f3w","postalCode":"05-420","addressRegion":"Mazowieckie","addressCountry":"PL"},{"@type":"ImageObject","inLanguage":"en-GB","@id":"https:\/\/velvetgym.pl\/dostawa-i-platnosc\/#local-main-organization-logo","url":"https:\/\/velvetgym.pl\/wp-content\/uploads\/2025\/06\/cropped-Zrzut-ekranu-2025-06-16-o-13.06.41.png","contentUrl":"https:\/\/velvetgym.pl\/wp-content\/uploads\/2025\/06\/cropped-Zrzut-ekranu-2025-06-16-o-13.06.41.png","width":512,"height":512,"caption":"Velvet Gym"}]},"geo.placename":"J\u00f3zef\u00f3w","geo.region":"Poland"},"_links":{"self":[{"href":"https:\/\/velvetgym.pl\/en\/wp-json\/wp\/v2\/pages\/3208","targetHints":{"allow":["GET"]}}],"collection":[{"href":"https:\/\/velvetgym.pl\/en\/wp-json\/wp\/v2\/pages"}],"about":[{"href":"https:\/\/velvetgym.pl\/en\/wp-json\/wp\/v2\/types\/page"}],"author":[{"embeddable":true,"href":"https:\/\/velvetgym.pl\/en\/wp-json\/wp\/v2\/users\/8"}],"replies":[{"embeddable":true,"href":"https:\/\/velvetgym.pl\/en\/wp-json\/wp\/v2\/comments?post=3208"}],"version-history":[{"count":4,"href":"https:\/\/velvetgym.pl\/en\/wp-json\/wp\/v2\/pages\/3208\/revisions"}],"predecessor-version":[{"id":3212,"href":"https:\/\/velvetgym.pl\/en\/wp-json\/wp\/v2\/pages\/3208\/revisions\/3212"}],"wp:attachment":[{"href":"https:\/\/velvetgym.pl\/en\/wp-json\/wp\/v2\/media?parent=3208"}],"curies":[{"name":"wp","href":"https:\/\/api.w.org\/{rel}","templated":true}]}}