{"id":3197,"date":"2025-12-11T15:02:45","date_gmt":"2025-12-11T14:02:45","guid":{"rendered":"https:\/\/velvetgym.pl\/?page_id=3197"},"modified":"2025-12-11T15:03:58","modified_gmt":"2025-12-11T14:03:58","slug":"czas-realizacji-zamowienia","status":"publish","type":"page","link":"https:\/\/velvetgym.pl\/en\/czas-realizacji-zamowienia\/","title":{"rendered":"Czas realizacji zam\u00f3wienia"},"content":{"rendered":"<style>.elementor-3197 .elementor-element.elementor-element-c2265bb{--display:flex;--flex-direction:column;--container-widget-width:100%;--container-widget-height:initial;--container-widget-flex-grow:0;--container-widget-align-self:initial;--flex-wrap-mobile:wrap;--margin-top:0px;--margin-bottom:0px;--margin-left:0px;--margin-right:0px;--padding-top:100px;--padding-bottom:100px;--padding-left:0px;--padding-right:0px;}.elementor-3197 .elementor-element.elementor-element-c2265bb:not(.elementor-motion-effects-element-type-background), .elementor-3197 .elementor-element.elementor-element-c2265bb > .elementor-motion-effects-container > .elementor-motion-effects-layer{background-color:transparent;background-image:linear-gradient(90deg, var( --e-global-color-primary ) 0%, var( --e-global-color-text ) 100%);}<\/style>\t\t<div data-elementor-type=\"wp-page\" data-elementor-id=\"3197\" class=\"elementor elementor-3197\" data-elementor-post-type=\"page\">\n\t\t\t\t<div class=\"elementor-element elementor-element-c2265bb e-flex e-con-boxed e-con e-parent\" data-id=\"c2265bb\" data-element_type=\"container\" data-e-type=\"container\" data-settings=\"{&quot;background_background&quot;:&quot;gradient&quot;}\">\n\t\t\t\t\t<div class=\"e-con-inner\">\n\t\t\t\t<div class=\"elementor-element elementor-element-6121392 elementor-widget elementor-widget-text-editor\" data-id=\"6121392\" data-element_type=\"widget\" data-e-type=\"widget\" data-widget_type=\"text-editor.default\">\n\t\t\t\t<div class=\"elementor-widget-container\">\n\t\t\t\t\t\t\t\t\t<h1 class=\"elementor-heading-title elementor-size-default\" style=\"text-align: center;\">Czas realizacji zam\u00f3wienia<\/h1>\t\t\t\t\t\t\t\t<\/div>\n\t\t\t\t<\/div>\n\t\t\t\t<div class=\"elementor-element elementor-element-36ec3d6 elementor-widget elementor-widget-text-editor\" data-id=\"36ec3d6\" data-element_type=\"widget\" data-e-type=\"widget\" data-widget_type=\"text-editor.default\">\n\t\t\t\t<div class=\"elementor-widget-container\">\n\t\t\t\t\t\t\t\t\t<p>Rozumiemy, \u017ce oczekujesz szybkiej i sprawniej obs\u0142ugi zam\u00f3wienia, dlatego chcieliby\u015bmy przedstawi\u0107 Ci nasz proces realizacji zam\u00f3wienia.<\/p><ol><li><p><strong>Sk\u0142adanie zam\u00f3wienia:<br \/><\/strong>Po dokonaniu wyboru produkt\u00f3w i dodaniu ich do koszyka, mo\u017cesz rozpocz\u0105\u0107 proces zamawiania. Upewnij si\u0119, \u017ce poda\u0142e\u015b wszystkie niezb\u0119dne informacje, takie jak dane dostawy i p\u0142atno\u015bci.<\/p><\/li><li><p><strong>Weryfikacja zam\u00f3wienia:<\/strong><br \/>Nasz zesp\u00f3\u0142 ds. obs\u0142ugi klienta przejrzy Twoje zam\u00f3wienie, aby upewni\u0107 si\u0119, \u017ce wszystkie dane s\u0105 poprawne i kompleksowe. Je\u015bli pojawi\u0105 si\u0119 jakiekolwiek pytania lub w\u0105tpliwo\u015bci, skontaktujemy si\u0119 z Tob\u0105 w celu ich wyja\u015bnienia.<\/p><\/li><li><p><strong>Przygotowanie zam\u00f3wienia:<\/strong><br \/>Po zatwierdzeniu zam\u00f3wienia, przyst\u0119pujemy do etapu przygotowania produkt\u00f3w. Nasza dru\u017cyna dok\u0142adnie sprawdzi i przygotuje zam\u00f3wione towary, aby zapewni\u0107 ich jako\u015b\u0107.<\/p><\/li><li><p><strong>Pakowanie:<\/strong><br \/>Gotowe produkty zostan\u0105 starannie spakowane w spos\u00f3b, kt\u00f3ry zapewni bezpiecze\u0144stwo w trakcie transportu. Dbamy o to, aby Twoje zam\u00f3wienie dotar\u0142o do Ciebie w nienaruszonym stanie.<\/p><\/li><li><p><strong>Dostawa:<\/strong><br \/>Wybieraj\u0105c preferowany spos\u00f3b dostawy, b\u0119dziemy d\u0105\u017cy\u0107 do dostarczenia Twojego zam\u00f3wienia w jak najszybszym terminie. Oczekuj przesy\u0142ki zgodnie z wybranym terminem dostawy.<\/p><\/li><li><p><strong>Powiadomienie o wysy\u0142ce:<\/strong><br \/>Po nadaniu przesy\u0142ki otrzymasz powiadomienie z informacjami \u015bledzenia, kt\u00f3re pozwol\u0105 Ci monitorowa\u0107 status dostawy.<\/p><\/li><\/ol><p>Czas realizacji zam\u00f3wienia mo\u017ce si\u0119 r\u00f3\u017cni\u0107 w zale\u017cno\u015bci od wielu czynnik\u00f3w, takich jak dost\u0119pno\u015b\u0107 produkt\u00f3w, wybrany spos\u00f3b dostawy oraz obszar dostawy. Wszystko to robimy, aby zapewni\u0107 Ci jak najlepsze do\u015bwiadczenie zakupowe. Twoja zam\u00f3wienie powinno by\u0107 u Ciebie od 2 do 5 dni roboczych.<\/p><p>Dzi\u0119kujemy za wyb\u00f3r naszego sklepu internetowego i cierpliwo\u015b\u0107 w oczekiwaniu na swoje zam\u00f3wienie. Je\u015bli masz jakiekolwiek pytania lub potrzebujesz dodatkowych informacji, skontaktuj si\u0119 z naszym dzia\u0142em obs\u0142ugi klienta. Jeste\u015bmy tu, aby Ci pom\u00f3c!<\/p>\t\t\t\t\t\t\t\t<\/div>\n\t\t\t\t<\/div>\n\t\t\t\t\t<\/div>\n\t\t\t\t<\/div>\n\t\t\t\t<\/div>","protected":false},"excerpt":{"rendered":"<p>Czas realizacji zam\u00f3wienia Rozumiemy, \u017ce oczekujesz szybkiej i sprawniej obs\u0142ugi zam\u00f3wienia, dlatego chcieliby\u015bmy przedstawi\u0107 Ci nasz proces realizacji zam\u00f3wienia. Sk\u0142adanie zam\u00f3wienia:Po dokonaniu wyboru produkt\u00f3w i dodaniu ich do koszyka, mo\u017cesz rozpocz\u0105\u0107 proces zamawiania. Upewnij si\u0119, \u017ce poda\u0142e\u015b wszystkie niezb\u0119dne informacje, takie jak dane dostawy i p\u0142atno\u015bci. Weryfikacja zam\u00f3wienia:Nasz zesp\u00f3\u0142 ds. obs\u0142ugi klienta przejrzy Twoje zam\u00f3wienie, [&hellip;]<\/p>\n","protected":false},"author":8,"featured_media":0,"parent":0,"menu_order":0,"comment_status":"closed","ping_status":"closed","template":"","meta":{"footnotes":""},"class_list":["post-3197","page","type-page","status-publish","hentry"],"yoast_head":"<!-- This site is optimized with the Yoast SEO Premium plugin v27.2 (Yoast SEO v27.4) - https:\/\/yoast.com\/product\/yoast-seo-premium-wordpress\/ -->\n<title>Czas realizacji zam\u00f3wienia - Velvet Gym<\/title>\n<meta name=\"robots\" content=\"index, follow, max-snippet:-1, max-image-preview:large, max-video-preview:-1\" \/>\n<link rel=\"canonical\" href=\"https:\/\/velvetgym.pl\/en\/czas-realizacji-zamowienia\/\" \/>\n<meta property=\"og:locale\" content=\"en_GB\" \/>\n<meta property=\"og:type\" content=\"article\" \/>\n<meta property=\"og:title\" content=\"Czas realizacji zam\u00f3wienia\" \/>\n<meta property=\"og:description\" content=\"Czas realizacji zam\u00f3wienia Rozumiemy, \u017ce oczekujesz szybkiej i sprawniej obs\u0142ugi zam\u00f3wienia, dlatego chcieliby\u015bmy przedstawi\u0107 Ci nasz proces realizacji zam\u00f3wienia. Sk\u0142adanie zam\u00f3wienia:Po dokonaniu wyboru produkt\u00f3w i dodaniu ich do koszyka, mo\u017cesz rozpocz\u0105\u0107 proces zamawiania. Upewnij si\u0119, \u017ce poda\u0142e\u015b wszystkie niezb\u0119dne informacje, takie jak dane dostawy i p\u0142atno\u015bci. Weryfikacja zam\u00f3wienia:Nasz zesp\u00f3\u0142 ds. obs\u0142ugi klienta przejrzy Twoje zam\u00f3wienie, [&hellip;]\" \/>\n<meta property=\"og:url\" content=\"https:\/\/velvetgym.pl\/en\/czas-realizacji-zamowienia\/\" \/>\n<meta property=\"og:site_name\" content=\"Velvet Gym\" \/>\n<meta property=\"article:publisher\" content=\"https:\/\/www.facebook.com\/profile.php?id=61576771920334\" \/>\n<meta property=\"article:modified_time\" content=\"2025-12-11T14:03:58+00:00\" \/>\n<meta name=\"twitter:card\" content=\"summary_large_image\" \/>\n<meta name=\"twitter:label1\" content=\"Estimated reading time\" \/>\n\t<meta name=\"twitter:data1\" content=\"2 minutes\" \/>\n<script type=\"application\/ld+json\" class=\"yoast-schema-graph\">{\"@context\":\"https:\\\/\\\/schema.org\",\"@graph\":[{\"@type\":\"WebPage\",\"@id\":\"https:\\\/\\\/velvetgym.pl\\\/czas-realizacji-zamowienia\\\/\",\"url\":\"https:\\\/\\\/velvetgym.pl\\\/czas-realizacji-zamowienia\\\/\",\"name\":\"Czas realizacji zam\u00f3wienia - Velvet Gym\",\"isPartOf\":{\"@id\":\"https:\\\/\\\/velvetgym.pl\\\/#website\"},\"datePublished\":\"2025-12-11T14:02:45+00:00\",\"dateModified\":\"2025-12-11T14:03:58+00:00\",\"breadcrumb\":{\"@id\":\"https:\\\/\\\/velvetgym.pl\\\/czas-realizacji-zamowienia\\\/#breadcrumb\"},\"inLanguage\":\"en-GB\",\"potentialAction\":[{\"@type\":\"ReadAction\",\"target\":[\"https:\\\/\\\/velvetgym.pl\\\/czas-realizacji-zamowienia\\\/\"]}]},{\"@type\":\"BreadcrumbList\",\"@id\":\"https:\\\/\\\/velvetgym.pl\\\/czas-realizacji-zamowienia\\\/#breadcrumb\",\"itemListElement\":[{\"@type\":\"ListItem\",\"position\":1,\"name\":\"Strona g\u0142\u00f3wna\",\"item\":\"https:\\\/\\\/velvetgym.pl\\\/\"},{\"@type\":\"ListItem\",\"position\":2,\"name\":\"Czas realizacji zam\u00f3wienia\"}]},{\"@type\":\"WebSite\",\"@id\":\"https:\\\/\\\/velvetgym.pl\\\/#website\",\"url\":\"https:\\\/\\\/velvetgym.pl\\\/\",\"name\":\"Velvet Gym - J\u00f3zef\u00f3w\",\"description\":\"Velvet Gym \u2013 Trenuj inaczej. Nano Gym, Pilates Reformer w jednym miejscu.\",\"publisher\":{\"@id\":\"https:\\\/\\\/velvetgym.pl\\\/#organization\"},\"alternateName\":\"Velvet Gym, Nano Gym, Pilates Reformer J\u00f3zef\u00f3w\",\"potentialAction\":[{\"@type\":\"SearchAction\",\"target\":{\"@type\":\"EntryPoint\",\"urlTemplate\":\"https:\\\/\\\/velvetgym.pl\\\/?s={search_term_string}\"},\"query-input\":{\"@type\":\"PropertyValueSpecification\",\"valueRequired\":true,\"valueName\":\"search_term_string\"}}],\"inLanguage\":\"en-GB\"},{\"@type\":[\"Organization\",\"Place\",\"ExerciseGym\"],\"@id\":\"https:\\\/\\\/velvetgym.pl\\\/#organization\",\"name\":\"Velvet Gym\",\"url\":\"https:\\\/\\\/velvetgym.pl\\\/\",\"logo\":{\"@id\":\"https:\\\/\\\/velvetgym.pl\\\/czas-realizacji-zamowienia\\\/#local-main-organization-logo\"},\"image\":{\"@id\":\"https:\\\/\\\/velvetgym.pl\\\/czas-realizacji-zamowienia\\\/#local-main-organization-logo\"},\"sameAs\":[\"https:\\\/\\\/www.facebook.com\\\/profile.php?id=61576771920334\",\"https:\\\/\\\/www.instagram.com\\\/velvetgym_jozefow\\\/\"],\"address\":{\"@id\":\"https:\\\/\\\/velvetgym.pl\\\/czas-realizacji-zamowienia\\\/#local-main-place-address\"},\"telephone\":[],\"contactPoint\":{\"@type\":\"ContactPoint\",\"email\":\"kontakt@velvetgym.pl\"},\"openingHoursSpecification\":[],\"email\":\"biuro@velvetgym.pl\",\"taxID\":\"5322118945\"},{\"@type\":\"PostalAddress\",\"@id\":\"https:\\\/\\\/velvetgym.pl\\\/czas-realizacji-zamowienia\\\/#local-main-place-address\",\"streetAddress\":\"ul. Marsza\u0142ka Pi\u0142sudskiego 126a\",\"addressLocality\":\"J\u00f3zef\u00f3w\",\"postalCode\":\"05-420\",\"addressRegion\":\"Mazowieckie\",\"addressCountry\":\"PL\"},{\"@type\":\"ImageObject\",\"inLanguage\":\"en-GB\",\"@id\":\"https:\\\/\\\/velvetgym.pl\\\/czas-realizacji-zamowienia\\\/#local-main-organization-logo\",\"url\":\"https:\\\/\\\/velvetgym.pl\\\/wp-content\\\/uploads\\\/2025\\\/06\\\/cropped-Zrzut-ekranu-2025-06-16-o-13.06.41.png\",\"contentUrl\":\"https:\\\/\\\/velvetgym.pl\\\/wp-content\\\/uploads\\\/2025\\\/06\\\/cropped-Zrzut-ekranu-2025-06-16-o-13.06.41.png\",\"width\":512,\"height\":512,\"caption\":\"Velvet Gym\"}]}<\/script>\n<meta name=\"geo.placename\" content=\"J\u00f3zef\u00f3w\" \/>\n<meta name=\"geo.region\" content=\"Poland\" \/>\n<!-- \/ Yoast SEO Premium plugin. -->","yoast_head_json":{"title":"Czas realizacji zam\u00f3wienia - Velvet Gym","robots":{"index":"index","follow":"follow","max-snippet":"max-snippet:-1","max-image-preview":"max-image-preview:large","max-video-preview":"max-video-preview:-1"},"canonical":"https:\/\/velvetgym.pl\/en\/czas-realizacji-zamowienia\/","og_locale":"en_GB","og_type":"article","og_title":"Czas realizacji zam\u00f3wienia","og_description":"Czas realizacji zam\u00f3wienia Rozumiemy, \u017ce oczekujesz szybkiej i sprawniej obs\u0142ugi zam\u00f3wienia, dlatego chcieliby\u015bmy przedstawi\u0107 Ci nasz proces realizacji zam\u00f3wienia. Sk\u0142adanie zam\u00f3wienia:Po dokonaniu wyboru produkt\u00f3w i dodaniu ich do koszyka, mo\u017cesz rozpocz\u0105\u0107 proces zamawiania. Upewnij si\u0119, \u017ce poda\u0142e\u015b wszystkie niezb\u0119dne informacje, takie jak dane dostawy i p\u0142atno\u015bci. Weryfikacja zam\u00f3wienia:Nasz zesp\u00f3\u0142 ds. obs\u0142ugi klienta przejrzy Twoje zam\u00f3wienie, [&hellip;]","og_url":"https:\/\/velvetgym.pl\/en\/czas-realizacji-zamowienia\/","og_site_name":"Velvet Gym","article_publisher":"https:\/\/www.facebook.com\/profile.php?id=61576771920334","article_modified_time":"2025-12-11T14:03:58+00:00","twitter_card":"summary_large_image","twitter_misc":{"Estimated reading time":"2 minutes"},"schema":{"@context":"https:\/\/schema.org","@graph":[{"@type":"WebPage","@id":"https:\/\/velvetgym.pl\/czas-realizacji-zamowienia\/","url":"https:\/\/velvetgym.pl\/czas-realizacji-zamowienia\/","name":"Czas realizacji zam\u00f3wienia - Velvet Gym","isPartOf":{"@id":"https:\/\/velvetgym.pl\/#website"},"datePublished":"2025-12-11T14:02:45+00:00","dateModified":"2025-12-11T14:03:58+00:00","breadcrumb":{"@id":"https:\/\/velvetgym.pl\/czas-realizacji-zamowienia\/#breadcrumb"},"inLanguage":"en-GB","potentialAction":[{"@type":"ReadAction","target":["https:\/\/velvetgym.pl\/czas-realizacji-zamowienia\/"]}]},{"@type":"BreadcrumbList","@id":"https:\/\/velvetgym.pl\/czas-realizacji-zamowienia\/#breadcrumb","itemListElement":[{"@type":"ListItem","position":1,"name":"Strona g\u0142\u00f3wna","item":"https:\/\/velvetgym.pl\/"},{"@type":"ListItem","position":2,"name":"Czas realizacji zam\u00f3wienia"}]},{"@type":"WebSite","@id":"https:\/\/velvetgym.pl\/#website","url":"https:\/\/velvetgym.pl\/","name":"Velvet Gym - J\u00f3zef\u00f3w","description":"Velvet Gym \u2013 Trenuj inaczej. Nano Gym, Pilates Reformer w jednym miejscu.","publisher":{"@id":"https:\/\/velvetgym.pl\/#organization"},"alternateName":"Velvet Gym, Nano Gym, Pilates Reformer J\u00f3zef\u00f3w","potentialAction":[{"@type":"SearchAction","target":{"@type":"EntryPoint","urlTemplate":"https:\/\/velvetgym.pl\/?s={search_term_string}"},"query-input":{"@type":"PropertyValueSpecification","valueRequired":true,"valueName":"search_term_string"}}],"inLanguage":"en-GB"},{"@type":["Organization","Place","ExerciseGym"],"@id":"https:\/\/velvetgym.pl\/#organization","name":"Velvet Gym","url":"https:\/\/velvetgym.pl\/","logo":{"@id":"https:\/\/velvetgym.pl\/czas-realizacji-zamowienia\/#local-main-organization-logo"},"image":{"@id":"https:\/\/velvetgym.pl\/czas-realizacji-zamowienia\/#local-main-organization-logo"},"sameAs":["https:\/\/www.facebook.com\/profile.php?id=61576771920334","https:\/\/www.instagram.com\/velvetgym_jozefow\/"],"address":{"@id":"https:\/\/velvetgym.pl\/czas-realizacji-zamowienia\/#local-main-place-address"},"telephone":[],"contactPoint":{"@type":"ContactPoint","email":"kontakt@velvetgym.pl"},"openingHoursSpecification":[],"email":"biuro@velvetgym.pl","taxID":"5322118945"},{"@type":"PostalAddress","@id":"https:\/\/velvetgym.pl\/czas-realizacji-zamowienia\/#local-main-place-address","streetAddress":"ul. Marsza\u0142ka Pi\u0142sudskiego 126a","addressLocality":"J\u00f3zef\u00f3w","postalCode":"05-420","addressRegion":"Mazowieckie","addressCountry":"PL"},{"@type":"ImageObject","inLanguage":"en-GB","@id":"https:\/\/velvetgym.pl\/czas-realizacji-zamowienia\/#local-main-organization-logo","url":"https:\/\/velvetgym.pl\/wp-content\/uploads\/2025\/06\/cropped-Zrzut-ekranu-2025-06-16-o-13.06.41.png","contentUrl":"https:\/\/velvetgym.pl\/wp-content\/uploads\/2025\/06\/cropped-Zrzut-ekranu-2025-06-16-o-13.06.41.png","width":512,"height":512,"caption":"Velvet Gym"}]},"geo.placename":"J\u00f3zef\u00f3w","geo.region":"Poland"},"_links":{"self":[{"href":"https:\/\/velvetgym.pl\/en\/wp-json\/wp\/v2\/pages\/3197","targetHints":{"allow":["GET"]}}],"collection":[{"href":"https:\/\/velvetgym.pl\/en\/wp-json\/wp\/v2\/pages"}],"about":[{"href":"https:\/\/velvetgym.pl\/en\/wp-json\/wp\/v2\/types\/page"}],"author":[{"embeddable":true,"href":"https:\/\/velvetgym.pl\/en\/wp-json\/wp\/v2\/users\/8"}],"replies":[{"embeddable":true,"href":"https:\/\/velvetgym.pl\/en\/wp-json\/wp\/v2\/comments?post=3197"}],"version-history":[{"count":10,"href":"https:\/\/velvetgym.pl\/en\/wp-json\/wp\/v2\/pages\/3197\/revisions"}],"predecessor-version":[{"id":3207,"href":"https:\/\/velvetgym.pl\/en\/wp-json\/wp\/v2\/pages\/3197\/revisions\/3207"}],"wp:attachment":[{"href":"https:\/\/velvetgym.pl\/en\/wp-json\/wp\/v2\/media?parent=3197"}],"curies":[{"name":"wp","href":"https:\/\/api.w.org\/{rel}","templated":true}]}}