{"id":3187,"date":"2025-12-11T14:57:56","date_gmt":"2025-12-11T13:57:56","guid":{"rendered":"https:\/\/velvetgym.pl\/?page_id=3187"},"modified":"2025-12-11T15:00:29","modified_gmt":"2025-12-11T14:00:29","slug":"reklamacje-i-wymiany","status":"publish","type":"page","link":"https:\/\/velvetgym.pl\/en\/reklamacje-i-wymiany\/","title":{"rendered":"Reklamacje i wymiany"},"content":{"rendered":"<style>.elementor-3187 .elementor-element.elementor-element-c2265bb{--display:flex;--flex-direction:column;--container-widget-width:100%;--container-widget-height:initial;--container-widget-flex-grow:0;--container-widget-align-self:initial;--flex-wrap-mobile:wrap;--margin-top:0px;--margin-bottom:0px;--margin-left:0px;--margin-right:0px;--padding-top:100px;--padding-bottom:100px;--padding-left:0px;--padding-right:0px;}.elementor-3187 .elementor-element.elementor-element-c2265bb:not(.elementor-motion-effects-element-type-background), .elementor-3187 .elementor-element.elementor-element-c2265bb > .elementor-motion-effects-container > .elementor-motion-effects-layer{background-color:transparent;background-image:linear-gradient(90deg, var( --e-global-color-primary ) 0%, var( --e-global-color-text ) 100%);}<\/style>\t\t<div data-elementor-type=\"wp-page\" data-elementor-id=\"3187\" class=\"elementor elementor-3187\" data-elementor-post-type=\"page\">\n\t\t\t\t<div class=\"elementor-element elementor-element-c2265bb e-flex e-con-boxed e-con e-parent\" data-id=\"c2265bb\" data-element_type=\"container\" data-e-type=\"container\" data-settings=\"{&quot;background_background&quot;:&quot;gradient&quot;}\">\n\t\t\t\t\t<div class=\"e-con-inner\">\n\t\t\t\t<div class=\"elementor-element elementor-element-6121392 elementor-widget elementor-widget-text-editor\" data-id=\"6121392\" data-element_type=\"widget\" data-e-type=\"widget\" data-widget_type=\"text-editor.default\">\n\t\t\t\t<div class=\"elementor-widget-container\">\n\t\t\t\t\t\t\t\t\t<h1 class=\"elementor-heading-title elementor-size-default\" style=\"text-align: center;\">Reklamacje i wymiany<\/h1>\t\t\t\t\t\t\t\t<\/div>\n\t\t\t\t<\/div>\n\t\t\t\t<div class=\"elementor-element elementor-element-36ec3d6 elementor-widget elementor-widget-text-editor\" data-id=\"36ec3d6\" data-element_type=\"widget\" data-e-type=\"widget\" data-widget_type=\"text-editor.default\">\n\t\t\t\t<div class=\"elementor-widget-container\">\n\t\t\t\t\t\t\t\t\t<p>Twoje zadowolenie z zakup\u00f3w w naszym sklepie internetowym jest dla nas priorytetem. Chcemy, aby\u015b by\u0142(a) w pe\u0142ni usatysfakcjonowany(a) zakupionymi produktami. Je\u015bli jednak z jakiego\u015b powodu nie jeste\u015b zadowolony(a) z produktu lub masz pow\u00f3d do reklamacji, jeste\u015bmy tu, aby Ci pom\u00f3c.<\/p><p><strong>Reklamacje:<\/strong><\/p><ul><li>Je\u015bli otrzymasz produkt, kt\u00f3ry jest wadliwy lub nie spe\u0142nia Twoich oczekiwa\u0144, skontaktuj si\u0119 z nami w ci\u0105gu 14 dni od daty otrzymania zam\u00f3wienia.<\/li><li>Przyjmujemy reklamacje dotycz\u0105ce wad fabrycznych, uszkodze\u0144 w transporcie oraz niezgodno\u015bci z opisem produktu.<\/li><li>Aby zg\u0142osi\u0107 reklamacj\u0119, skorzystaj z formularza kontaktowego na naszej stronie internetowej i podaj szczeg\u00f3\u0142owy opis problemu. Do zg\u0142oszenia reklamacji mo\u017ce by\u0107 wymagane do\u0142\u0105czenie zdj\u0119\u0107.<\/li><li>czas realizacji reklamacji przez serwis jest do 14 dni roboczych.<\/li><\/ul><div>\u00a0<\/div><p><strong>Wymiany:<\/strong><\/p><ul><li>Je\u015bli chcesz wymieni\u0107 produkt na inny rozmiar, kolor lub model, skontaktuj si\u0119 z nami w ci\u0105gu 14 dni od daty otrzymania zam\u00f3wienia.<\/li><li>Aby zainicjowa\u0107 proces wymiany, skorzystaj z formularza kontaktowego na naszej stronie internetowej i podaj informacje o produkcie, kt\u00f3ry chcesz wymieni\u0107, oraz nowy produkt, kt\u00f3ry chcesz otrzyma\u0107.<\/li><\/ul><div>\u00a0<\/div><p>Naszym celem jest rozpatrzenie Twojej reklamacji lub wymiany jak najszybciej i jak najsprawniej.\u00a0<\/p><p>Po otrzymaniu Twojego zg\u0142oszenia skontaktujemy si\u0119 z Tob\u0105, aby om\u00f3wi\u0107 dalsze kroki.<\/p>\t\t\t\t\t\t\t\t<\/div>\n\t\t\t\t<\/div>\n\t\t\t\t\t<\/div>\n\t\t\t\t<\/div>\n\t\t\t\t<\/div>","protected":false},"excerpt":{"rendered":"<p>Reklamacje i wymiany Twoje zadowolenie z zakup\u00f3w w naszym sklepie internetowym jest dla nas priorytetem. Chcemy, aby\u015b by\u0142(a) w pe\u0142ni usatysfakcjonowany(a) zakupionymi produktami. Je\u015bli jednak z jakiego\u015b powodu nie jeste\u015b zadowolony(a) z produktu lub masz pow\u00f3d do reklamacji, jeste\u015bmy tu, aby Ci pom\u00f3c. Reklamacje: Je\u015bli otrzymasz produkt, kt\u00f3ry jest wadliwy lub nie spe\u0142nia Twoich oczekiwa\u0144, [&hellip;]<\/p>\n","protected":false},"author":8,"featured_media":0,"parent":0,"menu_order":0,"comment_status":"closed","ping_status":"closed","template":"","meta":{"footnotes":""},"class_list":["post-3187","page","type-page","status-publish","hentry"],"yoast_head":"<!-- This site is optimized with the Yoast SEO Premium plugin v27.2 (Yoast SEO v27.4) - https:\/\/yoast.com\/product\/yoast-seo-premium-wordpress\/ -->\n<title>Reklamacje i wymiany - Velvet Gym<\/title>\n<meta name=\"robots\" content=\"index, follow, max-snippet:-1, max-image-preview:large, max-video-preview:-1\" \/>\n<link rel=\"canonical\" href=\"https:\/\/velvetgym.pl\/en\/reklamacje-i-wymiany\/\" \/>\n<meta property=\"og:locale\" content=\"en_GB\" \/>\n<meta property=\"og:type\" content=\"article\" \/>\n<meta property=\"og:title\" content=\"Reklamacje i wymiany\" \/>\n<meta property=\"og:description\" content=\"Reklamacje i wymiany Twoje zadowolenie z zakup\u00f3w w naszym sklepie internetowym jest dla nas priorytetem. Chcemy, aby\u015b by\u0142(a) w pe\u0142ni usatysfakcjonowany(a) zakupionymi produktami. Je\u015bli jednak z jakiego\u015b powodu nie jeste\u015b zadowolony(a) z produktu lub masz pow\u00f3d do reklamacji, jeste\u015bmy tu, aby Ci pom\u00f3c. Reklamacje: Je\u015bli otrzymasz produkt, kt\u00f3ry jest wadliwy lub nie spe\u0142nia Twoich oczekiwa\u0144, [&hellip;]\" \/>\n<meta property=\"og:url\" content=\"https:\/\/velvetgym.pl\/en\/reklamacje-i-wymiany\/\" \/>\n<meta property=\"og:site_name\" content=\"Velvet Gym\" \/>\n<meta property=\"article:publisher\" content=\"https:\/\/www.facebook.com\/profile.php?id=61576771920334\" \/>\n<meta property=\"article:modified_time\" content=\"2025-12-11T14:00:29+00:00\" \/>\n<meta name=\"twitter:card\" content=\"summary_large_image\" \/>\n<meta name=\"twitter:label1\" content=\"Estimated reading time\" \/>\n\t<meta name=\"twitter:data1\" content=\"2 minutes\" \/>\n<script type=\"application\/ld+json\" class=\"yoast-schema-graph\">{\"@context\":\"https:\\\/\\\/schema.org\",\"@graph\":[{\"@type\":\"WebPage\",\"@id\":\"https:\\\/\\\/velvetgym.pl\\\/reklamacje-i-wymiany\\\/\",\"url\":\"https:\\\/\\\/velvetgym.pl\\\/reklamacje-i-wymiany\\\/\",\"name\":\"Reklamacje i wymiany - Velvet Gym\",\"isPartOf\":{\"@id\":\"https:\\\/\\\/velvetgym.pl\\\/#website\"},\"datePublished\":\"2025-12-11T13:57:56+00:00\",\"dateModified\":\"2025-12-11T14:00:29+00:00\",\"breadcrumb\":{\"@id\":\"https:\\\/\\\/velvetgym.pl\\\/reklamacje-i-wymiany\\\/#breadcrumb\"},\"inLanguage\":\"en-GB\",\"potentialAction\":[{\"@type\":\"ReadAction\",\"target\":[\"https:\\\/\\\/velvetgym.pl\\\/reklamacje-i-wymiany\\\/\"]}]},{\"@type\":\"BreadcrumbList\",\"@id\":\"https:\\\/\\\/velvetgym.pl\\\/reklamacje-i-wymiany\\\/#breadcrumb\",\"itemListElement\":[{\"@type\":\"ListItem\",\"position\":1,\"name\":\"Strona g\u0142\u00f3wna\",\"item\":\"https:\\\/\\\/velvetgym.pl\\\/\"},{\"@type\":\"ListItem\",\"position\":2,\"name\":\"Reklamacje i wymiany\"}]},{\"@type\":\"WebSite\",\"@id\":\"https:\\\/\\\/velvetgym.pl\\\/#website\",\"url\":\"https:\\\/\\\/velvetgym.pl\\\/\",\"name\":\"Velvet Gym - J\u00f3zef\u00f3w\",\"description\":\"Velvet Gym \u2013 Trenuj inaczej. Nano Gym, Pilates Reformer w jednym miejscu.\",\"publisher\":{\"@id\":\"https:\\\/\\\/velvetgym.pl\\\/#organization\"},\"alternateName\":\"Velvet Gym, Nano Gym, Pilates Reformer J\u00f3zef\u00f3w\",\"potentialAction\":[{\"@type\":\"SearchAction\",\"target\":{\"@type\":\"EntryPoint\",\"urlTemplate\":\"https:\\\/\\\/velvetgym.pl\\\/?s={search_term_string}\"},\"query-input\":{\"@type\":\"PropertyValueSpecification\",\"valueRequired\":true,\"valueName\":\"search_term_string\"}}],\"inLanguage\":\"en-GB\"},{\"@type\":[\"Organization\",\"Place\",\"ExerciseGym\"],\"@id\":\"https:\\\/\\\/velvetgym.pl\\\/#organization\",\"name\":\"Velvet Gym\",\"url\":\"https:\\\/\\\/velvetgym.pl\\\/\",\"logo\":{\"@id\":\"https:\\\/\\\/velvetgym.pl\\\/reklamacje-i-wymiany\\\/#local-main-organization-logo\"},\"image\":{\"@id\":\"https:\\\/\\\/velvetgym.pl\\\/reklamacje-i-wymiany\\\/#local-main-organization-logo\"},\"sameAs\":[\"https:\\\/\\\/www.facebook.com\\\/profile.php?id=61576771920334\",\"https:\\\/\\\/www.instagram.com\\\/velvetgym_jozefow\\\/\"],\"address\":{\"@id\":\"https:\\\/\\\/velvetgym.pl\\\/reklamacje-i-wymiany\\\/#local-main-place-address\"},\"telephone\":[],\"contactPoint\":{\"@type\":\"ContactPoint\",\"email\":\"kontakt@velvetgym.pl\"},\"openingHoursSpecification\":[],\"email\":\"biuro@velvetgym.pl\",\"taxID\":\"5322118945\"},{\"@type\":\"PostalAddress\",\"@id\":\"https:\\\/\\\/velvetgym.pl\\\/reklamacje-i-wymiany\\\/#local-main-place-address\",\"streetAddress\":\"ul. Marsza\u0142ka Pi\u0142sudskiego 126a\",\"addressLocality\":\"J\u00f3zef\u00f3w\",\"postalCode\":\"05-420\",\"addressRegion\":\"Mazowieckie\",\"addressCountry\":\"PL\"},{\"@type\":\"ImageObject\",\"inLanguage\":\"en-GB\",\"@id\":\"https:\\\/\\\/velvetgym.pl\\\/reklamacje-i-wymiany\\\/#local-main-organization-logo\",\"url\":\"https:\\\/\\\/velvetgym.pl\\\/wp-content\\\/uploads\\\/2025\\\/06\\\/cropped-Zrzut-ekranu-2025-06-16-o-13.06.41.png\",\"contentUrl\":\"https:\\\/\\\/velvetgym.pl\\\/wp-content\\\/uploads\\\/2025\\\/06\\\/cropped-Zrzut-ekranu-2025-06-16-o-13.06.41.png\",\"width\":512,\"height\":512,\"caption\":\"Velvet Gym\"}]}<\/script>\n<meta name=\"geo.placename\" content=\"J\u00f3zef\u00f3w\" \/>\n<meta name=\"geo.region\" content=\"Poland\" \/>\n<!-- \/ Yoast SEO Premium plugin. -->","yoast_head_json":{"title":"Reklamacje i wymiany - Velvet Gym","robots":{"index":"index","follow":"follow","max-snippet":"max-snippet:-1","max-image-preview":"max-image-preview:large","max-video-preview":"max-video-preview:-1"},"canonical":"https:\/\/velvetgym.pl\/en\/reklamacje-i-wymiany\/","og_locale":"en_GB","og_type":"article","og_title":"Reklamacje i wymiany","og_description":"Reklamacje i wymiany Twoje zadowolenie z zakup\u00f3w w naszym sklepie internetowym jest dla nas priorytetem. Chcemy, aby\u015b by\u0142(a) w pe\u0142ni usatysfakcjonowany(a) zakupionymi produktami. Je\u015bli jednak z jakiego\u015b powodu nie jeste\u015b zadowolony(a) z produktu lub masz pow\u00f3d do reklamacji, jeste\u015bmy tu, aby Ci pom\u00f3c. Reklamacje: Je\u015bli otrzymasz produkt, kt\u00f3ry jest wadliwy lub nie spe\u0142nia Twoich oczekiwa\u0144, [&hellip;]","og_url":"https:\/\/velvetgym.pl\/en\/reklamacje-i-wymiany\/","og_site_name":"Velvet Gym","article_publisher":"https:\/\/www.facebook.com\/profile.php?id=61576771920334","article_modified_time":"2025-12-11T14:00:29+00:00","twitter_card":"summary_large_image","twitter_misc":{"Estimated reading time":"2 minutes"},"schema":{"@context":"https:\/\/schema.org","@graph":[{"@type":"WebPage","@id":"https:\/\/velvetgym.pl\/reklamacje-i-wymiany\/","url":"https:\/\/velvetgym.pl\/reklamacje-i-wymiany\/","name":"Reklamacje i wymiany - Velvet Gym","isPartOf":{"@id":"https:\/\/velvetgym.pl\/#website"},"datePublished":"2025-12-11T13:57:56+00:00","dateModified":"2025-12-11T14:00:29+00:00","breadcrumb":{"@id":"https:\/\/velvetgym.pl\/reklamacje-i-wymiany\/#breadcrumb"},"inLanguage":"en-GB","potentialAction":[{"@type":"ReadAction","target":["https:\/\/velvetgym.pl\/reklamacje-i-wymiany\/"]}]},{"@type":"BreadcrumbList","@id":"https:\/\/velvetgym.pl\/reklamacje-i-wymiany\/#breadcrumb","itemListElement":[{"@type":"ListItem","position":1,"name":"Strona g\u0142\u00f3wna","item":"https:\/\/velvetgym.pl\/"},{"@type":"ListItem","position":2,"name":"Reklamacje i wymiany"}]},{"@type":"WebSite","@id":"https:\/\/velvetgym.pl\/#website","url":"https:\/\/velvetgym.pl\/","name":"Velvet Gym - J\u00f3zef\u00f3w","description":"Velvet Gym \u2013 Trenuj inaczej. Nano Gym, Pilates Reformer w jednym miejscu.","publisher":{"@id":"https:\/\/velvetgym.pl\/#organization"},"alternateName":"Velvet Gym, Nano Gym, Pilates Reformer J\u00f3zef\u00f3w","potentialAction":[{"@type":"SearchAction","target":{"@type":"EntryPoint","urlTemplate":"https:\/\/velvetgym.pl\/?s={search_term_string}"},"query-input":{"@type":"PropertyValueSpecification","valueRequired":true,"valueName":"search_term_string"}}],"inLanguage":"en-GB"},{"@type":["Organization","Place","ExerciseGym"],"@id":"https:\/\/velvetgym.pl\/#organization","name":"Velvet Gym","url":"https:\/\/velvetgym.pl\/","logo":{"@id":"https:\/\/velvetgym.pl\/reklamacje-i-wymiany\/#local-main-organization-logo"},"image":{"@id":"https:\/\/velvetgym.pl\/reklamacje-i-wymiany\/#local-main-organization-logo"},"sameAs":["https:\/\/www.facebook.com\/profile.php?id=61576771920334","https:\/\/www.instagram.com\/velvetgym_jozefow\/"],"address":{"@id":"https:\/\/velvetgym.pl\/reklamacje-i-wymiany\/#local-main-place-address"},"telephone":[],"contactPoint":{"@type":"ContactPoint","email":"kontakt@velvetgym.pl"},"openingHoursSpecification":[],"email":"biuro@velvetgym.pl","taxID":"5322118945"},{"@type":"PostalAddress","@id":"https:\/\/velvetgym.pl\/reklamacje-i-wymiany\/#local-main-place-address","streetAddress":"ul. Marsza\u0142ka Pi\u0142sudskiego 126a","addressLocality":"J\u00f3zef\u00f3w","postalCode":"05-420","addressRegion":"Mazowieckie","addressCountry":"PL"},{"@type":"ImageObject","inLanguage":"en-GB","@id":"https:\/\/velvetgym.pl\/reklamacje-i-wymiany\/#local-main-organization-logo","url":"https:\/\/velvetgym.pl\/wp-content\/uploads\/2025\/06\/cropped-Zrzut-ekranu-2025-06-16-o-13.06.41.png","contentUrl":"https:\/\/velvetgym.pl\/wp-content\/uploads\/2025\/06\/cropped-Zrzut-ekranu-2025-06-16-o-13.06.41.png","width":512,"height":512,"caption":"Velvet Gym"}]},"geo.placename":"J\u00f3zef\u00f3w","geo.region":"Poland"},"_links":{"self":[{"href":"https:\/\/velvetgym.pl\/en\/wp-json\/wp\/v2\/pages\/3187","targetHints":{"allow":["GET"]}}],"collection":[{"href":"https:\/\/velvetgym.pl\/en\/wp-json\/wp\/v2\/pages"}],"about":[{"href":"https:\/\/velvetgym.pl\/en\/wp-json\/wp\/v2\/types\/page"}],"author":[{"embeddable":true,"href":"https:\/\/velvetgym.pl\/en\/wp-json\/wp\/v2\/users\/8"}],"replies":[{"embeddable":true,"href":"https:\/\/velvetgym.pl\/en\/wp-json\/wp\/v2\/comments?post=3187"}],"version-history":[{"count":7,"href":"https:\/\/velvetgym.pl\/en\/wp-json\/wp\/v2\/pages\/3187\/revisions"}],"predecessor-version":[{"id":3196,"href":"https:\/\/velvetgym.pl\/en\/wp-json\/wp\/v2\/pages\/3187\/revisions\/3196"}],"wp:attachment":[{"href":"https:\/\/velvetgym.pl\/en\/wp-json\/wp\/v2\/media?parent=3187"}],"curies":[{"name":"wp","href":"https:\/\/api.w.org\/{rel}","templated":true}]}}