{"id":3024,"date":"2025-12-11T10:33:15","date_gmt":"2025-12-11T09:33:15","guid":{"rendered":"https:\/\/velvetgym.pl\/koszyk\/"},"modified":"2025-12-11T17:18:56","modified_gmt":"2025-12-11T16:18:56","slug":"koszyk","status":"publish","type":"page","link":"https:\/\/velvetgym.pl\/en\/koszyk\/","title":{"rendered":"Basket"},"content":{"rendered":"<style>.elementor-3024 .elementor-element.elementor-element-6737897b{--display:flex;--min-height:74vh;--justify-content:center;}.elementor-3024 .elementor-element.elementor-element-6737897b:not(.elementor-motion-effects-element-type-background), .elementor-3024 .elementor-element.elementor-element-6737897b > .elementor-motion-effects-container > .elementor-motion-effects-layer{background-color:transparent;background-image:linear-gradient(90deg, var( --e-global-color-primary ) 0%, var( --e-global-color-text ) 100%);}.elementor-3024 .elementor-element.elementor-element-901d143{text-align:center;}.elementor-3024 .elementor-element.elementor-element-4b682fa{--sections-background-color:#6E0920;--sections-border-color:#FFFAE3;--sections-title-color:var( --e-global-color-secondary );--links-normal-color:var( --e-global-color-secondary );--links-hover-color:var( --e-global-color-text );--sections-radio-buttons-color:var( --e-global-color-secondary );--forms-fields-normal-color:var( --e-global-color-primary );--forms-buttons-normal-text-color:var( --e-global-color-primary );--forms-buttons-hover-text-color:var( --e-global-color-secondary );--forms-buttons-hover-border-color:var( --e-global-color-secondary );--forms-buttons-border-type:solid;--forms-buttons-border-color:var( --e-global-color-secondary );--order-summary-color:var( --e-global-color-secondary );--order-summary-variations-color:var( --e-global-color-secondary );--product-link-normal-color:var( --e-global-color-secondary );--order-summary-items-divider-color:var( --e-global-color-secondary );--order-summary-quantity-border-color:var( --e-global-color-secondary );--order-summary-remove-icon-normal-color:var( --e-global-color-secondary );--totals-color:var( --e-global-color-secondary );--totals-divider-color:var( --e-global-color-secondary );--checkout-button-normal-text-color:var( --e-global-color-primary );--checkout-button-hover-text-color:var( --e-global-color-secondary );--checkout-button-hover-border-color:var( --e-global-color-secondary );}.elementor-3024 .elementor-element.elementor-element-4b682fa {--sections-descriptions-color:var( --e-global-color-secondary );}.e-woo-select2-wrapper .select2-results__option{color:var( --e-global-color-primary );}.elementor-3024 .elementor-element.elementor-element-4b682fa .select2-container--default .select2-selection--single .select2-selection__arrow b{border-color:var( --e-global-color-primary );}.elementor-3024 .elementor-element.elementor-element-4b682fa .shop_table .button{background-color:var( --e-global-color-secondary );border-width:1px 1px 1px 1px;}.elementor-3024 .elementor-element.elementor-element-4b682fa .shop_table .button:hover, .elementor-3024 .elementor-element.elementor-element-4b682fa .shop_table .button:disabled[disabled]:hover{background-color:var( --e-global-color-primary );}.elementor-3024 .elementor-element.elementor-element-4b682fa .woocommerce-cart-form{--order-summary-title-color:var( --e-global-color-secondary );}.elementor-3024 .elementor-element.elementor-element-4b682fa .woocommerce .wc-proceed-to-checkout .checkout-button{background-color:var( --e-global-color-secondary );}.elementor-3024 .elementor-element.elementor-element-4b682fa .woocommerce .wc-proceed-to-checkout .checkout-button:hover{background-color:var( --e-global-color-primary );}.elementor-3024 .elementor-element.elementor-element-4b682fa .checkout-button{border-style:solid;border-width:1px 1px 1px 1px;border-color:var( --e-global-color-secondary );}\/* Start custom CSS for woocommerce-cart, class: .elementor-element-4b682fa *\/.elementor-3024 .elementor-element.elementor-element-4b682fa .woocommerce form .form-row label {\n    color: #FFFAE3;\n}\/* End custom CSS *\/<\/style>\t\t<div data-elementor-type=\"wp-page\" data-elementor-id=\"3024\" class=\"elementor elementor-3024\" data-elementor-post-type=\"page\">\n\t\t\t\t<div class=\"elementor-element elementor-element-6737897b e-flex e-con-boxed e-con e-parent\" data-id=\"6737897b\" data-element_type=\"container\" data-e-type=\"container\" data-settings=\"{&quot;background_background&quot;:&quot;gradient&quot;}\">\n\t\t\t\t\t<div class=\"e-con-inner\">\n\t\t\t\t<div class=\"elementor-element elementor-element-901d143 elementor-widget elementor-widget-heading\" data-id=\"901d143\" data-element_type=\"widget\" data-e-type=\"widget\" data-widget_type=\"heading.default\">\n\t\t\t\t<div class=\"elementor-widget-container\">\n\t\t\t\t\t<h2 class=\"elementor-heading-title elementor-size-default\">Koszyk<\/h2>\t\t\t\t<\/div>\n\t\t\t\t<\/div>\n\t\t\t\t\t<\/div>\n\t\t\t\t<\/div>\n\t\t\t\t<\/div>\n\t\t","protected":false},"excerpt":{"rendered":"<p>Usu\u0144 Miniatura Produkt Cena Ilo\u015b\u0107 Kwota &times; Plecak GIPARA NANO GYM \u2013 czarny 150,00&nbsp;&#122;&#322; ilo\u015b\u0107 Plecak GIPARA NANO GYM \u2013 czarny 150,00&nbsp;&#122;&#322; Zaktualizuj koszyk Zastosuj kupon Podsumowanie koszyka Kwota 150,00&nbsp;&#122;&#322; Wysy\u0142ka Kurier DPD: 20,00&nbsp;&#122;&#322; Odbi\u00f3r osobisty w klubie\u00a0VelvetGym Wysy\u0142ka do: \u0141AWY, 28, 97-400 \u0141AWY. Zmie\u0144 adres Kraj \/ region Wybierz kraj\/region&hellip;AfganistanAlbaniaAlgieriaAndoraAngolaAnguillaAntarktydaAntigua i BarbudaArabia SaudyjskaArgentynaArmeniaArubaAustraliaAustriaAzerbejd\u017canBahamyBahrajnBangladeszBarbadosBelauBelgiaBelizeBeninBermudyBhutanBia\u0142oru\u015bBoliwiaBo\u015bnia i [&hellip;]<\/p>\n","protected":false},"author":1,"featured_media":0,"parent":0,"menu_order":0,"comment_status":"closed","ping_status":"closed","template":"","meta":{"footnotes":""},"class_list":["post-3024","page","type-page","status-publish","hentry"],"yoast_head":"<!-- This site is optimized with the Yoast SEO Premium plugin v27.2 (Yoast SEO v27.4) - https:\/\/yoast.com\/product\/yoast-seo-premium-wordpress\/ -->\n<title>Koszyk - Velvet Gym<\/title>\n<meta name=\"robots\" content=\"index, follow, max-snippet:-1, max-image-preview:large, max-video-preview:-1\" \/>\n<link rel=\"canonical\" href=\"https:\/\/velvetgym.pl\/en\/koszyk\/\" \/>\n<meta property=\"og:locale\" content=\"en_GB\" \/>\n<meta property=\"og:type\" content=\"article\" \/>\n<meta property=\"og:title\" content=\"Koszyk\" \/>\n<meta property=\"og:description\" content=\"Usu\u0144 Miniatura Produkt Cena Ilo\u015b\u0107 Kwota &times; Plecak GIPARA NANO GYM \u2013 czarny 150,00&nbsp;&#122;&#322; ilo\u015b\u0107 Plecak GIPARA NANO GYM \u2013 czarny 150,00&nbsp;&#122;&#322; Zaktualizuj koszyk Zastosuj kupon Podsumowanie koszyka Kwota 150,00&nbsp;&#122;&#322; Wysy\u0142ka Kurier DPD: 20,00&nbsp;&#122;&#322; Odbi\u00f3r osobisty w klubie\u00a0VelvetGym Wysy\u0142ka do: \u0141AWY, 28, 97-400 \u0141AWY. Zmie\u0144 adres Kraj \/ region Wybierz kraj\/region&hellip;AfganistanAlbaniaAlgieriaAndoraAngolaAnguillaAntarktydaAntigua i BarbudaArabia SaudyjskaArgentynaArmeniaArubaAustraliaAustriaAzerbejd\u017canBahamyBahrajnBangladeszBarbadosBelauBelgiaBelizeBeninBermudyBhutanBia\u0142oru\u015bBoliwiaBo\u015bnia i [&hellip;]\" \/>\n<meta property=\"og:url\" content=\"https:\/\/velvetgym.pl\/en\/koszyk\/\" \/>\n<meta property=\"og:site_name\" content=\"Velvet Gym\" \/>\n<meta property=\"article:publisher\" content=\"https:\/\/www.facebook.com\/profile.php?id=61576771920334\" \/>\n<meta property=\"article:modified_time\" content=\"2025-12-11T16:18:56+00:00\" \/>\n<meta property=\"og:image\" content=\"https:\/\/velvetgym.pl\/wp-content\/uploads\/2025\/12\/Plecak-300x300.webp\" \/>\n<meta name=\"twitter:card\" content=\"summary_large_image\" \/>\n<meta name=\"twitter:label1\" content=\"Estimated reading time\" \/>\n\t<meta name=\"twitter:data1\" content=\"3 minutes\" \/>\n<script type=\"application\/ld+json\" class=\"yoast-schema-graph\">{\"@context\":\"https:\\\/\\\/schema.org\",\"@graph\":[{\"@type\":\"WebPage\",\"@id\":\"https:\\\/\\\/velvetgym.pl\\\/koszyk\\\/\",\"url\":\"https:\\\/\\\/velvetgym.pl\\\/koszyk\\\/\",\"name\":\"Koszyk - Velvet Gym\",\"isPartOf\":{\"@id\":\"https:\\\/\\\/velvetgym.pl\\\/#website\"},\"primaryImageOfPage\":{\"@id\":\"https:\\\/\\\/velvetgym.pl\\\/koszyk\\\/#primaryimage\"},\"image\":{\"@id\":\"https:\\\/\\\/velvetgym.pl\\\/koszyk\\\/#primaryimage\"},\"thumbnailUrl\":\"https:\\\/\\\/velvetgym.pl\\\/wp-content\\\/uploads\\\/2025\\\/12\\\/Plecak-300x300.webp\",\"datePublished\":\"2025-12-11T09:33:15+00:00\",\"dateModified\":\"2025-12-11T16:18:56+00:00\",\"breadcrumb\":{\"@id\":\"https:\\\/\\\/velvetgym.pl\\\/koszyk\\\/#breadcrumb\"},\"inLanguage\":\"en-GB\",\"potentialAction\":[{\"@type\":\"ReadAction\",\"target\":[\"https:\\\/\\\/velvetgym.pl\\\/koszyk\\\/\"]}]},{\"@type\":\"ImageObject\",\"inLanguage\":\"en-GB\",\"@id\":\"https:\\\/\\\/velvetgym.pl\\\/koszyk\\\/#primaryimage\",\"url\":\"https:\\\/\\\/velvetgym.pl\\\/wp-content\\\/uploads\\\/2025\\\/12\\\/Plecak-300x300.webp\",\"contentUrl\":\"https:\\\/\\\/velvetgym.pl\\\/wp-content\\\/uploads\\\/2025\\\/12\\\/Plecak-300x300.webp\"},{\"@type\":\"BreadcrumbList\",\"@id\":\"https:\\\/\\\/velvetgym.pl\\\/koszyk\\\/#breadcrumb\",\"itemListElement\":[{\"@type\":\"ListItem\",\"position\":1,\"name\":\"Strona g\u0142\u00f3wna\",\"item\":\"https:\\\/\\\/velvetgym.pl\\\/\"},{\"@type\":\"ListItem\",\"position\":2,\"name\":\"Koszyk\"}]},{\"@type\":\"WebSite\",\"@id\":\"https:\\\/\\\/velvetgym.pl\\\/#website\",\"url\":\"https:\\\/\\\/velvetgym.pl\\\/\",\"name\":\"Velvet Gym - J\u00f3zef\u00f3w\",\"description\":\"Velvet Gym \u2013 Trenuj inaczej. Nano Gym, Pilates Reformer w jednym miejscu.\",\"publisher\":{\"@id\":\"https:\\\/\\\/velvetgym.pl\\\/#organization\"},\"alternateName\":\"Velvet Gym, Nano Gym, Pilates Reformer J\u00f3zef\u00f3w\",\"potentialAction\":[{\"@type\":\"SearchAction\",\"target\":{\"@type\":\"EntryPoint\",\"urlTemplate\":\"https:\\\/\\\/velvetgym.pl\\\/?s={search_term_string}\"},\"query-input\":{\"@type\":\"PropertyValueSpecification\",\"valueRequired\":true,\"valueName\":\"search_term_string\"}}],\"inLanguage\":\"en-GB\"},{\"@type\":[\"Organization\",\"Place\",\"ExerciseGym\"],\"@id\":\"https:\\\/\\\/velvetgym.pl\\\/#organization\",\"name\":\"Velvet Gym\",\"url\":\"https:\\\/\\\/velvetgym.pl\\\/\",\"logo\":{\"@id\":\"https:\\\/\\\/velvetgym.pl\\\/koszyk\\\/#local-main-organization-logo\"},\"image\":{\"@id\":\"https:\\\/\\\/velvetgym.pl\\\/koszyk\\\/#local-main-organization-logo\"},\"sameAs\":[\"https:\\\/\\\/www.facebook.com\\\/profile.php?id=61576771920334\",\"https:\\\/\\\/www.instagram.com\\\/velvetgym_jozefow\\\/\"],\"address\":{\"@id\":\"https:\\\/\\\/velvetgym.pl\\\/koszyk\\\/#local-main-place-address\"},\"telephone\":[],\"contactPoint\":{\"@type\":\"ContactPoint\",\"email\":\"kontakt@velvetgym.pl\"},\"openingHoursSpecification\":[],\"email\":\"biuro@velvetgym.pl\",\"taxID\":\"5322118945\"},{\"@type\":\"PostalAddress\",\"@id\":\"https:\\\/\\\/velvetgym.pl\\\/koszyk\\\/#local-main-place-address\",\"streetAddress\":\"ul. Marsza\u0142ka Pi\u0142sudskiego 126a\",\"addressLocality\":\"J\u00f3zef\u00f3w\",\"postalCode\":\"05-420\",\"addressRegion\":\"Mazowieckie\",\"addressCountry\":\"PL\"},{\"@type\":\"ImageObject\",\"inLanguage\":\"en-GB\",\"@id\":\"https:\\\/\\\/velvetgym.pl\\\/koszyk\\\/#local-main-organization-logo\",\"url\":\"https:\\\/\\\/velvetgym.pl\\\/wp-content\\\/uploads\\\/2025\\\/06\\\/cropped-Zrzut-ekranu-2025-06-16-o-13.06.41.png\",\"contentUrl\":\"https:\\\/\\\/velvetgym.pl\\\/wp-content\\\/uploads\\\/2025\\\/06\\\/cropped-Zrzut-ekranu-2025-06-16-o-13.06.41.png\",\"width\":512,\"height\":512,\"caption\":\"Velvet Gym\"}]}<\/script>\n<meta name=\"geo.placename\" content=\"J\u00f3zef\u00f3w\" \/>\n<meta name=\"geo.region\" content=\"Poland\" \/>\n<!-- \/ Yoast SEO Premium plugin. -->","yoast_head_json":{"title":"Koszyk - Velvet Gym","robots":{"index":"index","follow":"follow","max-snippet":"max-snippet:-1","max-image-preview":"max-image-preview:large","max-video-preview":"max-video-preview:-1"},"canonical":"https:\/\/velvetgym.pl\/en\/koszyk\/","og_locale":"en_GB","og_type":"article","og_title":"Koszyk","og_description":"Usu\u0144 Miniatura Produkt Cena Ilo\u015b\u0107 Kwota &times; Plecak GIPARA NANO GYM \u2013 czarny 150,00&nbsp;&#122;&#322; ilo\u015b\u0107 Plecak GIPARA NANO GYM \u2013 czarny 150,00&nbsp;&#122;&#322; Zaktualizuj koszyk Zastosuj kupon Podsumowanie koszyka Kwota 150,00&nbsp;&#122;&#322; Wysy\u0142ka Kurier DPD: 20,00&nbsp;&#122;&#322; Odbi\u00f3r osobisty w klubie\u00a0VelvetGym Wysy\u0142ka do: \u0141AWY, 28, 97-400 \u0141AWY. Zmie\u0144 adres Kraj \/ region Wybierz kraj\/region&hellip;AfganistanAlbaniaAlgieriaAndoraAngolaAnguillaAntarktydaAntigua i BarbudaArabia SaudyjskaArgentynaArmeniaArubaAustraliaAustriaAzerbejd\u017canBahamyBahrajnBangladeszBarbadosBelauBelgiaBelizeBeninBermudyBhutanBia\u0142oru\u015bBoliwiaBo\u015bnia i [&hellip;]","og_url":"https:\/\/velvetgym.pl\/en\/koszyk\/","og_site_name":"Velvet Gym","article_publisher":"https:\/\/www.facebook.com\/profile.php?id=61576771920334","article_modified_time":"2025-12-11T16:18:56+00:00","og_image":[{"url":"https:\/\/velvetgym.pl\/wp-content\/uploads\/2025\/12\/Plecak-300x300.webp","type":"","width":"","height":""}],"twitter_card":"summary_large_image","twitter_misc":{"Estimated reading time":"3 minutes"},"schema":{"@context":"https:\/\/schema.org","@graph":[{"@type":"WebPage","@id":"https:\/\/velvetgym.pl\/koszyk\/","url":"https:\/\/velvetgym.pl\/koszyk\/","name":"Koszyk - Velvet Gym","isPartOf":{"@id":"https:\/\/velvetgym.pl\/#website"},"primaryImageOfPage":{"@id":"https:\/\/velvetgym.pl\/koszyk\/#primaryimage"},"image":{"@id":"https:\/\/velvetgym.pl\/koszyk\/#primaryimage"},"thumbnailUrl":"https:\/\/velvetgym.pl\/wp-content\/uploads\/2025\/12\/Plecak-300x300.webp","datePublished":"2025-12-11T09:33:15+00:00","dateModified":"2025-12-11T16:18:56+00:00","breadcrumb":{"@id":"https:\/\/velvetgym.pl\/koszyk\/#breadcrumb"},"inLanguage":"en-GB","potentialAction":[{"@type":"ReadAction","target":["https:\/\/velvetgym.pl\/koszyk\/"]}]},{"@type":"ImageObject","inLanguage":"en-GB","@id":"https:\/\/velvetgym.pl\/koszyk\/#primaryimage","url":"https:\/\/velvetgym.pl\/wp-content\/uploads\/2025\/12\/Plecak-300x300.webp","contentUrl":"https:\/\/velvetgym.pl\/wp-content\/uploads\/2025\/12\/Plecak-300x300.webp"},{"@type":"BreadcrumbList","@id":"https:\/\/velvetgym.pl\/koszyk\/#breadcrumb","itemListElement":[{"@type":"ListItem","position":1,"name":"Strona g\u0142\u00f3wna","item":"https:\/\/velvetgym.pl\/"},{"@type":"ListItem","position":2,"name":"Koszyk"}]},{"@type":"WebSite","@id":"https:\/\/velvetgym.pl\/#website","url":"https:\/\/velvetgym.pl\/","name":"Velvet Gym - J\u00f3zef\u00f3w","description":"Velvet Gym \u2013 Trenuj inaczej. Nano Gym, Pilates Reformer w jednym miejscu.","publisher":{"@id":"https:\/\/velvetgym.pl\/#organization"},"alternateName":"Velvet Gym, Nano Gym, Pilates Reformer J\u00f3zef\u00f3w","potentialAction":[{"@type":"SearchAction","target":{"@type":"EntryPoint","urlTemplate":"https:\/\/velvetgym.pl\/?s={search_term_string}"},"query-input":{"@type":"PropertyValueSpecification","valueRequired":true,"valueName":"search_term_string"}}],"inLanguage":"en-GB"},{"@type":["Organization","Place","ExerciseGym"],"@id":"https:\/\/velvetgym.pl\/#organization","name":"Velvet Gym","url":"https:\/\/velvetgym.pl\/","logo":{"@id":"https:\/\/velvetgym.pl\/koszyk\/#local-main-organization-logo"},"image":{"@id":"https:\/\/velvetgym.pl\/koszyk\/#local-main-organization-logo"},"sameAs":["https:\/\/www.facebook.com\/profile.php?id=61576771920334","https:\/\/www.instagram.com\/velvetgym_jozefow\/"],"address":{"@id":"https:\/\/velvetgym.pl\/koszyk\/#local-main-place-address"},"telephone":[],"contactPoint":{"@type":"ContactPoint","email":"kontakt@velvetgym.pl"},"openingHoursSpecification":[],"email":"biuro@velvetgym.pl","taxID":"5322118945"},{"@type":"PostalAddress","@id":"https:\/\/velvetgym.pl\/koszyk\/#local-main-place-address","streetAddress":"ul. Marsza\u0142ka Pi\u0142sudskiego 126a","addressLocality":"J\u00f3zef\u00f3w","postalCode":"05-420","addressRegion":"Mazowieckie","addressCountry":"PL"},{"@type":"ImageObject","inLanguage":"en-GB","@id":"https:\/\/velvetgym.pl\/koszyk\/#local-main-organization-logo","url":"https:\/\/velvetgym.pl\/wp-content\/uploads\/2025\/06\/cropped-Zrzut-ekranu-2025-06-16-o-13.06.41.png","contentUrl":"https:\/\/velvetgym.pl\/wp-content\/uploads\/2025\/06\/cropped-Zrzut-ekranu-2025-06-16-o-13.06.41.png","width":512,"height":512,"caption":"Velvet Gym"}]},"geo.placename":"J\u00f3zef\u00f3w","geo.region":"Poland"},"_links":{"self":[{"href":"https:\/\/velvetgym.pl\/en\/wp-json\/wp\/v2\/pages\/3024","targetHints":{"allow":["GET"]}}],"collection":[{"href":"https:\/\/velvetgym.pl\/en\/wp-json\/wp\/v2\/pages"}],"about":[{"href":"https:\/\/velvetgym.pl\/en\/wp-json\/wp\/v2\/types\/page"}],"author":[{"embeddable":true,"href":"https:\/\/velvetgym.pl\/en\/wp-json\/wp\/v2\/users\/1"}],"replies":[{"embeddable":true,"href":"https:\/\/velvetgym.pl\/en\/wp-json\/wp\/v2\/comments?post=3024"}],"version-history":[{"count":36,"href":"https:\/\/velvetgym.pl\/en\/wp-json\/wp\/v2\/pages\/3024\/revisions"}],"predecessor-version":[{"id":3276,"href":"https:\/\/velvetgym.pl\/en\/wp-json\/wp\/v2\/pages\/3024\/revisions\/3276"}],"wp:attachment":[{"href":"https:\/\/velvetgym.pl\/en\/wp-json\/wp\/v2\/media?parent=3024"}],"curies":[{"name":"wp","href":"https:\/\/api.w.org\/{rel}","templated":true}]}}