{"id":1617,"date":"2025-08-04T22:24:31","date_gmt":"2025-08-04T20:24:31","guid":{"rendered":"https:\/\/velvetgym.pl\/?page_id=1617"},"modified":"2026-03-22T16:19:01","modified_gmt":"2026-03-22T15:19:01","slug":"gwarancja-satysfakcji","status":"publish","type":"page","link":"https:\/\/velvetgym.pl\/en\/gwarancja-satysfakcji\/","title":{"rendered":"Satisfaction Guarantee"},"content":{"rendered":"<style>.elementor-1617 .elementor-element.elementor-element-296e071{--display:flex;--flex-direction:column;--container-widget-width:calc( ( 1 - var( --container-widget-flex-grow ) ) * 100% );--container-widget-height:initial;--container-widget-flex-grow:0;--container-widget-align-self:initial;--flex-wrap-mobile:wrap;--align-items:stretch;--gap:0px 0px;--row-gap:0px;--column-gap:0px;--padding-top:20px;--padding-bottom:20px;--padding-left:0px;--padding-right:0px;}.elementor-1617 .elementor-element.elementor-element-296e071:not(.elementor-motion-effects-element-type-background), .elementor-1617 .elementor-element.elementor-element-296e071 > .elementor-motion-effects-container > .elementor-motion-effects-layer{background-color:transparent;background-image:linear-gradient(90deg, var( --e-global-color-primary ) 0%, var( --e-global-color-text ) 100%);}.elementor-1617 .elementor-element.elementor-element-8c43b89{--display:flex;--flex-direction:row;--container-widget-width:calc( ( 1 - var( --container-widget-flex-grow ) ) * 100% );--container-widget-height:100%;--container-widget-flex-grow:1;--container-widget-align-self:stretch;--flex-wrap-mobile:wrap;--align-items:stretch;--gap:0px 0px;--row-gap:0px;--column-gap:0px;--margin-top:0px;--margin-bottom:0px;--margin-left:0px;--margin-right:0px;}.elementor-1617 .elementor-element.elementor-element-275ec0a{--display:flex;--justify-content:center;--align-items:flex-start;--container-widget-width:calc( ( 1 - var( --container-widget-flex-grow ) ) * 100% );--padding-top:0px;--padding-bottom:0px;--padding-left:0px;--padding-right:30px;}.elementor-1617 .elementor-element.elementor-element-ff6ced1{text-align:start;}.elementor-1617 .elementor-element.elementor-element-ff6ced1 .elementor-heading-title{font-family:var( --e-global-typography-secondary-font-family ), Sans-serif;font-size:var( --e-global-typography-secondary-font-size );font-weight:var( --e-global-typography-secondary-font-weight );text-transform:var( --e-global-typography-secondary-text-transform );text-decoration:var( --e-global-typography-secondary-text-decoration );line-height:var( --e-global-typography-secondary-line-height );color:var( --e-global-color-secondary );}.elementor-1617 .elementor-element.elementor-element-ff6ced1.elementor-element{--align-self:flex-start;}.elementor-1617 .elementor-element.elementor-element-12414b4{color:var( --e-global-color-d0d3c51 );}.elementor-1617 .elementor-element.elementor-element-12414b4 a{color:var( --e-global-color-secondary );}@media(min-width:768px){.elementor-1617 .elementor-element.elementor-element-275ec0a{--width:100%;}}@media(max-width:1024px){.elementor-1617 .elementor-element.elementor-element-296e071{--padding-top:20px;--padding-bottom:20px;--padding-left:20px;--padding-right:20px;}.elementor-1617 .elementor-element.elementor-element-8c43b89{--padding-top:0px;--padding-bottom:0px;--padding-left:20px;--padding-right:20px;}.elementor-1617 .elementor-element.elementor-element-275ec0a{--padding-top:0px;--padding-bottom:0px;--padding-left:0px;--padding-right:0px;}.elementor-1617 .elementor-element.elementor-element-ff6ced1 .elementor-heading-title{font-size:var( --e-global-typography-secondary-font-size );line-height:var( --e-global-typography-secondary-line-height );}}@media(max-width:767px){.elementor-1617 .elementor-element.elementor-element-296e071{--padding-top:20px;--padding-bottom:20px;--padding-left:20px;--padding-right:20px;}.elementor-1617 .elementor-element.elementor-element-ff6ced1{text-align:start;}.elementor-1617 .elementor-element.elementor-element-ff6ced1 .elementor-heading-title{font-size:var( --e-global-typography-secondary-font-size );line-height:var( --e-global-typography-secondary-line-height );}}@media(max-width:1024px) and (min-width:768px){.elementor-1617 .elementor-element.elementor-element-296e071{--content-width:100%;}.elementor-1617 .elementor-element.elementor-element-275ec0a{--width:100%;}}<\/style>\t\t<div data-elementor-type=\"wp-page\" data-elementor-id=\"1617\" class=\"elementor elementor-1617\" data-elementor-post-type=\"page\">\n\t\t\t\t<div class=\"elementor-element elementor-element-296e071 e-flex e-con-boxed e-con e-parent\" data-id=\"296e071\" data-element_type=\"container\" data-e-type=\"container\" data-settings=\"{&quot;background_background&quot;:&quot;gradient&quot;}\">\n\t\t\t\t\t<div class=\"e-con-inner\">\n\t\t<div class=\"elementor-element elementor-element-8c43b89 e-con-full e-flex e-con e-child\" data-id=\"8c43b89\" data-element_type=\"container\" data-e-type=\"container\">\n\t\t<div class=\"elementor-element elementor-element-275ec0a e-con-full e-flex e-con e-child\" data-id=\"275ec0a\" data-element_type=\"container\" data-e-type=\"container\">\n\t\t\t\t<div class=\"elementor-element elementor-element-ff6ced1 elementor-widget elementor-widget-heading\" data-id=\"ff6ced1\" data-element_type=\"widget\" data-e-type=\"widget\" data-widget_type=\"heading.default\">\n\t\t\t\t<div class=\"elementor-widget-container\">\n\t\t\t\t\t<h1 class=\"elementor-heading-title elementor-size-default\">Satisfaction Guarantee<\/h1>\t\t\t\t<\/div>\n\t\t\t\t<\/div>\n\t\t\t\t<div class=\"elementor-element elementor-element-12414b4 elementor-widget elementor-widget-text-editor\" data-id=\"12414b4\" data-element_type=\"widget\" data-e-type=\"widget\" data-widget_type=\"text-editor.default\">\n\t\t\t\t<div class=\"elementor-widget-container\">\n\t\t\t\t\t\t\t\t\t<ul style=\"list-style-type: circle;\"><li><span class=\"elementor-icon-list-text\">Test our club for at least 30 days, until the end of the full billing cycle<\/span><\/li><li><span class=\"elementor-icon-list-text\">If you decide you don&#039;t want to continue, you can cancel at no charge. For more information, please visit <a href=\"https:\/\/velvetgym.pl\/wp-content\/uploads\/2025\/06\/REGULAMIN-PROMOCJI-W-VELVET-GYM.pdf\">promotion regulations.<\/a><\/span><\/li><\/ul>\t\t\t\t\t\t\t\t<\/div>\n\t\t\t\t<\/div>\n\t\t\t\t<\/div>\n\t\t\t\t<\/div>\n\t\t\t\t\t<\/div>\n\t\t\t\t<\/div>\n\t\t\t\t<\/div>","protected":false},"excerpt":{"rendered":"<p>Gwarancja Satysfakcji Przetestuj nasz klub przez\u00a0minimum 30 dni, do\u00a0ko\u0144ca pe\u0142nego cyklu rozliczeniowego Je\u015bli zdecydujesz, \u017ce nie chcesz kontynuowa\u0107 \u2013 mo\u017cesz zrezygnowa\u0107 bez \u017cadnych op\u0142at. Wi\u0119cej informacji w regulaminie promocji.<\/p>","protected":false},"author":7,"featured_media":0,"parent":0,"menu_order":0,"comment_status":"closed","ping_status":"closed","template":"","meta":{"footnotes":""},"class_list":["post-1617","page","type-page","status-publish","hentry"],"yoast_head":"<!-- This site is optimized with the Yoast SEO Premium plugin v27.2 (Yoast SEO v27.4) - https:\/\/yoast.com\/product\/yoast-seo-premium-wordpress\/ -->\n<title>Gwarancja satysfakcji Velvet Gym J\u00f3zef\u00f3w<\/title>\n<meta name=\"description\" content=\"Przetestuj nasz klub przez 30 dni z Gwarancj\u0105 satysfkacji. Zrezygnuj bez op\u0142at, je\u015bli nie jeste\u015b zadowolony.\" \/>\n<meta name=\"robots\" content=\"index, follow, max-snippet:-1, max-image-preview:large, max-video-preview:-1\" \/>\n<link rel=\"canonical\" href=\"https:\/\/velvetgym.pl\/en\/gwarancja-satysfakcji\/\" \/>\n<meta property=\"og:locale\" content=\"en_GB\" \/>\n<meta property=\"og:type\" content=\"article\" \/>\n<meta property=\"og:title\" content=\"Gwarancja Satysfakcji\" \/>\n<meta property=\"og:description\" content=\"Przetestuj nasz klub przez 30 dni z Gwarancj\u0105 satysfkacji. Zrezygnuj bez op\u0142at, je\u015bli nie jeste\u015b zadowolony.\" \/>\n<meta property=\"og:url\" content=\"https:\/\/velvetgym.pl\/en\/gwarancja-satysfakcji\/\" \/>\n<meta property=\"og:site_name\" content=\"Velvet Gym\" \/>\n<meta property=\"article:publisher\" content=\"https:\/\/www.facebook.com\/profile.php?id=61576771920334\" \/>\n<meta property=\"article:modified_time\" content=\"2026-03-22T15:19:01+00:00\" \/>\n<meta name=\"twitter:card\" content=\"summary_large_image\" \/>\n<meta name=\"twitter:label1\" content=\"Estimated reading time\" \/>\n\t<meta name=\"twitter:data1\" content=\"1 minute\" \/>\n<script type=\"application\/ld+json\" class=\"yoast-schema-graph\">{\"@context\":\"https:\\\/\\\/schema.org\",\"@graph\":[{\"@type\":\"WebPage\",\"@id\":\"https:\\\/\\\/velvetgym.pl\\\/gwarancja-satysfakcji\\\/\",\"url\":\"https:\\\/\\\/velvetgym.pl\\\/gwarancja-satysfakcji\\\/\",\"name\":\"Gwarancja satysfakcji Velvet Gym J\u00f3zef\u00f3w\",\"isPartOf\":{\"@id\":\"https:\\\/\\\/velvetgym.pl\\\/#website\"},\"datePublished\":\"2025-08-04T20:24:31+00:00\",\"dateModified\":\"2026-03-22T15:19:01+00:00\",\"description\":\"Przetestuj nasz klub przez 30 dni z Gwarancj\u0105 satysfkacji. Zrezygnuj bez op\u0142at, je\u015bli nie jeste\u015b zadowolony.\",\"breadcrumb\":{\"@id\":\"https:\\\/\\\/velvetgym.pl\\\/gwarancja-satysfakcji\\\/#breadcrumb\"},\"inLanguage\":\"en-GB\",\"potentialAction\":[{\"@type\":\"ReadAction\",\"target\":[\"https:\\\/\\\/velvetgym.pl\\\/gwarancja-satysfakcji\\\/\"]}]},{\"@type\":\"BreadcrumbList\",\"@id\":\"https:\\\/\\\/velvetgym.pl\\\/gwarancja-satysfakcji\\\/#breadcrumb\",\"itemListElement\":[{\"@type\":\"ListItem\",\"position\":1,\"name\":\"Strona g\u0142\u00f3wna\",\"item\":\"https:\\\/\\\/velvetgym.pl\\\/\"},{\"@type\":\"ListItem\",\"position\":2,\"name\":\"Gwarancja Satysfakcji\"}]},{\"@type\":\"WebSite\",\"@id\":\"https:\\\/\\\/velvetgym.pl\\\/#website\",\"url\":\"https:\\\/\\\/velvetgym.pl\\\/\",\"name\":\"Velvet Gym - J\u00f3zef\u00f3w\",\"description\":\"Velvet Gym \u2013 Trenuj inaczej. Nano Gym, Pilates Reformer w jednym miejscu.\",\"publisher\":{\"@id\":\"https:\\\/\\\/velvetgym.pl\\\/#organization\"},\"alternateName\":\"Velvet Gym, Nano Gym, Pilates Reformer J\u00f3zef\u00f3w\",\"potentialAction\":[{\"@type\":\"SearchAction\",\"target\":{\"@type\":\"EntryPoint\",\"urlTemplate\":\"https:\\\/\\\/velvetgym.pl\\\/?s={search_term_string}\"},\"query-input\":{\"@type\":\"PropertyValueSpecification\",\"valueRequired\":true,\"valueName\":\"search_term_string\"}}],\"inLanguage\":\"en-GB\"},{\"@type\":[\"Organization\",\"Place\",\"ExerciseGym\"],\"@id\":\"https:\\\/\\\/velvetgym.pl\\\/#organization\",\"name\":\"Velvet Gym\",\"url\":\"https:\\\/\\\/velvetgym.pl\\\/\",\"logo\":{\"@id\":\"https:\\\/\\\/velvetgym.pl\\\/gwarancja-satysfakcji\\\/#local-main-organization-logo\"},\"image\":{\"@id\":\"https:\\\/\\\/velvetgym.pl\\\/gwarancja-satysfakcji\\\/#local-main-organization-logo\"},\"sameAs\":[\"https:\\\/\\\/www.facebook.com\\\/profile.php?id=61576771920334\",\"https:\\\/\\\/www.instagram.com\\\/velvetgym_jozefow\\\/\"],\"address\":{\"@id\":\"https:\\\/\\\/velvetgym.pl\\\/gwarancja-satysfakcji\\\/#local-main-place-address\"},\"telephone\":[],\"contactPoint\":{\"@type\":\"ContactPoint\",\"email\":\"kontakt@velvetgym.pl\"},\"openingHoursSpecification\":[],\"email\":\"biuro@velvetgym.pl\",\"taxID\":\"5322118945\"},{\"@type\":\"PostalAddress\",\"@id\":\"https:\\\/\\\/velvetgym.pl\\\/gwarancja-satysfakcji\\\/#local-main-place-address\",\"streetAddress\":\"ul. Marsza\u0142ka Pi\u0142sudskiego 126a\",\"addressLocality\":\"J\u00f3zef\u00f3w\",\"postalCode\":\"05-420\",\"addressRegion\":\"Mazowieckie\",\"addressCountry\":\"PL\"},{\"@type\":\"ImageObject\",\"inLanguage\":\"en-GB\",\"@id\":\"https:\\\/\\\/velvetgym.pl\\\/gwarancja-satysfakcji\\\/#local-main-organization-logo\",\"url\":\"https:\\\/\\\/velvetgym.pl\\\/wp-content\\\/uploads\\\/2025\\\/06\\\/cropped-Zrzut-ekranu-2025-06-16-o-13.06.41.png\",\"contentUrl\":\"https:\\\/\\\/velvetgym.pl\\\/wp-content\\\/uploads\\\/2025\\\/06\\\/cropped-Zrzut-ekranu-2025-06-16-o-13.06.41.png\",\"width\":512,\"height\":512,\"caption\":\"Velvet Gym\"}]}<\/script>\n<meta name=\"geo.placename\" content=\"J\u00f3zef\u00f3w\" \/>\n<meta name=\"geo.region\" content=\"Poland\" \/>\n<!-- \/ Yoast SEO Premium plugin. -->","yoast_head_json":{"title":"Gwarancja satysfakcji Velvet Gym J\u00f3zef\u00f3w","description":"Przetestuj nasz klub przez 30 dni z Gwarancj\u0105 satysfkacji. Zrezygnuj bez op\u0142at, je\u015bli nie jeste\u015b zadowolony.","robots":{"index":"index","follow":"follow","max-snippet":"max-snippet:-1","max-image-preview":"max-image-preview:large","max-video-preview":"max-video-preview:-1"},"canonical":"https:\/\/velvetgym.pl\/en\/gwarancja-satysfakcji\/","og_locale":"en_GB","og_type":"article","og_title":"Gwarancja Satysfakcji","og_description":"Przetestuj nasz klub przez 30 dni z Gwarancj\u0105 satysfkacji. Zrezygnuj bez op\u0142at, je\u015bli nie jeste\u015b zadowolony.","og_url":"https:\/\/velvetgym.pl\/en\/gwarancja-satysfakcji\/","og_site_name":"Velvet Gym","article_publisher":"https:\/\/www.facebook.com\/profile.php?id=61576771920334","article_modified_time":"2026-03-22T15:19:01+00:00","twitter_card":"summary_large_image","twitter_misc":{"Estimated reading time":"1 minute"},"schema":{"@context":"https:\/\/schema.org","@graph":[{"@type":"WebPage","@id":"https:\/\/velvetgym.pl\/gwarancja-satysfakcji\/","url":"https:\/\/velvetgym.pl\/gwarancja-satysfakcji\/","name":"Gwarancja satysfakcji Velvet Gym J\u00f3zef\u00f3w","isPartOf":{"@id":"https:\/\/velvetgym.pl\/#website"},"datePublished":"2025-08-04T20:24:31+00:00","dateModified":"2026-03-22T15:19:01+00:00","description":"Przetestuj nasz klub przez 30 dni z Gwarancj\u0105 satysfkacji. Zrezygnuj bez op\u0142at, je\u015bli nie jeste\u015b zadowolony.","breadcrumb":{"@id":"https:\/\/velvetgym.pl\/gwarancja-satysfakcji\/#breadcrumb"},"inLanguage":"en-GB","potentialAction":[{"@type":"ReadAction","target":["https:\/\/velvetgym.pl\/gwarancja-satysfakcji\/"]}]},{"@type":"BreadcrumbList","@id":"https:\/\/velvetgym.pl\/gwarancja-satysfakcji\/#breadcrumb","itemListElement":[{"@type":"ListItem","position":1,"name":"Strona g\u0142\u00f3wna","item":"https:\/\/velvetgym.pl\/"},{"@type":"ListItem","position":2,"name":"Gwarancja Satysfakcji"}]},{"@type":"WebSite","@id":"https:\/\/velvetgym.pl\/#website","url":"https:\/\/velvetgym.pl\/","name":"Velvet Gym - J\u00f3zef\u00f3w","description":"Velvet Gym \u2013 Trenuj inaczej. Nano Gym, Pilates Reformer w jednym miejscu.","publisher":{"@id":"https:\/\/velvetgym.pl\/#organization"},"alternateName":"Velvet Gym, Nano Gym, Pilates Reformer J\u00f3zef\u00f3w","potentialAction":[{"@type":"SearchAction","target":{"@type":"EntryPoint","urlTemplate":"https:\/\/velvetgym.pl\/?s={search_term_string}"},"query-input":{"@type":"PropertyValueSpecification","valueRequired":true,"valueName":"search_term_string"}}],"inLanguage":"en-GB"},{"@type":["Organization","Place","ExerciseGym"],"@id":"https:\/\/velvetgym.pl\/#organization","name":"Velvet Gym","url":"https:\/\/velvetgym.pl\/","logo":{"@id":"https:\/\/velvetgym.pl\/gwarancja-satysfakcji\/#local-main-organization-logo"},"image":{"@id":"https:\/\/velvetgym.pl\/gwarancja-satysfakcji\/#local-main-organization-logo"},"sameAs":["https:\/\/www.facebook.com\/profile.php?id=61576771920334","https:\/\/www.instagram.com\/velvetgym_jozefow\/"],"address":{"@id":"https:\/\/velvetgym.pl\/gwarancja-satysfakcji\/#local-main-place-address"},"telephone":[],"contactPoint":{"@type":"ContactPoint","email":"kontakt@velvetgym.pl"},"openingHoursSpecification":[],"email":"biuro@velvetgym.pl","taxID":"5322118945"},{"@type":"PostalAddress","@id":"https:\/\/velvetgym.pl\/gwarancja-satysfakcji\/#local-main-place-address","streetAddress":"ul. Marsza\u0142ka Pi\u0142sudskiego 126a","addressLocality":"J\u00f3zef\u00f3w","postalCode":"05-420","addressRegion":"Mazowieckie","addressCountry":"PL"},{"@type":"ImageObject","inLanguage":"en-GB","@id":"https:\/\/velvetgym.pl\/gwarancja-satysfakcji\/#local-main-organization-logo","url":"https:\/\/velvetgym.pl\/wp-content\/uploads\/2025\/06\/cropped-Zrzut-ekranu-2025-06-16-o-13.06.41.png","contentUrl":"https:\/\/velvetgym.pl\/wp-content\/uploads\/2025\/06\/cropped-Zrzut-ekranu-2025-06-16-o-13.06.41.png","width":512,"height":512,"caption":"Velvet Gym"}]},"geo.placename":"J\u00f3zef\u00f3w","geo.region":"Poland"},"_links":{"self":[{"href":"https:\/\/velvetgym.pl\/en\/wp-json\/wp\/v2\/pages\/1617","targetHints":{"allow":["GET"]}}],"collection":[{"href":"https:\/\/velvetgym.pl\/en\/wp-json\/wp\/v2\/pages"}],"about":[{"href":"https:\/\/velvetgym.pl\/en\/wp-json\/wp\/v2\/types\/page"}],"author":[{"embeddable":true,"href":"https:\/\/velvetgym.pl\/en\/wp-json\/wp\/v2\/users\/7"}],"replies":[{"embeddable":true,"href":"https:\/\/velvetgym.pl\/en\/wp-json\/wp\/v2\/comments?post=1617"}],"version-history":[{"count":23,"href":"https:\/\/velvetgym.pl\/en\/wp-json\/wp\/v2\/pages\/1617\/revisions"}],"predecessor-version":[{"id":4299,"href":"https:\/\/velvetgym.pl\/en\/wp-json\/wp\/v2\/pages\/1617\/revisions\/4299"}],"wp:attachment":[{"href":"https:\/\/velvetgym.pl\/en\/wp-json\/wp\/v2\/media?parent=1617"}],"curies":[{"name":"wp","href":"https:\/\/api.w.org\/{rel}","templated":true}]}}