{"id":1592,"date":"2025-08-04T17:53:04","date_gmt":"2025-08-04T15:53:04","guid":{"rendered":"https:\/\/velvetgym.pl\/?page_id=1592"},"modified":"2025-12-03T00:28:11","modified_gmt":"2025-12-02T23:28:11","slug":"praca-dla-trenera","status":"publish","type":"page","link":"https:\/\/velvetgym.pl\/en\/praca-dla-trenera\/","title":{"rendered":"Praca dla Trenera"},"content":{"rendered":"<style>.elementor-1592 .elementor-element.elementor-element-296e071{--display:flex;--flex-direction:column;--container-widget-width:calc( ( 1 - var( --container-widget-flex-grow ) ) * 100% );--container-widget-height:initial;--container-widget-flex-grow:0;--container-widget-align-self:initial;--flex-wrap-mobile:wrap;--align-items:stretch;--gap:0px 0px;--row-gap:0px;--column-gap:0px;--padding-top:60px;--padding-bottom:60px;--padding-left:0px;--padding-right:0px;}.elementor-1592 .elementor-element.elementor-element-296e071:not(.elementor-motion-effects-element-type-background), .elementor-1592 .elementor-element.elementor-element-296e071 > .elementor-motion-effects-container > .elementor-motion-effects-layer{background-color:transparent;background-image:linear-gradient(90deg, var( --e-global-color-primary ) 0%, var( --e-global-color-text ) 100%);}.elementor-1592 .elementor-element.elementor-element-8c43b89{--display:flex;--flex-direction:row;--container-widget-width:calc( ( 1 - var( --container-widget-flex-grow ) ) * 100% );--container-widget-height:100%;--container-widget-flex-grow:1;--container-widget-align-self:stretch;--flex-wrap-mobile:wrap;--align-items:stretch;--gap:0px 0px;--row-gap:0px;--column-gap:0px;--margin-top:0px;--margin-bottom:0px;--margin-left:0px;--margin-right:0px;}.elementor-1592 .elementor-element.elementor-element-275ec0a{--display:flex;--justify-content:center;--align-items:center;--container-widget-width:calc( ( 1 - var( --container-widget-flex-grow ) ) * 100% );--padding-top:0px;--padding-bottom:0px;--padding-left:0px;--padding-right:30px;}.elementor-1592 .elementor-element.elementor-element-ff6ced1{text-align:center;}.elementor-1592 .elementor-element.elementor-element-ff6ced1 .elementor-heading-title{font-family:var( --e-global-typography-secondary-font-family ), Sans-serif;font-size:var( --e-global-typography-secondary-font-size );font-weight:var( --e-global-typography-secondary-font-weight );text-transform:var( --e-global-typography-secondary-text-transform );text-decoration:var( --e-global-typography-secondary-text-decoration );line-height:var( --e-global-typography-secondary-line-height );color:var( --e-global-color-secondary );}.elementor-1592 .elementor-element.elementor-element-ff6ced1.elementor-element{--align-self:flex-start;}.elementor-1592 .elementor-element.elementor-element-12414b4{color:var( --e-global-color-d0d3c51 );}.elementor-1592 .elementor-element.elementor-element-12414b4 a{color:var( --e-global-color-secondary );}@media(min-width:768px){.elementor-1592 .elementor-element.elementor-element-275ec0a{--width:100%;}}@media(max-width:1024px){.elementor-1592 .elementor-element.elementor-element-296e071{--padding-top:20px;--padding-bottom:20px;--padding-left:10px;--padding-right:10px;}.elementor-1592 .elementor-element.elementor-element-8c43b89{--padding-top:0px;--padding-bottom:0px;--padding-left:20px;--padding-right:20px;}.elementor-1592 .elementor-element.elementor-element-275ec0a{--padding-top:0px;--padding-bottom:0px;--padding-left:0px;--padding-right:0px;}.elementor-1592 .elementor-element.elementor-element-ff6ced1 .elementor-heading-title{font-size:var( --e-global-typography-secondary-font-size );line-height:var( --e-global-typography-secondary-line-height );}}@media(max-width:767px){.elementor-1592 .elementor-element.elementor-element-296e071{--padding-top:0px;--padding-bottom:0px;--padding-left:0px;--padding-right:0px;}.elementor-1592 .elementor-element.elementor-element-ff6ced1{text-align:start;}.elementor-1592 .elementor-element.elementor-element-ff6ced1 .elementor-heading-title{font-size:var( --e-global-typography-secondary-font-size );line-height:var( --e-global-typography-secondary-line-height );}}@media(max-width:1024px) and (min-width:768px){.elementor-1592 .elementor-element.elementor-element-296e071{--content-width:100%;}.elementor-1592 .elementor-element.elementor-element-275ec0a{--width:100%;}}<\/style>\t\t<div data-elementor-type=\"wp-page\" data-elementor-id=\"1592\" class=\"elementor elementor-1592\" data-elementor-post-type=\"page\">\n\t\t\t\t<div class=\"elementor-element elementor-element-296e071 e-flex e-con-boxed e-con e-parent\" data-id=\"296e071\" data-element_type=\"container\" data-e-type=\"container\" data-settings=\"{&quot;background_background&quot;:&quot;gradient&quot;}\">\n\t\t\t\t\t<div class=\"e-con-inner\">\n\t\t<div class=\"elementor-element elementor-element-8c43b89 e-con-full e-flex e-con e-child\" data-id=\"8c43b89\" data-element_type=\"container\" data-e-type=\"container\">\n\t\t<div class=\"elementor-element elementor-element-275ec0a e-con-full e-flex e-con e-child\" data-id=\"275ec0a\" data-element_type=\"container\" data-e-type=\"container\">\n\t\t\t\t<div class=\"elementor-element elementor-element-ff6ced1 elementor-widget elementor-widget-heading\" data-id=\"ff6ced1\" data-element_type=\"widget\" data-e-type=\"widget\" data-widget_type=\"heading.default\">\n\t\t\t\t<div class=\"elementor-widget-container\">\n\t\t\t\t\t<h1 class=\"elementor-heading-title elementor-size-default\">Oferta wsp\u00f3\u0142pracy dla Trener\u00f3w<\/h1>\t\t\t\t<\/div>\n\t\t\t\t<\/div>\n\t\t\t\t<div class=\"elementor-element elementor-element-12414b4 elementor-widget elementor-widget-text-editor\" data-id=\"12414b4\" data-element_type=\"widget\" data-e-type=\"widget\" data-widget_type=\"text-editor.default\">\n\t\t\t\t<div class=\"elementor-widget-container\">\n\t\t\t\t\t\t\t\t\t<div class=\"p-rich_text_section\">Velvet Gym w J\u00f3zefowie szuka:<\/div><div class=\"p-rich_text_section\"><b data-stringify-type=\"bold\">Instruktora Pilates Reformer<\/b><\/div><div>\u00a0<\/div><div class=\"p-rich_text_section\">O naszym klubie:<br \/>Velvet Gym to nowoczesny klub fitness w J\u00f3zefowie, kt\u00f3ry \u0142\u0105czy styl, komfort i technologie. Oferujemy naszym klientom innowacyjne treningi w formule\u00a0<b data-stringify-type=\"bold\">Nano Gym<\/b>, klasyczne zaj\u0119cia fitness oraz\u00a0<b data-stringify-type=\"bold\">pilates na reformerach<\/b>\u00a0\u2013 wszystko w przyjaznej, kameralnej atmosferze.<\/div><div class=\"p-rich_text_section\">Chcesz by\u0107 cz\u0119\u015bci\u0105 zespo\u0142u, kt\u00f3ry zmienia podej\u015bcie do aktywno\u015bci fizycznej?<\/div><div class=\"p-rich_text_section\"><strong>Do\u0142\u0105cz do nas!<\/strong><\/div><div>\u00a0<\/div><div class=\"p-rich_text_section\"><b data-stringify-type=\"bold\">Stanowisko: Instruktor Pilates Reformer<\/b><br \/>Miejsce pracy: Velvet Gym, J\u00f3zef\u00f3w<\/div><div>\u00a0<\/div><div class=\"p-rich_text_section\"><b data-stringify-type=\"bold\">Twoje obowi\u0105zki:<\/b><\/div><div><ul class=\"p-rich_text_list p-rich_text_list__bullet p-rich_text_list--nested\" data-stringify-type=\"unordered-list\" data-list-tree=\"true\" data-indent=\"0\" data-border=\"0\"><li data-stringify-indent=\"0\" data-stringify-border=\"0\">Prowadzenie zaj\u0119\u0107 pilates na reformerach (zaj\u0119cia indywidualne i\/lub grupowe)<\/li><li data-stringify-indent=\"0\" data-stringify-border=\"0\">Dobieranie \u0107wicze\u0144 do poziomu zaawansowania oraz potrzeb klient\u00f3w<\/li><li data-stringify-indent=\"0\" data-stringify-border=\"0\">Dbanie o poprawn\u0105 technik\u0119, bezpiecze\u0144stwo i komfort uczestnik\u00f3w zaj\u0119\u0107<\/li><li data-stringify-indent=\"0\" data-stringify-border=\"0\">Budowanie pozytywnej atmosfery i relacji z klubowiczami<\/li><li data-stringify-indent=\"0\" data-stringify-border=\"0\">Dbanie o sprz\u0119t oraz porz\u0105dek w strefie pilates<\/li><li data-stringify-indent=\"0\" data-stringify-border=\"0\">Wsp\u00f3\u0142praca z zespo\u0142em klubu i recepcj\u0105 (<a class=\"c-link\" href=\"http:\/\/m.in\/\" target=\"_blank\" rel=\"noopener noreferrer\" data-stringify-link=\"http:\/\/m.in\" data-sk=\"tooltip_parent\">m.in<\/a>. przy ustalaniu grafiku zaj\u0119\u0107)<\/li><\/ul><\/div><div>\u00a0<\/div><div class=\"p-rich_text_section\"><b data-stringify-type=\"bold\">Wymagania:<\/b><\/div><div><ul class=\"p-rich_text_list p-rich_text_list__bullet p-rich_text_list--nested\" data-stringify-type=\"unordered-list\" data-list-tree=\"true\" data-indent=\"0\" data-border=\"0\"><li data-stringify-indent=\"0\" data-stringify-border=\"0\">Uko\u0144czone szkolenie \/ kurs z zakresu pilatesu na reformerach<\/li><li data-stringify-indent=\"0\" data-stringify-border=\"0\">Do\u015bwiadczenie w prowadzeniu zaj\u0119\u0107 pilates<\/li><li data-stringify-indent=\"0\" data-stringify-border=\"0\">Umiej\u0119tno\u015b\u0107 pracy z lud\u017ami, \u0142atwo\u015b\u0107 w komunikacji i pozytywna energia<\/li><li data-stringify-indent=\"0\" data-stringify-border=\"0\">Zaanga\u017cowanie, odpowiedzialno\u015b\u0107 i wysoka kultura osobista<\/li><li data-stringify-indent=\"0\" data-stringify-border=\"0\">Otwarto\u015b\u0107 na rozw\u00f3j, sta\u0142e podnoszenie kwalifikacji i prac\u0119 w nowoczesnym klubie<\/li><li data-stringify-indent=\"0\" data-stringify-border=\"0\"><b data-stringify-type=\"bold\">Dyspozycyjno\u015b\u0107 do prowadzenia zaj\u0119\u0107 w weekendy oraz poniedzia\u0142ki<\/b><\/li><\/ul><\/div><div>\u00a0<\/div><div class=\"p-rich_text_section\"><b data-stringify-type=\"bold\">Co oferujemy:<\/b><\/div><div><ul class=\"p-rich_text_list p-rich_text_list__bullet p-rich_text_list--nested\" data-stringify-type=\"unordered-list\" data-list-tree=\"true\" data-indent=\"0\" data-border=\"0\"><li data-stringify-indent=\"0\" data-stringify-border=\"0\">Prac\u0119 w nowoczesnym, kameralnym klubie o wyj\u0105tkowym klimacie<\/li><li data-stringify-indent=\"0\" data-stringify-border=\"0\">\u015awietne warunki do prowadzenia zaj\u0119\u0107 na reformerach \u2013 komfortowa, dobrze wyposa\u017cona strefa<\/li><li data-stringify-indent=\"0\" data-stringify-border=\"0\">Mo\u017cliwo\u015b\u0107 rozwoju zawodowego<\/li><li data-stringify-indent=\"0\" data-stringify-border=\"0\">Wsp\u00f3\u0142prac\u0119 w zgranym, otwartym zespole<\/li><\/ul><\/div><div>\u00a0<\/div><div class=\"p-rich_text_section\"><p><b>Do\u0142\u0105cz do nas i tw\u00f3rz z nami miejsce, w kt\u00f3rym Pilates na Reformerach staje si\u0119 codziennym rytua\u0142em dbania o cia\u0142o i g\u0142ow\u0119.<\/b><\/p><\/div><div>\u00a0<\/div><div>Wy\u015blij swoje CV na skrzynk\u0119\u00a0 e-mail: <a href=\"mailto:biuro@velvetgym.pl\">biuro@velvetgym.pl<\/a><\/div>\t\t\t\t\t\t\t\t<\/div>\n\t\t\t\t<\/div>\n\t\t\t\t<\/div>\n\t\t\t\t<\/div>\n\t\t\t\t\t<\/div>\n\t\t\t\t<\/div>\n\t\t\t\t<\/div>","protected":false},"excerpt":{"rendered":"<p>Oferta wsp\u00f3\u0142pracy dla Trener\u00f3w Velvet Gym w J\u00f3zefowie szuka:Instruktora Pilates Reformer\u00a0O naszym klubie:Velvet Gym to nowoczesny klub fitness w J\u00f3zefowie, kt\u00f3ry \u0142\u0105czy styl, komfort i technologie. Oferujemy naszym klientom innowacyjne treningi w formule\u00a0Nano Gym, klasyczne zaj\u0119cia fitness oraz\u00a0pilates na reformerach\u00a0\u2013 wszystko w przyjaznej, kameralnej atmosferze.Chcesz by\u0107 cz\u0119\u015bci\u0105 zespo\u0142u, kt\u00f3ry zmienia podej\u015bcie do aktywno\u015bci fizycznej?Do\u0142\u0105cz do [&hellip;]<\/p>\n","protected":false},"author":7,"featured_media":0,"parent":0,"menu_order":0,"comment_status":"closed","ping_status":"closed","template":"","meta":{"footnotes":""},"class_list":["post-1592","page","type-page","status-publish","hentry"],"yoast_head":"<!-- This site is optimized with the Yoast SEO Premium plugin v27.2 (Yoast SEO v27.4) - https:\/\/yoast.com\/product\/yoast-seo-premium-wordpress\/ -->\n<title>Praca dla trenera, do\u0142\u0105cza do naszego zespo\u0142u<\/title>\n<meta name=\"description\" content=\"Praca dla trenera. Chcesz by\u0107 cz\u0119\u015bci\u0105 zespo\u0142u, kt\u00f3ry zmienia podej\u015bcie do aktywno\u015bci fizycznej?Do\u0142\u0105cz do nas!\" \/>\n<meta name=\"robots\" content=\"index, follow, max-snippet:-1, max-image-preview:large, max-video-preview:-1\" \/>\n<link rel=\"canonical\" href=\"https:\/\/velvetgym.pl\/en\/praca-dla-trenera\/\" \/>\n<meta property=\"og:locale\" content=\"en_GB\" \/>\n<meta property=\"og:type\" content=\"article\" \/>\n<meta property=\"og:title\" content=\"Praca dla Trenera\" \/>\n<meta property=\"og:description\" content=\"Praca dla trenera. Chcesz by\u0107 cz\u0119\u015bci\u0105 zespo\u0142u, kt\u00f3ry zmienia podej\u015bcie do aktywno\u015bci fizycznej?Do\u0142\u0105cz do nas!\" \/>\n<meta property=\"og:url\" content=\"https:\/\/velvetgym.pl\/en\/praca-dla-trenera\/\" \/>\n<meta property=\"og:site_name\" content=\"Velvet Gym\" \/>\n<meta property=\"article:publisher\" content=\"https:\/\/www.facebook.com\/profile.php?id=61576771920334\" \/>\n<meta property=\"article:modified_time\" content=\"2025-12-02T23:28:11+00:00\" \/>\n<meta name=\"twitter:card\" content=\"summary_large_image\" \/>\n<meta name=\"twitter:label1\" content=\"Estimated reading time\" \/>\n\t<meta name=\"twitter:data1\" content=\"2 minutes\" \/>\n<script type=\"application\/ld+json\" class=\"yoast-schema-graph\">{\"@context\":\"https:\\\/\\\/schema.org\",\"@graph\":[{\"@type\":\"WebPage\",\"@id\":\"https:\\\/\\\/velvetgym.pl\\\/praca-dla-trenera\\\/\",\"url\":\"https:\\\/\\\/velvetgym.pl\\\/praca-dla-trenera\\\/\",\"name\":\"Praca dla trenera, do\u0142\u0105cza do naszego zespo\u0142u\",\"isPartOf\":{\"@id\":\"https:\\\/\\\/velvetgym.pl\\\/#website\"},\"datePublished\":\"2025-08-04T15:53:04+00:00\",\"dateModified\":\"2025-12-02T23:28:11+00:00\",\"description\":\"Praca dla trenera. Chcesz by\u0107 cz\u0119\u015bci\u0105 zespo\u0142u, kt\u00f3ry zmienia podej\u015bcie do aktywno\u015bci fizycznej?Do\u0142\u0105cz do nas!\",\"breadcrumb\":{\"@id\":\"https:\\\/\\\/velvetgym.pl\\\/praca-dla-trenera\\\/#breadcrumb\"},\"inLanguage\":\"en-GB\",\"potentialAction\":[{\"@type\":\"ReadAction\",\"target\":[\"https:\\\/\\\/velvetgym.pl\\\/praca-dla-trenera\\\/\"]}]},{\"@type\":\"BreadcrumbList\",\"@id\":\"https:\\\/\\\/velvetgym.pl\\\/praca-dla-trenera\\\/#breadcrumb\",\"itemListElement\":[{\"@type\":\"ListItem\",\"position\":1,\"name\":\"Strona g\u0142\u00f3wna\",\"item\":\"https:\\\/\\\/velvetgym.pl\\\/\"},{\"@type\":\"ListItem\",\"position\":2,\"name\":\"Praca dla Trenera\"}]},{\"@type\":\"WebSite\",\"@id\":\"https:\\\/\\\/velvetgym.pl\\\/#website\",\"url\":\"https:\\\/\\\/velvetgym.pl\\\/\",\"name\":\"Velvet Gym - J\u00f3zef\u00f3w\",\"description\":\"Velvet Gym \u2013 Trenuj inaczej. Nano Gym, Pilates Reformer w jednym miejscu.\",\"publisher\":{\"@id\":\"https:\\\/\\\/velvetgym.pl\\\/#organization\"},\"alternateName\":\"Velvet Gym, Nano Gym, Pilates Reformer J\u00f3zef\u00f3w\",\"potentialAction\":[{\"@type\":\"SearchAction\",\"target\":{\"@type\":\"EntryPoint\",\"urlTemplate\":\"https:\\\/\\\/velvetgym.pl\\\/?s={search_term_string}\"},\"query-input\":{\"@type\":\"PropertyValueSpecification\",\"valueRequired\":true,\"valueName\":\"search_term_string\"}}],\"inLanguage\":\"en-GB\"},{\"@type\":[\"Organization\",\"Place\",\"ExerciseGym\"],\"@id\":\"https:\\\/\\\/velvetgym.pl\\\/#organization\",\"name\":\"Velvet Gym\",\"url\":\"https:\\\/\\\/velvetgym.pl\\\/\",\"logo\":{\"@id\":\"https:\\\/\\\/velvetgym.pl\\\/praca-dla-trenera\\\/#local-main-organization-logo\"},\"image\":{\"@id\":\"https:\\\/\\\/velvetgym.pl\\\/praca-dla-trenera\\\/#local-main-organization-logo\"},\"sameAs\":[\"https:\\\/\\\/www.facebook.com\\\/profile.php?id=61576771920334\",\"https:\\\/\\\/www.instagram.com\\\/velvetgym_jozefow\\\/\"],\"address\":{\"@id\":\"https:\\\/\\\/velvetgym.pl\\\/praca-dla-trenera\\\/#local-main-place-address\"},\"telephone\":[],\"contactPoint\":{\"@type\":\"ContactPoint\",\"email\":\"kontakt@velvetgym.pl\"},\"openingHoursSpecification\":[],\"email\":\"biuro@velvetgym.pl\",\"taxID\":\"5322118945\"},{\"@type\":\"PostalAddress\",\"@id\":\"https:\\\/\\\/velvetgym.pl\\\/praca-dla-trenera\\\/#local-main-place-address\",\"streetAddress\":\"ul. Marsza\u0142ka Pi\u0142sudskiego 126a\",\"addressLocality\":\"J\u00f3zef\u00f3w\",\"postalCode\":\"05-420\",\"addressRegion\":\"Mazowieckie\",\"addressCountry\":\"PL\"},{\"@type\":\"ImageObject\",\"inLanguage\":\"en-GB\",\"@id\":\"https:\\\/\\\/velvetgym.pl\\\/praca-dla-trenera\\\/#local-main-organization-logo\",\"url\":\"https:\\\/\\\/velvetgym.pl\\\/wp-content\\\/uploads\\\/2025\\\/06\\\/cropped-Zrzut-ekranu-2025-06-16-o-13.06.41.png\",\"contentUrl\":\"https:\\\/\\\/velvetgym.pl\\\/wp-content\\\/uploads\\\/2025\\\/06\\\/cropped-Zrzut-ekranu-2025-06-16-o-13.06.41.png\",\"width\":512,\"height\":512,\"caption\":\"Velvet Gym\"}]}<\/script>\n<meta name=\"geo.placename\" content=\"J\u00f3zef\u00f3w\" \/>\n<meta name=\"geo.region\" content=\"Poland\" \/>\n<!-- \/ Yoast SEO Premium plugin. -->","yoast_head_json":{"title":"Praca dla trenera, do\u0142\u0105cza do naszego zespo\u0142u","description":"Praca dla trenera. Chcesz by\u0107 cz\u0119\u015bci\u0105 zespo\u0142u, kt\u00f3ry zmienia podej\u015bcie do aktywno\u015bci fizycznej?Do\u0142\u0105cz do nas!","robots":{"index":"index","follow":"follow","max-snippet":"max-snippet:-1","max-image-preview":"max-image-preview:large","max-video-preview":"max-video-preview:-1"},"canonical":"https:\/\/velvetgym.pl\/en\/praca-dla-trenera\/","og_locale":"en_GB","og_type":"article","og_title":"Praca dla Trenera","og_description":"Praca dla trenera. Chcesz by\u0107 cz\u0119\u015bci\u0105 zespo\u0142u, kt\u00f3ry zmienia podej\u015bcie do aktywno\u015bci fizycznej?Do\u0142\u0105cz do nas!","og_url":"https:\/\/velvetgym.pl\/en\/praca-dla-trenera\/","og_site_name":"Velvet Gym","article_publisher":"https:\/\/www.facebook.com\/profile.php?id=61576771920334","article_modified_time":"2025-12-02T23:28:11+00:00","twitter_card":"summary_large_image","twitter_misc":{"Estimated reading time":"2 minutes"},"schema":{"@context":"https:\/\/schema.org","@graph":[{"@type":"WebPage","@id":"https:\/\/velvetgym.pl\/praca-dla-trenera\/","url":"https:\/\/velvetgym.pl\/praca-dla-trenera\/","name":"Praca dla trenera, do\u0142\u0105cza do naszego zespo\u0142u","isPartOf":{"@id":"https:\/\/velvetgym.pl\/#website"},"datePublished":"2025-08-04T15:53:04+00:00","dateModified":"2025-12-02T23:28:11+00:00","description":"Praca dla trenera. Chcesz by\u0107 cz\u0119\u015bci\u0105 zespo\u0142u, kt\u00f3ry zmienia podej\u015bcie do aktywno\u015bci fizycznej?Do\u0142\u0105cz do nas!","breadcrumb":{"@id":"https:\/\/velvetgym.pl\/praca-dla-trenera\/#breadcrumb"},"inLanguage":"en-GB","potentialAction":[{"@type":"ReadAction","target":["https:\/\/velvetgym.pl\/praca-dla-trenera\/"]}]},{"@type":"BreadcrumbList","@id":"https:\/\/velvetgym.pl\/praca-dla-trenera\/#breadcrumb","itemListElement":[{"@type":"ListItem","position":1,"name":"Strona g\u0142\u00f3wna","item":"https:\/\/velvetgym.pl\/"},{"@type":"ListItem","position":2,"name":"Praca dla Trenera"}]},{"@type":"WebSite","@id":"https:\/\/velvetgym.pl\/#website","url":"https:\/\/velvetgym.pl\/","name":"Velvet Gym - J\u00f3zef\u00f3w","description":"Velvet Gym \u2013 Trenuj inaczej. Nano Gym, Pilates Reformer w jednym miejscu.","publisher":{"@id":"https:\/\/velvetgym.pl\/#organization"},"alternateName":"Velvet Gym, Nano Gym, Pilates Reformer J\u00f3zef\u00f3w","potentialAction":[{"@type":"SearchAction","target":{"@type":"EntryPoint","urlTemplate":"https:\/\/velvetgym.pl\/?s={search_term_string}"},"query-input":{"@type":"PropertyValueSpecification","valueRequired":true,"valueName":"search_term_string"}}],"inLanguage":"en-GB"},{"@type":["Organization","Place","ExerciseGym"],"@id":"https:\/\/velvetgym.pl\/#organization","name":"Velvet Gym","url":"https:\/\/velvetgym.pl\/","logo":{"@id":"https:\/\/velvetgym.pl\/praca-dla-trenera\/#local-main-organization-logo"},"image":{"@id":"https:\/\/velvetgym.pl\/praca-dla-trenera\/#local-main-organization-logo"},"sameAs":["https:\/\/www.facebook.com\/profile.php?id=61576771920334","https:\/\/www.instagram.com\/velvetgym_jozefow\/"],"address":{"@id":"https:\/\/velvetgym.pl\/praca-dla-trenera\/#local-main-place-address"},"telephone":[],"contactPoint":{"@type":"ContactPoint","email":"kontakt@velvetgym.pl"},"openingHoursSpecification":[],"email":"biuro@velvetgym.pl","taxID":"5322118945"},{"@type":"PostalAddress","@id":"https:\/\/velvetgym.pl\/praca-dla-trenera\/#local-main-place-address","streetAddress":"ul. Marsza\u0142ka Pi\u0142sudskiego 126a","addressLocality":"J\u00f3zef\u00f3w","postalCode":"05-420","addressRegion":"Mazowieckie","addressCountry":"PL"},{"@type":"ImageObject","inLanguage":"en-GB","@id":"https:\/\/velvetgym.pl\/praca-dla-trenera\/#local-main-organization-logo","url":"https:\/\/velvetgym.pl\/wp-content\/uploads\/2025\/06\/cropped-Zrzut-ekranu-2025-06-16-o-13.06.41.png","contentUrl":"https:\/\/velvetgym.pl\/wp-content\/uploads\/2025\/06\/cropped-Zrzut-ekranu-2025-06-16-o-13.06.41.png","width":512,"height":512,"caption":"Velvet Gym"}]},"geo.placename":"J\u00f3zef\u00f3w","geo.region":"Poland"},"_links":{"self":[{"href":"https:\/\/velvetgym.pl\/en\/wp-json\/wp\/v2\/pages\/1592","targetHints":{"allow":["GET"]}}],"collection":[{"href":"https:\/\/velvetgym.pl\/en\/wp-json\/wp\/v2\/pages"}],"about":[{"href":"https:\/\/velvetgym.pl\/en\/wp-json\/wp\/v2\/types\/page"}],"author":[{"embeddable":true,"href":"https:\/\/velvetgym.pl\/en\/wp-json\/wp\/v2\/users\/7"}],"replies":[{"embeddable":true,"href":"https:\/\/velvetgym.pl\/en\/wp-json\/wp\/v2\/comments?post=1592"}],"version-history":[{"count":22,"href":"https:\/\/velvetgym.pl\/en\/wp-json\/wp\/v2\/pages\/1592\/revisions"}],"predecessor-version":[{"id":2992,"href":"https:\/\/velvetgym.pl\/en\/wp-json\/wp\/v2\/pages\/1592\/revisions\/2992"}],"wp:attachment":[{"href":"https:\/\/velvetgym.pl\/en\/wp-json\/wp\/v2\/media?parent=1592"}],"curies":[{"name":"wp","href":"https:\/\/api.w.org\/{rel}","templated":true}]}}