{"id":1292,"date":"2025-07-17T23:18:08","date_gmt":"2025-07-17T21:18:08","guid":{"rendered":"https:\/\/velvetgym.pl\/?page_id=1292"},"modified":"2025-11-25T18:58:46","modified_gmt":"2025-11-25T17:58:46","slug":"jak-wejsc","status":"publish","type":"page","link":"https:\/\/velvetgym.pl\/en\/jak-wejsc\/","title":{"rendered":"jak wejsc"},"content":{"rendered":"<style>.elementor-1292 .elementor-element.elementor-element-241df9c{--display:flex;--flex-direction:column;--container-widget-width:calc( ( 1 - var( --container-widget-flex-grow ) ) * 100% );--container-widget-height:initial;--container-widget-flex-grow:0;--container-widget-align-self:initial;--flex-wrap-mobile:wrap;--align-items:stretch;--gap:0px 0px;--row-gap:0px;--column-gap:0px;--padding-top:20px;--padding-bottom:0px;--padding-left:0px;--padding-right:0px;}.elementor-1292 .elementor-element.elementor-element-241df9c:not(.elementor-motion-effects-element-type-background), .elementor-1292 .elementor-element.elementor-element-241df9c > .elementor-motion-effects-container > .elementor-motion-effects-layer{background-color:transparent;background-image:linear-gradient(90deg, var( --e-global-color-primary ) 0%, var( --e-global-color-text ) 100%);}.elementor-1292 .elementor-element.elementor-element-a6f50c2{text-align:start;}.elementor-1292 .elementor-element.elementor-element-a6f50c2 .elementor-heading-title{font-family:\"Oswald\", Sans-serif;font-size:42px;font-weight:600;text-decoration:none;line-height:1em;letter-spacing:-1.5px;word-spacing:5px;color:var( --e-global-color-accent );}.elementor-1292 .elementor-element.elementor-element-a6f50c2 > .elementor-widget-container{margin:0px 0px 0px 0px;padding:0px 0px 0px 0px;}.elementor-1292 .elementor-element.elementor-element-a6f50c2.elementor-element{--align-self:flex-start;}.elementor-1292 .elementor-element.elementor-element-c90b592{--display:flex;--margin-top:20px;--margin-bottom:0px;--margin-left:0px;--margin-right:0px;}.elementor-1292 .elementor-element.elementor-element-2420209{text-align:start;}.elementor-1292 .elementor-element.elementor-element-2420209 .elementor-heading-title{font-family:\"Oswald\", Sans-serif;font-size:35px;font-weight:400;text-transform:none;text-decoration:none;line-height:1.4em;color:var( --e-global-color-accent );}.elementor-1292 .elementor-element.elementor-element-2420209 > .elementor-widget-container{margin:0px 0px 0px 0px;padding:0px 0px 0px 0px;}.elementor-1292 .elementor-element.elementor-element-2420209.elementor-element{--align-self:flex-start;}.elementor-1292 .elementor-element.elementor-element-8886977{font-family:\"Poppins\", Sans-serif;font-size:20px;font-weight:300;text-transform:none;text-decoration:none;line-height:1.6em;letter-spacing:0px;color:var( --e-global-color-accent );}.elementor-1292 .elementor-element.elementor-element-8886977 > .elementor-widget-container{padding:0px 0px 0px 0px;}@media(min-width:768px){.elementor-1292 .elementor-element.elementor-element-241df9c{--content-width:1290px;}}@media(max-width:1024px) and (min-width:768px){.elementor-1292 .elementor-element.elementor-element-c90b592{--width:100%;}}@media(max-width:1024px){.elementor-1292 .elementor-element.elementor-element-241df9c{--padding-top:20px;--padding-bottom:20px;--padding-left:10px;--padding-right:10px;}.elementor-1292 .elementor-element.elementor-element-a6f50c2 .elementor-heading-title{font-size:38px;line-height:1em;}.elementor-1292 .elementor-element.elementor-element-2420209 .elementor-heading-title{font-size:30px;line-height:1.4em;}.elementor-1292 .elementor-element.elementor-element-8886977{font-size:16px;line-height:1.6em;}.elementor-1292 .elementor-element.elementor-element-8886977 > .elementor-widget-container{padding:0px 0px 0px 0px;}}@media(max-width:767px){.elementor-1292 .elementor-element.elementor-element-241df9c{--flex-direction:column;--container-widget-width:100%;--container-widget-height:initial;--container-widget-flex-grow:0;--container-widget-align-self:initial;--flex-wrap-mobile:wrap;}.elementor-1292 .elementor-element.elementor-element-a6f50c2 .elementor-heading-title{font-size:30px;line-height:1.2em;}.elementor-1292 .elementor-element.elementor-element-a6f50c2{width:auto;max-width:auto;}.elementor-1292 .elementor-element.elementor-element-2420209 .elementor-heading-title{font-size:26px;line-height:1.3em;}.elementor-1292 .elementor-element.elementor-element-2420209{width:auto;max-width:auto;}.elementor-1292 .elementor-element.elementor-element-8886977{font-size:16px;line-height:1.6em;}}<\/style>\t\t<div data-elementor-type=\"wp-page\" data-elementor-id=\"1292\" class=\"elementor elementor-1292\" data-elementor-post-type=\"page\">\n\t\t\t\t<div class=\"elementor-element elementor-element-241df9c e-flex e-con-boxed e-con e-parent\" data-id=\"241df9c\" data-element_type=\"container\" data-e-type=\"container\" data-settings=\"{&quot;background_background&quot;:&quot;gradient&quot;}\">\n\t\t\t\t\t<div class=\"e-con-inner\">\n\t\t\t\t<div class=\"elementor-element elementor-element-a6f50c2 elementor-widget-mobile__width-auto elementor-widget elementor-widget-heading\" data-id=\"a6f50c2\" data-element_type=\"widget\" data-e-type=\"widget\" data-widget_type=\"heading.default\">\n\t\t\t\t<div class=\"elementor-widget-container\">\n\t\t\t\t\t<h1 class=\"elementor-heading-title elementor-size-default\">Velvet Gym club entry instructions<\/h1>\t\t\t\t<\/div>\n\t\t\t\t<\/div>\n\t\t<div class=\"elementor-element elementor-element-c90b592 e-con-full e-flex e-con e-child\" data-id=\"c90b592\" data-element_type=\"container\" data-e-type=\"container\">\n\t\t\t\t<div class=\"elementor-element elementor-element-2420209 elementor-widget-mobile__width-auto elementor-widget elementor-widget-heading\" data-id=\"2420209\" data-element_type=\"widget\" data-e-type=\"widget\" data-widget_type=\"heading.default\">\n\t\t\t\t<div class=\"elementor-widget-container\">\n\t\t\t\t\t<h2 class=\"elementor-heading-title elementor-size-default\">Joining Velvet Gym is quick and convenient with the eFitness app. Just a few simple steps:<\/h2>\t\t\t\t<\/div>\n\t\t\t\t<\/div>\n\t\t\t\t<div class=\"elementor-element elementor-element-8886977 elementor-widget elementor-widget-text-editor\" data-id=\"8886977\" data-element_type=\"widget\" data-e-type=\"widget\" data-widget_type=\"text-editor.default\">\n\t\t\t\t<div class=\"elementor-widget-container\">\n\t\t\t\t\t\t\t\t\t<p><b>1. Download the eFitness app<\/b><\/p><p><span style=\"font-weight: 400;\">Select the appropriate version for your phone:<\/span><\/p><ul style=\"list-style-type: none; padding-left: 0; margin-top: 10px;\"><li style=\"margin-bottom: 10px;\"><a style=\"color: white; text-decoration: none;\" href=\"https:\/\/apps.apple.com\/pl\/app\/efitnessapp\/id1054978020?l=pl\"><br \/><img decoding=\"async\" style=\"height: 40px; vertical-align: middle;\" src=\"https:\/\/developer.apple.com\/assets\/elements\/badges\/download-on-the-app-store.svg\" alt=\"App Store\" \/><br \/><\/a><\/li><li><a style=\"color: white; text-decoration: none;\" href=\"https:\/\/play.google.com\/store\/apps\/details?id=pl.efitness.mobile&amp;pcampaignid=web_share\"><br \/><img decoding=\"async\" style=\"height: 40px; vertical-align: middle;\" src=\"https:\/\/upload.wikimedia.org\/wikipedia\/commons\/7\/78\/Google_Play_Store_badge_EN.svg\" alt=\"Google Play\" \/><br \/><\/a><\/li><\/ul><p>\u00a0<\/p><p><b>2. Register in the app<\/b><\/p><p><span style=\"font-weight: 400;\">Sign up using <\/span><b>email address assigned to your phone<\/b><span style=\"font-weight: 400;\"> (e.g. Apple ID or Google account) to activate the app.<\/span><\/p><p><i><span style=\"font-weight: 400;\">Note: This email address is only used to launch the application - it does not have to be the same as the address you use to log in to your club account.<\/span><\/i><\/p><p>\u00a0<\/p><p><b>3. Choose Velvet Gym club<\/b><\/p><p><span style=\"font-weight: 400;\">After launching the application, select our club: <\/span><b>Velvet Gym<\/b><span style=\"font-weight: 400;\">.<\/span><\/p><p>\u00a0<\/p><p><b>4. Log in or start your membership<\/b><\/p><p><span style=\"font-weight: 400;\">If <\/span><b>you already have an active membership<\/b><span style=\"font-weight: 400;\"> \u2013 click &quot;Log in&quot; and enter <\/span><b>e-mail address used when registering at Velvet Gym<\/b><span style=\"font-weight: 400;\"> (i.e. the one you provided when purchasing the pass).<\/span><\/p><p><span style=\"font-weight: 400;\">If <\/span><b>you don&#039;t have a membership yet<\/b><span style=\"font-weight: 400;\"> \u2013 click \u201eGet Started\u201d, select the membership you are interested in and complete your purchase online in the app.<\/span><\/p><p>\u00a0<\/p><p><b>5. Use the app to log in<\/b><\/p><p><span style=\"font-weight: 400;\">Click in the app <\/span><b>\u201e&quot;QR Code&quot;\u201d<\/b><span style=\"font-weight: 400;\">, and then:<\/span><\/p><ul><li style=\"font-weight: 400;\" aria-level=\"1\"><span style=\"font-weight: 400;\">Bring the generated code closer to <\/span><b>reader on the left side of the entrance door<\/b><span style=\"font-weight: 400;\"> to the club.<\/span><\/li><li aria-level=\"1\">Bring the generated code closer to the gate on the right<\/li><\/ul><p>\u00a0<\/p><p><span style=\"font-weight: 400;\">Ready!<\/span><span style=\"font-weight: 400;\"><br \/><\/span><span style=\"font-weight: 400;\">Have a nice workout at Velvet Gym!<\/span><\/p>\t\t\t\t\t\t\t\t<\/div>\n\t\t\t\t<\/div>\n\t\t\t\t<\/div>\n\t\t\t\t\t<\/div>\n\t\t\t\t<\/div>\n\t\t\t\t<\/div>","protected":false},"excerpt":{"rendered":"<p>Instrukcja wej\u015bcia do klubu Velvet Gym Wej\u015bcie do klubu Velvet Gym jest szybkie i wygodne dzi\u0119ki aplikacji eFitness. Wystarczy kilka prostych krok\u00f3w: 1. Pobierz aplikacj\u0119 eFitness Wybierz odpowiedni\u0105 wersj\u0119 dla swojego telefonu: \u00a0 2. Zarejestruj si\u0119 w aplikacji Zarejestruj si\u0119, u\u017cywaj\u0105c adresu e-mail przypisanego do Twojego telefonu (np. konta Apple ID lub Google), aby aktywowa\u0107 [&hellip;]<\/p>\n","protected":false},"author":7,"featured_media":0,"parent":0,"menu_order":0,"comment_status":"closed","ping_status":"closed","template":"","meta":{"footnotes":""},"class_list":["post-1292","page","type-page","status-publish","hentry"],"yoast_head":"<!-- This site is optimized with the Yoast SEO Premium plugin v27.2 (Yoast SEO v27.4) - https:\/\/yoast.com\/product\/yoast-seo-premium-wordpress\/ -->\n<title>Jak wej\u015b\u0107 do klubu z aplikacj\u0105 eFitness i zacz\u0105\u0107 swoj\u0105 przygod\u0119 - Velvet Gym<\/title>\n<meta name=\"description\" content=\"Dowiedz si\u0119, jak wej\u015b\u0107 do klubu z aplikacj\u0105 eFitntess i samodzielnie korzysta\u0107 z nowoczesnego sprz\u0119tu w strefie Nano Gym\" \/>\n<meta name=\"robots\" content=\"index, follow, max-snippet:-1, max-image-preview:large, max-video-preview:-1\" \/>\n<link rel=\"canonical\" href=\"https:\/\/velvetgym.pl\/en\/jak-wejsc\/\" \/>\n<meta property=\"og:locale\" content=\"en_GB\" \/>\n<meta property=\"og:type\" content=\"article\" \/>\n<meta property=\"og:title\" content=\"jak wejsc\" \/>\n<meta property=\"og:description\" content=\"Dowiedz si\u0119, jak wej\u015b\u0107 do klubu z aplikacj\u0105 eFitntess i samodzielnie korzysta\u0107 z nowoczesnego sprz\u0119tu w strefie Nano Gym\" \/>\n<meta property=\"og:url\" content=\"https:\/\/velvetgym.pl\/en\/jak-wejsc\/\" \/>\n<meta property=\"og:site_name\" content=\"Velvet Gym\" \/>\n<meta property=\"article:publisher\" content=\"https:\/\/www.facebook.com\/profile.php?id=61576771920334\" \/>\n<meta property=\"article:modified_time\" content=\"2025-11-25T17:58:46+00:00\" \/>\n<meta property=\"og:image\" content=\"https:\/\/developer.apple.com\/assets\/elements\/badges\/download-on-the-app-store.svg\" \/>\n<meta name=\"twitter:card\" content=\"summary_large_image\" \/>\n<meta name=\"twitter:label1\" content=\"Estimated reading time\" \/>\n\t<meta name=\"twitter:data1\" content=\"2 minutes\" \/>\n<script type=\"application\/ld+json\" class=\"yoast-schema-graph\">{\"@context\":\"https:\\\/\\\/schema.org\",\"@graph\":[{\"@type\":\"WebPage\",\"@id\":\"https:\\\/\\\/velvetgym.pl\\\/jak-wejsc\\\/\",\"url\":\"https:\\\/\\\/velvetgym.pl\\\/jak-wejsc\\\/\",\"name\":\"Jak wej\u015b\u0107 do klubu z aplikacj\u0105 eFitness i zacz\u0105\u0107 swoj\u0105 przygod\u0119 - Velvet Gym\",\"isPartOf\":{\"@id\":\"https:\\\/\\\/velvetgym.pl\\\/#website\"},\"primaryImageOfPage\":{\"@id\":\"https:\\\/\\\/velvetgym.pl\\\/jak-wejsc\\\/#primaryimage\"},\"image\":{\"@id\":\"https:\\\/\\\/velvetgym.pl\\\/jak-wejsc\\\/#primaryimage\"},\"thumbnailUrl\":\"https:\\\/\\\/developer.apple.com\\\/assets\\\/elements\\\/badges\\\/download-on-the-app-store.svg\",\"datePublished\":\"2025-07-17T21:18:08+00:00\",\"dateModified\":\"2025-11-25T17:58:46+00:00\",\"description\":\"Dowiedz si\u0119, jak wej\u015b\u0107 do klubu z aplikacj\u0105 eFitntess i samodzielnie korzysta\u0107 z nowoczesnego sprz\u0119tu w strefie Nano Gym\",\"breadcrumb\":{\"@id\":\"https:\\\/\\\/velvetgym.pl\\\/jak-wejsc\\\/#breadcrumb\"},\"inLanguage\":\"en-GB\",\"potentialAction\":[{\"@type\":\"ReadAction\",\"target\":[\"https:\\\/\\\/velvetgym.pl\\\/jak-wejsc\\\/\"]}]},{\"@type\":\"ImageObject\",\"inLanguage\":\"en-GB\",\"@id\":\"https:\\\/\\\/velvetgym.pl\\\/jak-wejsc\\\/#primaryimage\",\"url\":\"https:\\\/\\\/developer.apple.com\\\/assets\\\/elements\\\/badges\\\/download-on-the-app-store.svg\",\"contentUrl\":\"https:\\\/\\\/developer.apple.com\\\/assets\\\/elements\\\/badges\\\/download-on-the-app-store.svg\"},{\"@type\":\"BreadcrumbList\",\"@id\":\"https:\\\/\\\/velvetgym.pl\\\/jak-wejsc\\\/#breadcrumb\",\"itemListElement\":[{\"@type\":\"ListItem\",\"position\":1,\"name\":\"Strona g\u0142\u00f3wna\",\"item\":\"https:\\\/\\\/velvetgym.pl\\\/\"},{\"@type\":\"ListItem\",\"position\":2,\"name\":\"jak wejsc\"}]},{\"@type\":\"WebSite\",\"@id\":\"https:\\\/\\\/velvetgym.pl\\\/#website\",\"url\":\"https:\\\/\\\/velvetgym.pl\\\/\",\"name\":\"Velvet Gym - J\u00f3zef\u00f3w\",\"description\":\"Velvet Gym \u2013 Trenuj inaczej. Nano Gym, Pilates Reformer w jednym miejscu.\",\"publisher\":{\"@id\":\"https:\\\/\\\/velvetgym.pl\\\/#organization\"},\"alternateName\":\"Velvet Gym, Nano Gym, Pilates Reformer J\u00f3zef\u00f3w\",\"potentialAction\":[{\"@type\":\"SearchAction\",\"target\":{\"@type\":\"EntryPoint\",\"urlTemplate\":\"https:\\\/\\\/velvetgym.pl\\\/?s={search_term_string}\"},\"query-input\":{\"@type\":\"PropertyValueSpecification\",\"valueRequired\":true,\"valueName\":\"search_term_string\"}}],\"inLanguage\":\"en-GB\"},{\"@type\":[\"Organization\",\"Place\",\"ExerciseGym\"],\"@id\":\"https:\\\/\\\/velvetgym.pl\\\/#organization\",\"name\":\"Velvet Gym\",\"url\":\"https:\\\/\\\/velvetgym.pl\\\/\",\"logo\":{\"@id\":\"https:\\\/\\\/velvetgym.pl\\\/jak-wejsc\\\/#local-main-organization-logo\"},\"image\":{\"@id\":\"https:\\\/\\\/velvetgym.pl\\\/jak-wejsc\\\/#local-main-organization-logo\"},\"sameAs\":[\"https:\\\/\\\/www.facebook.com\\\/profile.php?id=61576771920334\",\"https:\\\/\\\/www.instagram.com\\\/velvetgym_jozefow\\\/\"],\"address\":{\"@id\":\"https:\\\/\\\/velvetgym.pl\\\/jak-wejsc\\\/#local-main-place-address\"},\"telephone\":[],\"contactPoint\":{\"@type\":\"ContactPoint\",\"email\":\"kontakt@velvetgym.pl\"},\"openingHoursSpecification\":[],\"email\":\"biuro@velvetgym.pl\",\"taxID\":\"5322118945\"},{\"@type\":\"PostalAddress\",\"@id\":\"https:\\\/\\\/velvetgym.pl\\\/jak-wejsc\\\/#local-main-place-address\",\"streetAddress\":\"ul. Marsza\u0142ka Pi\u0142sudskiego 126a\",\"addressLocality\":\"J\u00f3zef\u00f3w\",\"postalCode\":\"05-420\",\"addressRegion\":\"Mazowieckie\",\"addressCountry\":\"PL\"},{\"@type\":\"ImageObject\",\"inLanguage\":\"en-GB\",\"@id\":\"https:\\\/\\\/velvetgym.pl\\\/jak-wejsc\\\/#local-main-organization-logo\",\"url\":\"https:\\\/\\\/velvetgym.pl\\\/wp-content\\\/uploads\\\/2025\\\/06\\\/cropped-Zrzut-ekranu-2025-06-16-o-13.06.41.png\",\"contentUrl\":\"https:\\\/\\\/velvetgym.pl\\\/wp-content\\\/uploads\\\/2025\\\/06\\\/cropped-Zrzut-ekranu-2025-06-16-o-13.06.41.png\",\"width\":512,\"height\":512,\"caption\":\"Velvet Gym\"}]}<\/script>\n<meta name=\"geo.placename\" content=\"J\u00f3zef\u00f3w\" \/>\n<meta name=\"geo.region\" content=\"Poland\" \/>\n<!-- \/ Yoast SEO Premium plugin. -->","yoast_head_json":{"title":"Jak wej\u015b\u0107 do klubu z aplikacj\u0105 eFitness i zacz\u0105\u0107 swoj\u0105 przygod\u0119 - Velvet Gym","description":"Dowiedz si\u0119, jak wej\u015b\u0107 do klubu z aplikacj\u0105 eFitntess i samodzielnie korzysta\u0107 z nowoczesnego sprz\u0119tu w strefie Nano Gym","robots":{"index":"index","follow":"follow","max-snippet":"max-snippet:-1","max-image-preview":"max-image-preview:large","max-video-preview":"max-video-preview:-1"},"canonical":"https:\/\/velvetgym.pl\/en\/jak-wejsc\/","og_locale":"en_GB","og_type":"article","og_title":"jak wejsc","og_description":"Dowiedz si\u0119, jak wej\u015b\u0107 do klubu z aplikacj\u0105 eFitntess i samodzielnie korzysta\u0107 z nowoczesnego sprz\u0119tu w strefie Nano Gym","og_url":"https:\/\/velvetgym.pl\/en\/jak-wejsc\/","og_site_name":"Velvet Gym","article_publisher":"https:\/\/www.facebook.com\/profile.php?id=61576771920334","article_modified_time":"2025-11-25T17:58:46+00:00","og_image":[{"url":"https:\/\/developer.apple.com\/assets\/elements\/badges\/download-on-the-app-store.svg","type":"","width":"","height":""}],"twitter_card":"summary_large_image","twitter_misc":{"Estimated reading time":"2 minutes"},"schema":{"@context":"https:\/\/schema.org","@graph":[{"@type":"WebPage","@id":"https:\/\/velvetgym.pl\/jak-wejsc\/","url":"https:\/\/velvetgym.pl\/jak-wejsc\/","name":"Jak wej\u015b\u0107 do klubu z aplikacj\u0105 eFitness i zacz\u0105\u0107 swoj\u0105 przygod\u0119 - Velvet Gym","isPartOf":{"@id":"https:\/\/velvetgym.pl\/#website"},"primaryImageOfPage":{"@id":"https:\/\/velvetgym.pl\/jak-wejsc\/#primaryimage"},"image":{"@id":"https:\/\/velvetgym.pl\/jak-wejsc\/#primaryimage"},"thumbnailUrl":"https:\/\/developer.apple.com\/assets\/elements\/badges\/download-on-the-app-store.svg","datePublished":"2025-07-17T21:18:08+00:00","dateModified":"2025-11-25T17:58:46+00:00","description":"Dowiedz si\u0119, jak wej\u015b\u0107 do klubu z aplikacj\u0105 eFitntess i samodzielnie korzysta\u0107 z nowoczesnego sprz\u0119tu w strefie Nano Gym","breadcrumb":{"@id":"https:\/\/velvetgym.pl\/jak-wejsc\/#breadcrumb"},"inLanguage":"en-GB","potentialAction":[{"@type":"ReadAction","target":["https:\/\/velvetgym.pl\/jak-wejsc\/"]}]},{"@type":"ImageObject","inLanguage":"en-GB","@id":"https:\/\/velvetgym.pl\/jak-wejsc\/#primaryimage","url":"https:\/\/developer.apple.com\/assets\/elements\/badges\/download-on-the-app-store.svg","contentUrl":"https:\/\/developer.apple.com\/assets\/elements\/badges\/download-on-the-app-store.svg"},{"@type":"BreadcrumbList","@id":"https:\/\/velvetgym.pl\/jak-wejsc\/#breadcrumb","itemListElement":[{"@type":"ListItem","position":1,"name":"Strona g\u0142\u00f3wna","item":"https:\/\/velvetgym.pl\/"},{"@type":"ListItem","position":2,"name":"jak wejsc"}]},{"@type":"WebSite","@id":"https:\/\/velvetgym.pl\/#website","url":"https:\/\/velvetgym.pl\/","name":"Velvet Gym - J\u00f3zef\u00f3w","description":"Velvet Gym \u2013 Trenuj inaczej. Nano Gym, Pilates Reformer w jednym miejscu.","publisher":{"@id":"https:\/\/velvetgym.pl\/#organization"},"alternateName":"Velvet Gym, Nano Gym, Pilates Reformer J\u00f3zef\u00f3w","potentialAction":[{"@type":"SearchAction","target":{"@type":"EntryPoint","urlTemplate":"https:\/\/velvetgym.pl\/?s={search_term_string}"},"query-input":{"@type":"PropertyValueSpecification","valueRequired":true,"valueName":"search_term_string"}}],"inLanguage":"en-GB"},{"@type":["Organization","Place","ExerciseGym"],"@id":"https:\/\/velvetgym.pl\/#organization","name":"Velvet Gym","url":"https:\/\/velvetgym.pl\/","logo":{"@id":"https:\/\/velvetgym.pl\/jak-wejsc\/#local-main-organization-logo"},"image":{"@id":"https:\/\/velvetgym.pl\/jak-wejsc\/#local-main-organization-logo"},"sameAs":["https:\/\/www.facebook.com\/profile.php?id=61576771920334","https:\/\/www.instagram.com\/velvetgym_jozefow\/"],"address":{"@id":"https:\/\/velvetgym.pl\/jak-wejsc\/#local-main-place-address"},"telephone":[],"contactPoint":{"@type":"ContactPoint","email":"kontakt@velvetgym.pl"},"openingHoursSpecification":[],"email":"biuro@velvetgym.pl","taxID":"5322118945"},{"@type":"PostalAddress","@id":"https:\/\/velvetgym.pl\/jak-wejsc\/#local-main-place-address","streetAddress":"ul. Marsza\u0142ka Pi\u0142sudskiego 126a","addressLocality":"J\u00f3zef\u00f3w","postalCode":"05-420","addressRegion":"Mazowieckie","addressCountry":"PL"},{"@type":"ImageObject","inLanguage":"en-GB","@id":"https:\/\/velvetgym.pl\/jak-wejsc\/#local-main-organization-logo","url":"https:\/\/velvetgym.pl\/wp-content\/uploads\/2025\/06\/cropped-Zrzut-ekranu-2025-06-16-o-13.06.41.png","contentUrl":"https:\/\/velvetgym.pl\/wp-content\/uploads\/2025\/06\/cropped-Zrzut-ekranu-2025-06-16-o-13.06.41.png","width":512,"height":512,"caption":"Velvet Gym"}]},"geo.placename":"J\u00f3zef\u00f3w","geo.region":"Poland"},"_links":{"self":[{"href":"https:\/\/velvetgym.pl\/en\/wp-json\/wp\/v2\/pages\/1292","targetHints":{"allow":["GET"]}}],"collection":[{"href":"https:\/\/velvetgym.pl\/en\/wp-json\/wp\/v2\/pages"}],"about":[{"href":"https:\/\/velvetgym.pl\/en\/wp-json\/wp\/v2\/types\/page"}],"author":[{"embeddable":true,"href":"https:\/\/velvetgym.pl\/en\/wp-json\/wp\/v2\/users\/7"}],"replies":[{"embeddable":true,"href":"https:\/\/velvetgym.pl\/en\/wp-json\/wp\/v2\/comments?post=1292"}],"version-history":[{"count":41,"href":"https:\/\/velvetgym.pl\/en\/wp-json\/wp\/v2\/pages\/1292\/revisions"}],"predecessor-version":[{"id":2672,"href":"https:\/\/velvetgym.pl\/en\/wp-json\/wp\/v2\/pages\/1292\/revisions\/2672"}],"wp:attachment":[{"href":"https:\/\/velvetgym.pl\/en\/wp-json\/wp\/v2\/media?parent=1292"}],"curies":[{"name":"wp","href":"https:\/\/api.w.org\/{rel}","templated":true}]}}